{"id":1530,"date":"2013-10-31T22:02:07","date_gmt":"2013-10-31T22:02:07","guid":{"rendered":"http:\/\/www.humbertoramos.net\/cifras\/?page_id=1530"},"modified":"2013-10-31T22:02:07","modified_gmt":"2013-10-31T22:02:07","slug":"teclas","status":"publish","type":"page","link":"https:\/\/www.humbertoramos.net\/cifras\/musicos\/teclas\/","title":{"rendered":"Teclas"},"content":{"rendered":"<ul class=\"lcp_catlist\" id=\"lcp_instance_0\"><li><a href=\"https:\/\/www.humbertoramos.net\/cifras\/1276\/\">Alvino Lima<\/a><\/li><li><a href=\"https:\/\/www.humbertoramos.net\/cifras\/augusto-pires\/\">Augusto Pires<\/a><\/li><li><a href=\"https:\/\/www.humbertoramos.net\/cifras\/carlos-matos\/\">Carlos Matos<\/a><\/li><li><a href=\"https:\/\/www.humbertoramos.net\/cifras\/claudio-kr-ramos\/\">Claudio Kr Ramos<\/a><\/li><li><a href=\"https:\/\/www.humbertoramos.net\/cifras\/diego-neves\/\">Diego Neves<\/a><\/li><li><a href=\"https:\/\/www.humbertoramos.net\/cifras\/duka\/\">Duka<\/a><\/li><li><a href=\"https:\/\/www.humbertoramos.net\/cifras\/humberto-ramos\/\">Humberto Ramos<\/a><\/li><li><a href=\"https:\/\/www.humbertoramos.net\/cifras\/jose-afonso\/\">Jos\u00e9 Afonso<\/a><\/li><li><a href=\"https:\/\/www.humbertoramos.net\/cifras\/kalu-ferreira\/\">Kalu Ferreira<\/a><\/li><li><a href=\"https:\/\/www.humbertoramos.net\/cifras\/luis-moreno\/\">Luis Moreno<\/a><\/li><li><a href=\"https:\/\/www.humbertoramos.net\/cifras\/moises-ramos\/\">Mois\u00e9s Ramos<\/a><\/li><li><a href=\"https:\/\/www.humbertoramos.net\/cifras\/tchenta-neves\/\">Tchenta Neves<\/a><\/li><li><a href=\"https:\/\/www.humbertoramos.net\/cifras\/vadu-melicio\/\">Vad\u00fa Mel\u00edcio<\/a><\/li><li><a href=\"https:\/\/www.humbertoramos.net\/cifras\/vava-medina\/\">Vava Medina<\/a><\/li><\/ul>\n<div><\/div>\n","protected":false},"excerpt":{"rendered":"Alvino LimaAugusto PiresCarlos MatosClaudio Kr RamosDiego NevesDukaHumberto RamosJos\u00e9 AfonsoKalu FerreiraLuis MorenoMois\u00e9s RamosTchenta NevesVad\u00fa Mel\u00edcioVava Medina","protected":false},"author":1,"featured_media":0,"parent":1053,"menu_order":0,"comment_status":"closed","ping_status":"closed","template":"","meta":{"spay_email":"","footnotes":""},"class_list":["post-1530","page","type-page","status-publish","hentry"],"_links":{"self":[{"href":"https:\/\/www.humbertoramos.net\/cifras\/wp-json\/wp\/v2\/pages\/1530","targetHints":{"allow":["GET"]}}],"collection":[{"href":"https:\/\/www.humbertoramos.net\/cifras\/wp-json\/wp\/v2\/pages"}],"about":[{"href":"https:\/\/www.humbertoramos.net\/cifras\/wp-json\/wp\/v2\/types\/page"}],"author":[{"embeddable":true,"href":"https:\/\/www.humbertoramos.net\/cifras\/wp-json\/wp\/v2\/users\/1"}],"replies":[{"embeddable":true,"href":"https:\/\/www.humbertoramos.net\/cifras\/wp-json\/wp\/v2\/comments?post=1530"}],"version-history":[{"count":1,"href":"https:\/\/www.humbertoramos.net\/cifras\/wp-json\/wp\/v2\/pages\/1530\/revisions"}],"predecessor-version":[{"id":1531,"href":"https:\/\/www.humbertoramos.net\/cifras\/wp-json\/wp\/v2\/pages\/1530\/revisions\/1531"}],"up":[{"embeddable":true,"href":"https:\/\/www.humbertoramos.net\/cifras\/wp-json\/wp\/v2\/pages\/1053"}],"wp:attachment":[{"href":"https:\/\/www.humbertoramos.net\/cifras\/wp-json\/wp\/v2\/media?parent=1530"}],"curies":[{"name":"wp","href":"https:\/\/api.w.org\/{rel}","templated":true}]}}