{"id":1532,"date":"2013-10-31T22:02:33","date_gmt":"2013-10-31T22:02:33","guid":{"rendered":"http:\/\/www.humbertoramos.net\/cifras\/?page_id=1532"},"modified":"2013-10-31T22:03:43","modified_gmt":"2013-10-31T22:03:43","slug":"voz","status":"publish","type":"page","link":"https:\/\/www.humbertoramos.net\/cifras\/musicos\/voz\/","title":{"rendered":"Voz"},"content":{"rendered":"<ul class=\"lcp_catlist\" id=\"lcp_instance_0\"><li><a href=\"https:\/\/www.humbertoramos.net\/cifras\/americo-brito\/\">Am\u00e9rico Brito<\/a><\/li><li><a href=\"https:\/\/www.humbertoramos.net\/cifras\/armindo-pires\/\">Armindo Pires<\/a><\/li><li><a href=\"https:\/\/www.humbertoramos.net\/cifras\/ary-morais\/\">Ary Morais<\/a><\/li><li><a href=\"https:\/\/www.humbertoramos.net\/cifras\/bonga\/\">Bonga<\/a><\/li><li><a href=\"https:\/\/www.humbertoramos.net\/cifras\/calu-bana-2\/\">Calu Bana<\/a><\/li><li><a href=\"https:\/\/www.humbertoramos.net\/cifras\/carla-correia\/\">Carla Correia<\/a><\/li><li><a href=\"https:\/\/www.humbertoramos.net\/cifras\/dick-barros\/\">Dick Barros<\/a><\/li><li><a href=\"https:\/\/www.humbertoramos.net\/cifras\/djuna-lopes\/\">Djuna Lopes<\/a><\/li><li><a href=\"https:\/\/www.humbertoramos.net\/cifras\/djurumani\/\">Djurumani<\/a><\/li><li><a href=\"https:\/\/www.humbertoramos.net\/cifras\/djuta-gomes\/\">Djuta Gomes<\/a><\/li><li><a href=\"https:\/\/www.humbertoramos.net\/cifras\/edson-oliveira\/\">Edson Oliveira<\/a><\/li><li><a href=\"https:\/\/www.humbertoramos.net\/cifras\/elida-almeida\/\">\u00c9lida Almeida<\/a><\/li><li><a href=\"https:\/\/www.humbertoramos.net\/cifras\/gilson-gee\/\">Gilson Gee<\/a><\/li><li><a href=\"https:\/\/www.humbertoramos.net\/cifras\/grace-evora\/\">Grace \u00c9vora<\/a><\/li><li><a href=\"https:\/\/www.humbertoramos.net\/cifras\/guy-lizardo\/\">Guy Lizardo<\/a><\/li><li><a href=\"https:\/\/www.humbertoramos.net\/cifras\/homero-fonseca\/\">Homero Fonseca<\/a><\/li><li><a href=\"https:\/\/www.humbertoramos.net\/cifras\/jenifer-solidade\/\">Jenifer Solidade<\/a><\/li><li><a href=\"https:\/\/www.humbertoramos.net\/cifras\/joao-miranda\/\">Jo\u00e3o Miranda<\/a><\/li><li><a href=\"https:\/\/www.humbertoramos.net\/cifras\/jorge-gorila\/\">Jorge Gorila<\/a><\/li><li><a href=\"https:\/\/www.humbertoramos.net\/cifras\/jose-rui-lima\/\">Jos\u00e9 Rui Lima<\/a><\/li><li><a href=\"https:\/\/www.humbertoramos.net\/cifras\/juary-livramento\/\">Juary Livramento<\/a><\/li><li><a href=\"https:\/\/www.humbertoramos.net\/cifras\/kanya-galvao\/\">Kanya Galvao<\/a><\/li><li><a href=\"https:\/\/www.humbertoramos.net\/cifras\/kevin-johnson\/\">Kevin Johnson<\/a><\/li><li><a href=\"https:\/\/www.humbertoramos.net\/cifras\/lucibela\/\">Lucibela<\/a><\/li><li><a href=\"https:\/\/www.humbertoramos.net\/cifras\/luis-de-matos\/\">Luis de Matos<\/a><\/li><li><a href=\"https:\/\/www.humbertoramos.net\/cifras\/lura\/\">Lura<\/a><\/li><li><a href=\"https:\/\/www.humbertoramos.net\/cifras\/maria-alice-rocha-voz\/\">Maria Alice Rocha<\/a><\/li><li><a href=\"https:\/\/www.humbertoramos.net\/cifras\/orlando-correia\/\">Mike D<\/a><\/li><li><a href=\"https:\/\/www.humbertoramos.net\/cifras\/1387\/\">Naldina Fortes<\/a><\/li><li><a href=\"https:\/\/www.humbertoramos.net\/cifras\/2852-2\/\">Nancy Vieira<\/a><\/li><li><a href=\"https:\/\/www.humbertoramos.net\/cifras\/nando-da-cruz\/\">Nando da Cruz<\/a><\/li><li><a href=\"https:\/\/www.humbertoramos.net\/cifras\/neusa-de-pina\/\">Neuza<\/a><\/li><li><a href=\"https:\/\/www.humbertoramos.net\/cifras\/polmighty-ou-pol-de-tetes\/\">Polmighty ou Pol de Tet\u00eas<\/a><\/li><li><a href=\"https:\/\/www.humbertoramos.net\/cifras\/1686\/\">Ritinha Lobo<\/a><\/li><li><a href=\"https:\/\/www.humbertoramos.net\/cifras\/rosalina-assanali\/\">Rosalina Assanali<\/a><\/li><li><a href=\"https:\/\/www.humbertoramos.net\/cifras\/rui-lima\/\">Rui Lima<\/a><\/li><li><a href=\"https:\/\/www.humbertoramos.net\/cifras\/sap\/\">Sap<\/a><\/li><li><a href=\"https:\/\/www.humbertoramos.net\/cifras\/socrates\/\">S\u00f3crates<\/a><\/li><li><a href=\"https:\/\/www.humbertoramos.net\/cifras\/titina\/\">Titina<\/a><\/li><li><a href=\"https:\/\/www.humbertoramos.net\/cifras\/tito-paris\/\">Tito Paris<\/a><\/li><li><a href=\"https:\/\/www.humbertoramos.net\/cifras\/toi-cabicinha\/\">Toi Pinto (Cabecinha)<\/a><\/li><li><a href=\"https:\/\/www.humbertoramos.net\/cifras\/tony-marques\/\">Tony Marques<\/a><\/li><li><a href=\"https:\/\/www.humbertoramos.net\/cifras\/ze-delgado\/\">Z\u00e9 Delgado<\/a><\/li><li><a href=\"https:\/\/www.humbertoramos.net\/cifras\/ze-rui-de-pina\/\">Ze Rui de Pina<\/a><\/li><li><a href=\"https:\/\/www.humbertoramos.net\/cifras\/zeky\/\">Zeky<\/a><\/li><li><a href=\"https:\/\/www.humbertoramos.net\/cifras\/zenaida-chantre\/\">Zenaida Chantre<\/a><\/li><\/ul>\n<div><\/div>\n","protected":false},"excerpt":{"rendered":"Am\u00e9rico BritoArmindo PiresAry MoraisBongaCalu BanaCarla CorreiaDick BarrosDjuna LopesDjurumaniDjuta GomesEdson Oliveira\u00c9lida AlmeidaGilson GeeGrace \u00c9voraGuy LizardoHomero FonsecaJenifer SolidadeJo\u00e3o MirandaJorge GorilaJos\u00e9 Rui LimaJuary LivramentoKanya GalvaoKevin JohnsonLucibelaLuis de MatosLuraMaria Alice RochaMike DNaldina FortesNancy VieiraNando [...]","protected":false},"author":1,"featured_media":0,"parent":1053,"menu_order":0,"comment_status":"closed","ping_status":"closed","template":"","meta":{"spay_email":"","footnotes":""},"class_list":["post-1532","page","type-page","status-publish","hentry"],"_links":{"self":[{"href":"https:\/\/www.humbertoramos.net\/cifras\/wp-json\/wp\/v2\/pages\/1532","targetHints":{"allow":["GET"]}}],"collection":[{"href":"https:\/\/www.humbertoramos.net\/cifras\/wp-json\/wp\/v2\/pages"}],"about":[{"href":"https:\/\/www.humbertoramos.net\/cifras\/wp-json\/wp\/v2\/types\/page"}],"author":[{"embeddable":true,"href":"https:\/\/www.humbertoramos.net\/cifras\/wp-json\/wp\/v2\/users\/1"}],"replies":[{"embeddable":true,"href":"https:\/\/www.humbertoramos.net\/cifras\/wp-json\/wp\/v2\/comments?post=1532"}],"version-history":[{"count":2,"href":"https:\/\/www.humbertoramos.net\/cifras\/wp-json\/wp\/v2\/pages\/1532\/revisions"}],"predecessor-version":[{"id":1535,"href":"https:\/\/www.humbertoramos.net\/cifras\/wp-json\/wp\/v2\/pages\/1532\/revisions\/1535"}],"up":[{"embeddable":true,"href":"https:\/\/www.humbertoramos.net\/cifras\/wp-json\/wp\/v2\/pages\/1053"}],"wp:attachment":[{"href":"https:\/\/www.humbertoramos.net\/cifras\/wp-json\/wp\/v2\/media?parent=1532"}],"curies":[{"name":"wp","href":"https:\/\/api.w.org\/{rel}","templated":true}]}}