{"id":2,"date":"2011-07-04T22:08:16","date_gmt":"2011-07-04T22:08:16","guid":{"rendered":"http:\/\/www.humbertoramos.net\/cifras\/?page_id=2"},"modified":"2022-03-04T09:54:21","modified_gmt":"2022-03-04T09:54:21","slug":"sample-page","status":"publish","type":"page","link":"https:\/\/www.humbertoramos.net\/cifras\/sample-page\/","title":{"rendered":"Cabo Verde"},"content":{"rendered":"<p style=\"text-align: justify;\"><strong style=\"font-size: 35px;\">Cabo Verde<\/strong><\/p>\n<p style=\"text-align: justify;\">\u00e9 um pa\u00eds insular africano, arquip\u00e9lago de origem vulc\u00e2nica, constitu\u00eddo por dez ilhas. Est\u00e1 localizado no Oceano Atl\u00e2ntico, a 640\u00a0km a oeste de Dacar, Senegal. Outros vizinhos s\u00e3o a Maurit\u00e2nia, a G\u00e2mbia e a Guin\u00e9-Bissau, ou seja, todos na faixa costeira ocidental da \u00c1frica que vai do Cabo Branco \u00e0s ilhas Bijag\u00f3s. Curiosamente, o Cabo Verde que d\u00e1 nome ao pa\u00eds n\u00e3o se situa nele, mas a centenas de quil\u00f3metros a leste, no Senegal.<\/p>\n<p style=\"text-align: justify;\">Foi descoberto em 1460 por Diogo Gomes ao servi\u00e7o da coroa portuguesa, que encontrou as ilhas desabitadas e aparentemente sem ind\u00edcios de anterior presen\u00e7a humana. Foi col\u00f3nia de Portugal desde o s\u00e9culo XV at\u00e9 \u00e0 sua independ\u00eancia em 1975.<\/p>\n<p><em>&#8220;in Wikipedia&#8221;<\/em><\/p>\n<p><img loading=\"lazy\" decoding=\"async\" class=\"alignone  wp-image-109 aligncenter\" title=\"mapa-de-cabo-verde-4\" src=\"http:\/\/www.humbertoramos.net\/cifras\/wp-content\/uploads\/2011\/07\/mapa-de-cabo-verde-41-289x300.gif\" alt=\"\" width=\"354\" height=\"368\" srcset=\"https:\/\/www.humbertoramos.net\/cifras\/wp-content\/uploads\/2011\/07\/mapa-de-cabo-verde-41-289x300.gif 289w, https:\/\/www.humbertoramos.net\/cifras\/wp-content\/uploads\/2011\/07\/mapa-de-cabo-verde-41.gif 500w\" sizes=\"auto, (max-width: 354px) 100vw, 354px\" \/><\/p>\n<p>&nbsp;<\/p>\n","protected":false},"excerpt":{"rendered":"<p>Cabo Verde \u00e9 um pa\u00eds insular africano, arquip\u00e9lago de origem vulc\u00e2nica, constitu\u00eddo por dez ilhas. Est\u00e1 localizado no Oceano Atl\u00e2ntico, a 640\u00a0km a oeste de Dacar, Senegal. Outros vizinhos s\u00e3o [&hellip;]<\/p>\n","protected":false},"author":1,"featured_media":0,"parent":0,"menu_order":2,"comment_status":"closed","ping_status":"closed","template":"","meta":{"spay_email":"","footnotes":""},"class_list":["post-2","page","type-page","status-publish","hentry"],"_links":{"self":[{"href":"https:\/\/www.humbertoramos.net\/cifras\/wp-json\/wp\/v2\/pages\/2","targetHints":{"allow":["GET"]}}],"collection":[{"href":"https:\/\/www.humbertoramos.net\/cifras\/wp-json\/wp\/v2\/pages"}],"about":[{"href":"https:\/\/www.humbertoramos.net\/cifras\/wp-json\/wp\/v2\/types\/page"}],"author":[{"embeddable":true,"href":"https:\/\/www.humbertoramos.net\/cifras\/wp-json\/wp\/v2\/users\/1"}],"replies":[{"embeddable":true,"href":"https:\/\/www.humbertoramos.net\/cifras\/wp-json\/wp\/v2\/comments?post=2"}],"version-history":[{"count":34,"href":"https:\/\/www.humbertoramos.net\/cifras\/wp-json\/wp\/v2\/pages\/2\/revisions"}],"predecessor-version":[{"id":4667,"href":"https:\/\/www.humbertoramos.net\/cifras\/wp-json\/wp\/v2\/pages\/2\/revisions\/4667"}],"wp:attachment":[{"href":"https:\/\/www.humbertoramos.net\/cifras\/wp-json\/wp\/v2\/media?parent=2"}],"curies":[{"name":"wp","href":"https:\/\/api.w.org\/{rel}","templated":true}]}}