{"id":2001,"date":"2015-03-16T12:39:53","date_gmt":"2015-03-16T12:39:53","guid":{"rendered":"http:\/\/www.humbertoramos.net\/cifras\/?page_id=2001"},"modified":"2015-03-16T12:40:20","modified_gmt":"2015-03-16T12:40:20","slug":"poemas","status":"publish","type":"page","link":"https:\/\/www.humbertoramos.net\/cifras\/listas\/poemas\/","title":{"rendered":"Poemas"},"content":{"rendered":"<div>\n<ul class=\"lcp_catlist\" id=\"lcp_instance_0\"><li><a href=\"https:\/\/www.humbertoramos.net\/cifras\/baino-fulgencio-tavares\/\">Ba\u00edno &#8211; Fulg\u00eancio Tavares<\/a><\/li><li><a href=\"https:\/\/www.humbertoramos.net\/cifras\/basta-gana-fulgencio-tavares\/\">Basta gana &#8211; Fulg\u00eancio Tavares<\/a><\/li><li><a href=\"https:\/\/www.humbertoramos.net\/cifras\/bedjica-fulgencio-tavares\/\">Bedji\u00e7a &#8211; Fulg\u00eancio Tavares<\/a><\/li><li><a href=\"https:\/\/www.humbertoramos.net\/cifras\/concercuit-manel-de-novas\/\">Concercuit &#8211; Manel de Novas<\/a><\/li><li><a href=\"https:\/\/www.humbertoramos.net\/cifras\/confusao-di-tres-mes\/\">Confusao di tr\u00eas m\u00eas<\/a><\/li><li><a href=\"https:\/\/www.humbertoramos.net\/cifras\/critica-dum-badjo-fulgencio-tavares\/\">Critica dum badjo &#8211; Fulg\u00eancio Tavares<\/a><\/li><li><a href=\"https:\/\/www.humbertoramos.net\/cifras\/falsia-di-tanha-fulgencio-tavares\/\">Falsia di Tanha &#8211; Fulg\u00eancio Tavares<\/a><\/li><li><a href=\"https:\/\/www.humbertoramos.net\/cifras\/fuco-fuco-fulgencio-tavares\/\">Fuco fuco &#8211; Fulg\u00eancio Tavares<\/a><\/li><li><a href=\"https:\/\/www.humbertoramos.net\/cifras\/maiu-manel-de-novas\/\">Mai\u00fa &#8211; Manel de Novas<\/a><\/li><li><a href=\"https:\/\/www.humbertoramos.net\/cifras\/mania-di-karate-fulgencio-tavares\/\">Mania di Karate  -Fulg\u00eancio Tavares<\/a><\/li><li><a href=\"https:\/\/www.humbertoramos.net\/cifras\/meninas-de-setenta-fulgencio-tavares\/\">Meninas de setenta &#8211; Fulg\u00eancio Tavares<\/a><\/li><li><a href=\"https:\/\/www.humbertoramos.net\/cifras\/mini-saia-fulgencio-tavares\/\">Mini saia -. Fulg\u00eancio Tavares<\/a><\/li><li><a href=\"https:\/\/www.humbertoramos.net\/cifras\/mister-de-castanhata-manel-de-novas\/\">Mister de castanhata &#8211; Manel de Novas<\/a><\/li><li><a href=\"https:\/\/www.humbertoramos.net\/cifras\/pepe-lope-fulgencio-tavares\/\">Pepe Lope &#8211; Fulg\u00eancio Tavares<\/a><\/li><li><a href=\"https:\/\/www.humbertoramos.net\/cifras\/ta-pinga-tchapo-tchapo-fulgencio-tavares\/\">Ta pinga tchapo tchapo &#8211; Fulg\u00eancio Tavares<\/a><\/li><li><a href=\"https:\/\/www.humbertoramos.net\/cifras\/xema-e-problema-fulgencio-tavares\/\">Xema \u00ea problema &#8211; Fulg\u00eancio Tavares<\/a><\/li><\/ul>\n<\/div>\n","protected":false},"excerpt":{"rendered":"Ba\u00edno &#8211; Fulg\u00eancio TavaresBasta gana &#8211; Fulg\u00eancio TavaresBedji\u00e7a &#8211; Fulg\u00eancio TavaresConcercuit &#8211; Manel de NovasConfusao di tr\u00eas m\u00easCritica dum badjo &#8211; Fulg\u00eancio TavaresFalsia di Tanha &#8211; Fulg\u00eancio TavaresFuco fuco &#8211; [...]","protected":false},"author":1,"featured_media":0,"parent":47,"menu_order":0,"comment_status":"closed","ping_status":"closed","template":"","meta":{"spay_email":"","footnotes":""},"class_list":["post-2001","page","type-page","status-publish","hentry"],"_links":{"self":[{"href":"https:\/\/www.humbertoramos.net\/cifras\/wp-json\/wp\/v2\/pages\/2001","targetHints":{"allow":["GET"]}}],"collection":[{"href":"https:\/\/www.humbertoramos.net\/cifras\/wp-json\/wp\/v2\/pages"}],"about":[{"href":"https:\/\/www.humbertoramos.net\/cifras\/wp-json\/wp\/v2\/types\/page"}],"author":[{"embeddable":true,"href":"https:\/\/www.humbertoramos.net\/cifras\/wp-json\/wp\/v2\/users\/1"}],"replies":[{"embeddable":true,"href":"https:\/\/www.humbertoramos.net\/cifras\/wp-json\/wp\/v2\/comments?post=2001"}],"version-history":[{"count":1,"href":"https:\/\/www.humbertoramos.net\/cifras\/wp-json\/wp\/v2\/pages\/2001\/revisions"}],"predecessor-version":[{"id":2002,"href":"https:\/\/www.humbertoramos.net\/cifras\/wp-json\/wp\/v2\/pages\/2001\/revisions\/2002"}],"up":[{"embeddable":true,"href":"https:\/\/www.humbertoramos.net\/cifras\/wp-json\/wp\/v2\/pages\/47"}],"wp:attachment":[{"href":"https:\/\/www.humbertoramos.net\/cifras\/wp-json\/wp\/v2\/media?parent=2001"}],"curies":[{"name":"wp","href":"https:\/\/api.w.org\/{rel}","templated":true}]}}