{"id":2153,"date":"2015-12-10T15:22:51","date_gmt":"2015-12-10T15:22:51","guid":{"rendered":"http:\/\/www.humbertoramos.net\/cifras\/?page_id=2153"},"modified":"2021-02-22T14:35:22","modified_gmt":"2021-02-22T14:35:22","slug":"manel-de-novas","status":"publish","type":"page","link":"https:\/\/www.humbertoramos.net\/cifras\/compositores\/manel-de-novas\/","title":{"rendered":"Manel de Novas"},"content":{"rendered":"\t\t<div data-elementor-type=\"wp-post\" data-elementor-id=\"2153\" class=\"elementor elementor-2153\">\n\t\t\t\t\t\t\t\t\t<section class=\"elementor-section elementor-top-section elementor-element elementor-element-24347107 elementor-section-boxed elementor-section-height-default elementor-section-height-default\" data-id=\"24347107\" data-element_type=\"section\">\n\t\t\t\t\t\t<div class=\"elementor-container elementor-column-gap-default\">\n\t\t\t\t\t<div class=\"elementor-column elementor-col-100 elementor-top-column elementor-element elementor-element-1adbc01d\" data-id=\"1adbc01d\" data-element_type=\"column\">\n\t\t\t<div class=\"elementor-widget-wrap elementor-element-populated\">\n\t\t\t\t\t\t\t\t<div class=\"elementor-element elementor-element-5f1fa66f elementor-widget elementor-widget-text-editor\" data-id=\"5f1fa66f\" data-element_type=\"widget\" data-widget_type=\"text-editor.default\">\n\t\t\t\t<div class=\"elementor-widget-container\">\n\t\t\t<style>\/*! elementor - v3.5.4 - 03-02-2022 *\/\n.elementor-widget-text-editor.elementor-drop-cap-view-stacked .elementor-drop-cap{background-color:#818a91;color:#fff}.elementor-widget-text-editor.elementor-drop-cap-view-framed .elementor-drop-cap{color:#818a91;border:3px solid;background-color:transparent}.elementor-widget-text-editor:not(.elementor-drop-cap-view-default) .elementor-drop-cap{margin-top:8px}.elementor-widget-text-editor:not(.elementor-drop-cap-view-default) .elementor-drop-cap-letter{width:1em;height:1em}.elementor-widget-text-editor .elementor-drop-cap{float:left;text-align:center;line-height:1;font-size:50px}.elementor-widget-text-editor .elementor-drop-cap-letter{display:inline-block}<\/style>\t\t\t\t<p>Manuel de Novas, Manuel d&#8217; Novas ou Manel d&#8217; Novas<\/p>\n<p>(Santo Ant\u00e3o, 24 de Fevereiro de 1938 \u2014<\/p>\n<p>Mindelo, S\u00e3o Vicente, 28 de Setembro de 2009)<\/p>\n<p>foi um dos poetas e compositores cabo-verdianos mais conhecidos internacionalmente.<\/p>\n<p>Baptizado como Manuel Jesus Lopes, Manuel de Novas Considerado um dos mais importantes trovadores de Cabo Verde, compositor preferido de Ces\u00e1ria \u00c9vora e Bana, Ildo Lobo, entre outros.<\/p>\n<p>Apesar de ter nascido na ilha vizinha, Manuel de Novas \u00e9 considerado um filho do Mindelo, ilha de S\u00e3o Vicente, onde viveu.<\/p>\n<p>Manel d&#8217; Novas ficou conhecido essencialmente por ter uma postura cr\u00edtica em rela\u00e7\u00e3o \u00e0 sociedade mindelense, ilha onde vivia e que o adoptou como filho. Outra particularidade do compositor era a sua escrita em crioulo cabo-verdiano.<\/p>\n<p>A seguir um \u00edndice de algumas composi\u00e7\u00f5es de Manel de Novas<\/p>\n<p>Tit\u00falo &nbsp; &nbsp; &nbsp; &nbsp; &nbsp; &nbsp; &nbsp; &nbsp; &nbsp; &nbsp; &nbsp; G\u00e9nero<\/p>\n<p>1 Amiga de nha amigo &#8211; Morna<br>\n<a href=\"http:\/\/www.humbertoramos.net\/cifras\/?p=1887\"> 2- Apocalipse &#8211; Coladera<\/a><br>\n3 Avenida Marginal &#8211; Coladera<br>\n4 B.Leza &#8211; Morna<br>\n5 Baloi B\u00eadje &#8211; Coladera<br>\n6 Barbinc\u00f3r &#8211; Coladera<br>\n7 Biografia dum cri\u00f4l &#8211; Morna<br>\n8 B\u00f4 Badj\u00f4dje &#8211; Coladera<br>\n9 B\u00f4 ca tava pa sement\u00eara &#8211; Coladera<br>\n10 B\u00f4 qu\u2019\u00e9 Naize &#8211; Coladera<br>\n11 Boas Festas &#8211; Coladera<br>\n<a href=\"http:\/\/www.humbertoramos.net\/cifras\/?p=1957\"> 12- Cab\u00eal tchumsc\u00f3d &#8211; Coladera<\/a><br>\n13 Cabo Verde mand\u00e1 mantenha &#8211; Coladera<br>\n<a href=\"http:\/\/www.humbertoramos.net\/cifras\/?p=614\"> 14 Camim de maderalzim &#8211; Coladera<\/a><br>\n15 Carnaval di Porto Grande &#8211; Coladera<br>\n16 Cid\u00e1lia &#8211; Morna<br>\n17 Cm\u00ea catch\u00f4rr &#8211; Coladera<br>\n18 Concei\u00e7\u00e3o menina nova &#8211; Coladera<br>\n19 Concercuit &#8211; Coladera<br>\n20 Confus\u00e3o di tr\u00eas m\u00eas &#8211; Coladera<br>\n21 Contratempo &#8211; Coladera<br>\n22 Cora\u00e7om di um poeta &#8211; Morna<br>\n23 Corpim de figurino &#8211; Coladera<br>\n24 Corpim sabe &#8211; Coladera<br>\n25 Creoula &#8211; Coladera<br>\n26 Cumpade Cizn\u00f3ne &#8211; Coladera<br>\n27 Curti geada &#8211; Coladera<br>\n28 Dina &#8211; Morna<br>\n29 Direito di nasc\u00ea Morna<br>\n30 Div\u00f4rce um\u2019 ca ta sen\u00e1 Coladera<br>\n31 Djindja de nha M\u00e9lia Coladera<br>\n32 Dnh\u00ear M\u00f3tche Coladera<br>\n33 Dona Ana Morna<br>\n34 D\u00f4s atributo Morna<br>\n35 \u00cass Pa\u00eds Morna<br>\n36 Estrang\u00ear \u00e9 um ilus\u00e3o Morna<br>\n37 Feiti\u00e7o di nha vida Morna<br>\n38 Fidjo de Ad\u00e3o e Eva Coladera<br>\n<a href=\"http:\/\/www.humbertoramos.net\/cifras\/?p=1883\"> 39- Gard\u00e9nia \u2013 Nha desejo Morna<\/a><br>\n40 G\u00f3te pintode Morna<br>\n41 Guintche b\u00f4 ca \u00ea Coladera<br>\n42 Happy- cave Coladera<br>\n43 Hirondina Morna<br>\n44 Jai t\u2019aime no Coladera<br>\n45 Jam\u2019 psu nhondenga \u2013 Scapinha Coladera<br>\n46 Jom d\u2019ebra Morna<br>\n47 Lamento d\u2019um emigrante Morna<br>\n48 L\u00e9na Morna<br>\n49 Lili Morna<br>\n50 L\u00f4r d\u2019\u00f4i azul Morna<br>\n51 Lutchinha Coladera<br>\n52 Mai\u00fa Morna<br>\n<a href=\"http:\/\/www.humbertoramos.net\/cifras\/?p=2008\"> 53- Mister de castanheta Coladera<\/a><br>\n54 Mister di cretcheu Morna<br>\n55 Momentos di Mindelo Morna<br>\n56 M\u00f4rt d\u2019um tchuque Coladera<br>\n57 M\u00f3sca estr\u00f3nhe Coladera<br>\n<a href=\"http:\/\/www.humbertoramos.net\/cifras\/?p=1950\"> 58- Nha armom (5 de Julho) Morna<\/a><br>\n59 Nha cor\u00e7om tchor\u00e1 Morna<br>\n60 Nha Regresso Morna<br>\n61 Nha vis\u00e3o Morna<br>\n62 Nh\u00fa Coladera<br>\n63 Ninfa Morna<br>\n64 N\u00f4s Morna Morna<br>\n65 N\u00f4s ra\u00e7a Coladera<br>\n66 N\u00f4te Tropical Coladera<br>\n67 Oitenta Melodioso Coladera<br>\n68 P\u00e1tria linda Coladera<br>\n69 Pilingrine Morna<br>\n70 Pinote na vapor Morna<br>\n71 Professorinha Coladera<br>\n72 Profeta Morna<br>\n73 Ramb\u00f3ia na Toi Bintim Coladera<br>\n74 Rufux escacar\u00e9ques Morna<br>\n75 Salt\u00e1 parede Coladera<br>\n76 Saragar\u00e7a Coladera<br>\n77 S\u00e9ma Coladera<br>\n78 Sinal di gratid\u00e3o Morna<br>\n79 S\u00f4 b\u00f4 s\u00f4 Coladera<br>\n80 Sono profundo Morna<br>\n81 Sonte \u00ea b\u00f4 nome Morna<br>\n82 Talianinha Coladera<br>\n83 Tchal qu\u00eate Coladera<br>\n84 Tchom Frio Coladera<br>\n85 Torr\u00e3o Natal Morna<br>\n86 Travessa de Peixeira Coladera<br>\n87 Tributo final Morna<br>\n88 Tudo tem s\u00ea limite Morna<br>\n89 Um pingo di b\u00f4 perfume Morna<br>\n90 Vento D\u2019Sueste Morna<br>\n91 Verdianinha Morna<br>\n92 Vida sofrida Morna<br>\n93 Vida tem um s\u00f3 vida Morna<br>\n94 Viva Abel Djassi Morna<br>\n95 Viva Mindelo Coladera<br>\n96 Vr\u00e1 tchife Coladera<\/p>\n<ul class=\"lcp_catlist\" id=\"lcp_instance_0\"><li><a href=\"https:\/\/www.humbertoramos.net\/cifras\/20-de-janeiro-valdemar-lopes-da-silva-manel-de-novas\/\">20 de Janeiro &#8211; Valdemar Lopes da Silva\/Manel de Novas<\/a><\/li><li><a href=\"https:\/\/www.humbertoramos.net\/cifras\/amiga-de-nha-amigo-manel-de-novas\/\">Amiga de nha amigo &#8211; Manel de Novas<\/a><\/li><li><a href=\"https:\/\/www.humbertoramos.net\/cifras\/apocalipse-manel-de-novas\/\">Apocalipse &#8211; Manel de Novas<\/a><\/li><li><a href=\"https:\/\/www.humbertoramos.net\/cifras\/apocalipse-manel-de-novas-2\/\">Apocalipse &#8211; Manel de Novas<\/a><\/li><li><a href=\"https:\/\/www.humbertoramos.net\/cifras\/avenida-marginal-manel-de-novas\/\">Avenida Marginal &#8211; Manel de Novas<\/a><\/li><li><a href=\"https:\/\/www.humbertoramos.net\/cifras\/b-leza-manel-de-novas\/\">B.Leza &#8211; Manel de Novas<\/a><\/li><li><a href=\"https:\/\/www.humbertoramos.net\/cifras\/b-leza-manel-de-novas-2\/\">B.Leza &#8211; Manel de Novas<\/a><\/li><li><a href=\"https:\/\/www.humbertoramos.net\/cifras\/baloi-manel-de-novas\/\">Bal\u00f3i &#8211; Manel de Novas<\/a><\/li><li><a href=\"https:\/\/www.humbertoramos.net\/cifras\/baloi-bedje-manel-de-novas\/\">Bal\u00f3i b\u00eadje &#8211; Manel de Novas<\/a><\/li><li><a href=\"https:\/\/www.humbertoramos.net\/cifras\/barbincor-manel-de-novas\/\">Barbinc\u00f4r &#8211; Manel de Novas<\/a><\/li><li><a href=\"https:\/\/www.humbertoramos.net\/cifras\/bia-cristal-manel-de-novas\/\">Bia Cristal &#8211; Manel de Novas<\/a><\/li><li><a href=\"https:\/\/www.humbertoramos.net\/cifras\/biografia-dum-criol-manel-de-novas\/\">Biografia dum criol &#8211; Manel de Novas<\/a><\/li><li><a href=\"https:\/\/www.humbertoramos.net\/cifras\/bissau-manel-de-novas\/\">Bissau &#8211; Manel de Novas<\/a><\/li><li><a href=\"https:\/\/www.humbertoramos.net\/cifras\/bitina-manel-de-novas\/\">Bitina &#8211; Manel de Novas<\/a><\/li><li><a href=\"https:\/\/www.humbertoramos.net\/cifras\/bitina-manel-de-novas-2\/\">Bitina &#8211; Manel de Novas<\/a><\/li><li><a href=\"https:\/\/www.humbertoramos.net\/cifras\/bo-badjodje-manel-de-novas\/\">B\u00f4 badj\u00f4dje &#8211; Manel de Novas<\/a><\/li><li><a href=\"https:\/\/www.humbertoramos.net\/cifras\/bo-ca-tava-pa-sementera-zinha-manel-de-novas\/\">B\u00f4 ca tava pa sementera &#8211; (Zinha)- Manel de Novas<\/a><\/li><li><a href=\"https:\/\/www.humbertoramos.net\/cifras\/bo-ca-tava-pa-sementera-zinha-manel-de-novas-2\/\">B\u00f4 ca tava pa sementera (Zinha) &#8211; manel de Novas<\/a><\/li><li><a href=\"https:\/\/www.humbertoramos.net\/cifras\/bo-que-naize-manel-de-novas\/\">B\u00f4 qu\u2019\u00ea Naize &#8211; Manel de Novas<\/a><\/li><li><a href=\"https:\/\/www.humbertoramos.net\/cifras\/boas-festas-manel-de-novas\/\">Boas Festas &#8211; Manel de Novas<\/a><\/li><li><a href=\"https:\/\/www.humbertoramos.net\/cifras\/bom-dia-cabo-verde-manel-de-novas\/\">Bom dia Cabo Verde &#8211; Manel de Novas<\/a><\/li><li><a href=\"https:\/\/www.humbertoramos.net\/cifras\/bruxa-manel-de-novas\/\">Bruxa &#8211; Manel de Novas<\/a><\/li><li><a href=\"https:\/\/www.humbertoramos.net\/cifras\/cabel-tchumescod-manel-de-novas\/\">Cabel tchumesc\u00f3d &#8211; Manel de Novas<\/a><\/li><li><a href=\"https:\/\/www.humbertoramos.net\/cifras\/cabo-verde-manda-mantenha-manel-de-novas\/\">Cabo Verde mand\u00e1 \u00a0mantenha &#8211; Manel de Novas<\/a><\/li><li><a href=\"https:\/\/www.humbertoramos.net\/cifras\/calibra-bo-steam-manel-de-novas\/\">Calibr\u00e1 b\u00f4 steam &#8211; Manel de Novas<\/a><\/li><li><a href=\"https:\/\/www.humbertoramos.net\/cifras\/camim-de-maderalzim-manel-de-novas\/\">Camim de Maderalzim &#8211; Manel de Novas<\/a><\/li><li><a href=\"https:\/\/www.humbertoramos.net\/cifras\/camin-de-maderalzim-manel-de-novas\/\">Camin de Maderalzim &#8211; Manel de Novas<\/a><\/li><li><a href=\"https:\/\/www.humbertoramos.net\/cifras\/cancao-de-regresso-manel-de-novas\/\">Can\u00e7\u00e3o de regresso &#8211; Manel de Novas<\/a><\/li><li><a href=\"https:\/\/www.humbertoramos.net\/cifras\/carnaval-de-porto-grande-manel-de-novas\/\">Carnaval de Porto Grande &#8211; Manel de Novas<\/a><\/li><li><a href=\"https:\/\/www.humbertoramos.net\/cifras\/charmosa-manel-de-novas\/\">Charmosa &#8211; Manel de Novas<\/a><\/li><li><a href=\"https:\/\/www.humbertoramos.net\/cifras\/charmosa-manel-de-novas-2\/\">Charmosa &#8211; Manel de Novas<\/a><\/li><li><a href=\"https:\/\/www.humbertoramos.net\/cifras\/cidalia-nelson-fernandes-musica-manuel-de-novas\/\">Cid\u00e1lia &#8211; Nelson Fernandes? \/ M\u00fasica: Manuel de Novas<\/a><\/li><li><a href=\"https:\/\/www.humbertoramos.net\/cifras\/cigana-de-corpim-ligante-manel-de-novas\/\">Cigana de corpim ligante &#8211; Manel de Novas<\/a><\/li><li><a href=\"https:\/\/www.humbertoramos.net\/cifras\/cme-catchorr-manel-de-novas\/\">Cm\u00ea catchorr &#8211; Manel de Novas<\/a><\/li><li><a href=\"https:\/\/www.humbertoramos.net\/cifras\/cme-catchorr-manel-de-novas-2\/\">Cm\u00ea catch\u00f4rr &#8211; Manel de Novas<\/a><\/li><li><a href=\"https:\/\/www.humbertoramos.net\/cifras\/concercuit-manel-de-novas\/\">Concercuit &#8211; Manel de Novas<\/a><\/li><li><a href=\"https:\/\/www.humbertoramos.net\/cifras\/confusao-di-tres-mes\/\">Confusao di tr\u00eas m\u00eas<\/a><\/li><li><a href=\"https:\/\/www.humbertoramos.net\/cifras\/contratempo-manel-de-novas\/\">Contratempo &#8211; Manel de Novas<\/a><\/li><li><a href=\"https:\/\/www.humbertoramos.net\/cifras\/corpim-de-dfigurino-manel-de-novas\/\">Corpim de d&#8217;figurino &#8211; Manel de Novas<\/a><\/li><li><a href=\"https:\/\/www.humbertoramos.net\/cifras\/curti-geada-manel-de-novas\/\">Curti geada &#8211; Manel de Novas<\/a><\/li><li><a href=\"https:\/\/www.humbertoramos.net\/cifras\/ess-pais-manel-de-novas\/\">Ess pa\u00eds &#8211; Manel de Novas<\/a><\/li><li><a href=\"https:\/\/www.humbertoramos.net\/cifras\/estranger-e-um-ilusao-manel-de-novas\/\">Estranger \u00ea um ilus\u00e3o &#8211; Manel de Novas<\/a><\/li><li><a href=\"https:\/\/www.humbertoramos.net\/cifras\/gardenia-manel-de-novas\/\">Gard\u00e9nia &#8211; Manel de Novas<\/a><\/li><li><a href=\"https:\/\/www.humbertoramos.net\/cifras\/hoje-e-natal-manel-de-novas\/\">Hoje \u00e9 Natal &#8211; Manel de Novas<\/a><\/li><li><a href=\"https:\/\/www.humbertoramos.net\/cifras\/lamento-dum-imigrante-manel-de-novas\/\">Lamento dum imigrante &#8211; Manel de Novas<\/a><\/li><li><a href=\"https:\/\/www.humbertoramos.net\/cifras\/lutchinha-manel-de-novas\/\">Lutchinha &#8211; Manel de Novas<\/a><\/li><li><a href=\"https:\/\/www.humbertoramos.net\/cifras\/maiu-manel-de-novas\/\">Mai\u00fa &#8211; Manel de Novas<\/a><\/li><li><a href=\"https:\/\/www.humbertoramos.net\/cifras\/mister-de-castanhata-manel-de-novas\/\">Mister de castanhata &#8211; Manel de Novas<\/a><\/li><li><a href=\"https:\/\/www.humbertoramos.net\/cifras\/mosca-estronhe-manel-de-novas\/\">Mosca estronhe &#8211; Manel de Novas<\/a><\/li><li><a href=\"https:\/\/www.humbertoramos.net\/cifras\/nharmon-5-de-julho-manel-de-novas\/\">Nh&#8217;armon (5 de Julho)- Manel de Novas<\/a><\/li><li><a href=\"https:\/\/www.humbertoramos.net\/cifras\/nha-coracao-tchora-manel-de-novas\/\">Nha cora\u00e7\u00e3o tchor\u00e1 &#8211; Manel de Novas<\/a><\/li><li><a href=\"https:\/\/www.humbertoramos.net\/cifras\/nha-regresso-manel-de-novas\/\">Nha regresso  &#8211; Manel de Novas<\/a><\/li><li><a href=\"https:\/\/www.humbertoramos.net\/cifras\/nos-morna-manel-de-novas\/\">N\u00f4s morna &#8211; Manel de Novas<\/a><\/li><li><a href=\"https:\/\/www.humbertoramos.net\/cifras\/novo-ano-manel-de-novas\/\">Novo ano &#8211; Manel de Novas<\/a><\/li><li><a href=\"https:\/\/www.humbertoramos.net\/cifras\/ponta-de-fi-cesaria-evora-artur-silva-manel-de-novas\/\">Ponta de Fi &#8211; Ces\u00e1ria \u00c9vora-Artur Silva\/Manel de Novas<\/a><\/li><li><a href=\"https:\/\/www.humbertoramos.net\/cifras\/riola-de-irmon-faria-junior\/\">Professorinha &#8211; Manel de Novas<\/a><\/li><li><a href=\"https:\/\/www.humbertoramos.net\/cifras\/querida-manel-de-novas\/\">Querida &#8211; Manel de Novas<\/a><\/li><li><a href=\"https:\/\/www.humbertoramos.net\/cifras\/ramboia-na-toi-bintin-manel-de-novas\/\">Ramboia na Toi Bintin &#8211; Manel de Novas<\/a><\/li><li><a href=\"https:\/\/www.humbertoramos.net\/cifras\/salta-parede-manel-de-novas\/\">Salt\u00e1 parede &#8211; Manel de Novas<\/a><\/li><li><a href=\"https:\/\/www.humbertoramos.net\/cifras\/sema-manel-de-novas\/\">S\u00eama &#8211; Manel de Novas<\/a><\/li><li><a href=\"https:\/\/www.humbertoramos.net\/cifras\/sombras-de-destino-manel-de-novas\/\">Sombras de destino &#8211; Manel de Novas<\/a><\/li><li><a href=\"https:\/\/www.humbertoramos.net\/cifras\/sonhe-dum-criol-chitada-de-fome-manel-de-nova\/\">Sonhe dum criol (Chitada de fome) &#8211; Manel de Nova<\/a><\/li><li><a href=\"https:\/\/www.humbertoramos.net\/cifras\/talianinha-manel-de-novas-2\/\">Talianinha &#8211; Manel de Novas<\/a><\/li><li><a href=\"https:\/\/www.humbertoramos.net\/cifras\/tchom-frio-manel-de-novas\/\">Tchom Frio &#8211; Manel de Novas<\/a><\/li><li><a href=\"https:\/\/www.humbertoramos.net\/cifras\/tributo-final\/\">Tributo Final &#8211; Manel de Novas<\/a><\/li><li><a href=\"https:\/\/www.humbertoramos.net\/cifras\/vra-tchiff-manel-de-novas\/\">Vra tchiff &#8211; Manel de Novas<\/a><\/li><\/ul>\t\t\t\t\t\t<\/div>\n\t\t\t\t<\/div>\n\t\t\t\t\t<\/div>\n\t\t<\/div>\n\t\t\t\t\t\t\t<\/div>\n\t\t<\/section>\n\t\t\t\t\t\t\t<\/div>\n\t\t","protected":false},"excerpt":{"rendered":"<p>Manuel de Novas, Manuel d&#8217; Novas ou Manel d&#8217; Novas (Santo Ant\u00e3o, 24 de Fevereiro de 1938 \u2014 Mindelo, S\u00e3o Vicente, 28 de Setembro de 2009) foi um dos poetas [&hellip;]<\/p>\n","protected":false},"author":1,"featured_media":0,"parent":2150,"menu_order":0,"comment_status":"closed","ping_status":"closed","template":"","meta":{"spay_email":"","footnotes":""},"class_list":["post-2153","page","type-page","status-publish","hentry"],"_links":{"self":[{"href":"https:\/\/www.humbertoramos.net\/cifras\/wp-json\/wp\/v2\/pages\/2153","targetHints":{"allow":["GET"]}}],"collection":[{"href":"https:\/\/www.humbertoramos.net\/cifras\/wp-json\/wp\/v2\/pages"}],"about":[{"href":"https:\/\/www.humbertoramos.net\/cifras\/wp-json\/wp\/v2\/types\/page"}],"author":[{"embeddable":true,"href":"https:\/\/www.humbertoramos.net\/cifras\/wp-json\/wp\/v2\/users\/1"}],"replies":[{"embeddable":true,"href":"https:\/\/www.humbertoramos.net\/cifras\/wp-json\/wp\/v2\/comments?post=2153"}],"version-history":[{"count":13,"href":"https:\/\/www.humbertoramos.net\/cifras\/wp-json\/wp\/v2\/pages\/2153\/revisions"}],"predecessor-version":[{"id":4231,"href":"https:\/\/www.humbertoramos.net\/cifras\/wp-json\/wp\/v2\/pages\/2153\/revisions\/4231"}],"up":[{"embeddable":true,"href":"https:\/\/www.humbertoramos.net\/cifras\/wp-json\/wp\/v2\/pages\/2150"}],"wp:attachment":[{"href":"https:\/\/www.humbertoramos.net\/cifras\/wp-json\/wp\/v2\/media?parent=2153"}],"curies":[{"name":"wp","href":"https:\/\/api.w.org\/{rel}","templated":true}]}}