{"id":2171,"date":"2015-12-10T16:07:47","date_gmt":"2015-12-10T16:07:47","guid":{"rendered":"http:\/\/www.humbertoramos.net\/cifras\/?page_id=2171"},"modified":"2021-02-22T14:31:06","modified_gmt":"2021-02-22T14:31:06","slug":"jotamonte","status":"publish","type":"page","link":"https:\/\/www.humbertoramos.net\/cifras\/compositores\/jotamonte\/","title":{"rendered":"Jotamonte"},"content":{"rendered":"<p>Jotamont, ou Jorge Fernandes Monteiro,<\/p>\n<p>foi um m\u00fasico e compositor caboverdiano, nascido a 1 de Outubro de 1913 num barco para os Estados Unidos da Am\u00e9rica. Faleceu a 21 de Novembro de 1998.<\/p>\n<p><a href=\"http:\/\/www.humbertoramos.net\/cifras\/?p=2185\">1- Bai ta rol\u00e1 &#8211; morna<\/a><br>2- B\u00f4 \u00ea morena &#8211;<br>3- Castigo Divino<br>4- Consola\u00e7\u00e3o<br>5- Cora\u00e7\u00e3o scrabo<br>6- Dez grunzin de terra &#8211; morna<br>7- Disgra\u00e7a na ninho<br>8- Djena<br>9- Fidjo Maguado &#8211; morna<br>10- Gradecimento<br>11- Inginher Humanno &#8211; morna<br>12- Lola de meu<br><a href=\"http:\/\/www.humbertoramos.net\/cifras\/?p=2420\">13- Lolinha &#8211; morna<\/a><br>14- Nha confiss\u00e3o &#8211; morna<br>15- Nha tormento<br>16- N\u00f4s m\u00e3e &#8211; morna<br>17- Pa&#8217;m nasc\u00ea<br>18- Parabens Tchida<br>19- S\u00f3 te vejo a sonhar<br>20- Soncente &#8211; morna<br>21- Sonte milagroso<br>22- Tchutchinha &#8211; morna<br>23- Terra minha<br>24- Tud cruz \u00ea p\u00easod &#8211; morna<br>25- Virtude<\/p>\n\n\n\n\n<h2 class=\"wp-block-heading\">Temas Cifrados<\/h2>\n\n\n\n<ul class=\"lcp_catlist\" id=\"lcp_instance_0\"><li><a href=\"https:\/\/www.humbertoramos.net\/cifras\/bai-ta-rola-jotamonte\/\">Bai ta rola &#8211; Jotamonte<\/a><\/li><li><a href=\"https:\/\/www.humbertoramos.net\/cifras\/lolinha-jotamont\/\">Lolinha &#8211; Jotamont<\/a><\/li><li><a href=\"https:\/\/www.humbertoramos.net\/cifras\/4794-2\/\">N\u00f4s m\u00e3e &#8211; Jotamont<\/a><\/li><\/ul>\n","protected":false},"excerpt":{"rendered":"<p>Jotamont, ou Jorge Fernandes Monteiro, foi um m\u00fasico e compositor caboverdiano, nascido a 1 de Outubro de 1913 num barco para os Estados Unidos da Am\u00e9rica. Faleceu a 21 de [&hellip;]<\/p>\n","protected":false},"author":1,"featured_media":0,"parent":2150,"menu_order":0,"comment_status":"closed","ping_status":"closed","template":"","meta":{"spay_email":"","footnotes":""},"class_list":["post-2171","page","type-page","status-publish","hentry"],"_links":{"self":[{"href":"https:\/\/www.humbertoramos.net\/cifras\/wp-json\/wp\/v2\/pages\/2171","targetHints":{"allow":["GET"]}}],"collection":[{"href":"https:\/\/www.humbertoramos.net\/cifras\/wp-json\/wp\/v2\/pages"}],"about":[{"href":"https:\/\/www.humbertoramos.net\/cifras\/wp-json\/wp\/v2\/types\/page"}],"author":[{"embeddable":true,"href":"https:\/\/www.humbertoramos.net\/cifras\/wp-json\/wp\/v2\/users\/1"}],"replies":[{"embeddable":true,"href":"https:\/\/www.humbertoramos.net\/cifras\/wp-json\/wp\/v2\/comments?post=2171"}],"version-history":[{"count":6,"href":"https:\/\/www.humbertoramos.net\/cifras\/wp-json\/wp\/v2\/pages\/2171\/revisions"}],"predecessor-version":[{"id":4226,"href":"https:\/\/www.humbertoramos.net\/cifras\/wp-json\/wp\/v2\/pages\/2171\/revisions\/4226"}],"up":[{"embeddable":true,"href":"https:\/\/www.humbertoramos.net\/cifras\/wp-json\/wp\/v2\/pages\/2150"}],"wp:attachment":[{"href":"https:\/\/www.humbertoramos.net\/cifras\/wp-json\/wp\/v2\/media?parent=2171"}],"curies":[{"name":"wp","href":"https:\/\/api.w.org\/{rel}","templated":true}]}}