{"id":2208,"date":"2015-12-21T13:35:52","date_gmt":"2015-12-21T13:35:52","guid":{"rendered":"http:\/\/www.humbertoramos.net\/cifras\/?page_id=2208"},"modified":"2021-02-24T15:04:21","modified_gmt":"2021-02-24T15:04:21","slug":"fulgencio-tavares-ano-nobo","status":"publish","type":"page","link":"https:\/\/www.humbertoramos.net\/cifras\/fulgencio-tavares-ano-nobo\/","title":{"rendered":"Fulg\u00eancio Tavares &#8211; Ano Nobo"},"content":{"rendered":"<p><strong>&nbsp;Coladeiras<\/strong><\/p>\n<p>1-Ba\u00edno<br>\n2- Bedji\u00e7a<br>\n3- Camarada pepe lope<br>\n4- Choa di nha bibinha<br>\n5- Falsia di tanha<br>\n6- Mania di karat\u00e8<br>\n7- Mmudjer papiad\u00eara<br>\n8- Xema \u00e8 problema<br>\n9- Badia di fora<br>\n10-Basta gana<br>\n11-Chofer di ford<br>\n12-Critica dum badjo<br>\n13-Fuco-fuco<br>\n14-L\u00e9m perera<br>\n15-Meninas di setenta<br>\n16-Mini-saia<br>\n17-Piquenique na praia baixo<br>\n18-Ta pinga tchapo tchapo<br>\n19-Tchotinha mende<br>\n20-Vaidosa<\/p>\n<p><strong>Mazurcas<\/strong><\/p>\n<p><a href=\"http:\/\/www.humbertoramos.net\/cifras\/?p=2215\">Caldo Tchitcharo<\/a><\/p>\n<p><strong>Mornas<\/strong><\/p>\n<p>1.\tCisa Malvada<br>\n2.\tLinda<br>\n3.\tMena<br>\n4.\tN\u00e9n\u00e9 Di Bom \u2013Jardim<br>\n5.\tPolar<br>\n6.\tPomba Iludida<br>\n7.\tRosa<br>\n8.\tSodade Di S.Domingos<br>\n9.\tCabo Verde , Terra Di Meu<br>\n10.\tCriola Morena<br>\n11.\tDistino Cabo Verde<br>\n12.\tFalsidadi<br>\n13.\tFlor Di Revolu\u00e7\u00f3n<br>\n14.\tGina<br>\n15.\tJovem Formosa<br>\n16.\tLolinha<br>\n17.\tMorna Ao P. Firmino<br>\n18.\tMorna Ao P. S\u00e1<br>\n19.\tMorna Cabral<br>\n20.\tPartida<br>\n21.\tPontchinho Dochi Na Casa B\u00eab\u00ea <br>\n22.\tS\u00e2o Louren\u00e7o<br>\n23.\tSodade Di B\u00f3<br>\n&nbsp;<\/p>\n<p><strong>Marchas<\/strong><\/p>\n<p>Marcha teatral<\/p>\n<p>Chegou a hora<\/p>\n<p><strong>Funan\u00e1s<\/strong><\/p>\n<p>Um cuzinha ca ta faz\u00ea nada<\/p>\n<p><strong>Merengues<\/strong><\/p>\n<p>Reza na gudim<\/p>\n<p>Malvina<\/p>\n<p><strong>Sambas<\/strong><\/p>\n<p>Critica<\/p>\n<p>Mena ku Nela<\/p>\n<p><strong>Valsa<\/strong><\/p>\n<p>Juventude de S\u00e3o Domingos.<\/p>\n\n\n\n\n<h2 class=\"wp-block-heading\">Temas Crifrados<\/h2>\n\n\n\n<ul class=\"lcp_catlist\" id=\"lcp_instance_0\"><li><a href=\"https:\/\/www.humbertoramos.net\/cifras\/baino-fulgencio-tavares\/\">Ba\u00edno &#8211; Fulg\u00eancio Tavares<\/a><\/li><li><a href=\"https:\/\/www.humbertoramos.net\/cifras\/basta-gana-fulgencio-tavares\/\">Basta gana &#8211; Fulg\u00eancio Tavares<\/a><\/li><li><a href=\"https:\/\/www.humbertoramos.net\/cifras\/bedjica-fulgencio-tavares\/\">Bedji\u00e7a &#8211; Fulg\u00eancio Tavares<\/a><\/li><li><a href=\"https:\/\/www.humbertoramos.net\/cifras\/critica-dum-badjo-fulgencio-tavares\/\">Critica dum badjo &#8211; Fulg\u00eancio Tavares<\/a><\/li><li><a href=\"https:\/\/www.humbertoramos.net\/cifras\/cumadri-mozinha-ano-nobo\/\">Cumadri Mozinha &#8211; Ano Nobo<\/a><\/li><li><a href=\"https:\/\/www.humbertoramos.net\/cifras\/falsia-di-tanha-fulgencio-tavares\/\">Falsia di Tanha &#8211; Fulg\u00eancio Tavares<\/a><\/li><li><a href=\"https:\/\/www.humbertoramos.net\/cifras\/fuco-fuco-fulgencio-tavares\/\">Fuco fuco &#8211; Fulg\u00eancio Tavares<\/a><\/li><li><a href=\"https:\/\/www.humbertoramos.net\/cifras\/linda-ano-nobo\/\">Linda &#8211; Ano Nobo<\/a><\/li><li><a href=\"https:\/\/www.humbertoramos.net\/cifras\/mania-di-karate-fulgencio-tavares\/\">Mania di Karate  -Fulg\u00eancio Tavares<\/a><\/li><li><a href=\"https:\/\/www.humbertoramos.net\/cifras\/meninas-de-setenta-fulgencio-tavares\/\">Meninas de setenta &#8211; Fulg\u00eancio Tavares<\/a><\/li><li><a href=\"https:\/\/www.humbertoramos.net\/cifras\/mini-saia-fulgencio-tavares\/\">Mini saia -. Fulg\u00eancio Tavares<\/a><\/li><li><a href=\"https:\/\/www.humbertoramos.net\/cifras\/noba-des-badjo-ano-nobo\/\">N\u00f4ba d\u00eas badjo &#8211; Ano Nobo<\/a><\/li><li><a href=\"https:\/\/www.humbertoramos.net\/cifras\/pepe-lope-fulgencio-tavares\/\">Pepe Lope &#8211; Fulg\u00eancio Tavares<\/a><\/li><li><a href=\"https:\/\/www.humbertoramos.net\/cifras\/ta-pinga-tchapo-tchapo-fulgencio-tavares\/\">Ta pinga tchapo tchapo &#8211; Fulg\u00eancio Tavares<\/a><\/li><li><a href=\"https:\/\/www.humbertoramos.net\/cifras\/ta-pinga-tchapo-tchapo\/\">Ta pinga Tchapo- tchapo<\/a><\/li><li><a href=\"https:\/\/www.humbertoramos.net\/cifras\/xema-e-problema-fulgencio-tavares\/\">Xema \u00ea problema &#8211; Fulg\u00eancio Tavares<\/a><\/li><\/ul>\n\n\n","protected":false},"excerpt":{"rendered":"<p>&nbsp;Coladeiras 1-Ba\u00edno 2- Bedji\u00e7a 3- Camarada pepe lope 4- Choa di nha bibinha 5- Falsia di tanha 6- Mania di karat\u00e8 7- Mmudjer papiad\u00eara 8- Xema \u00e8 problema 9- Badia [&hellip;]<\/p>\n","protected":false},"author":1,"featured_media":0,"parent":0,"menu_order":0,"comment_status":"closed","ping_status":"closed","template":"","meta":{"spay_email":"","footnotes":""},"class_list":["post-2208","page","type-page","status-publish","hentry"],"_links":{"self":[{"href":"https:\/\/www.humbertoramos.net\/cifras\/wp-json\/wp\/v2\/pages\/2208","targetHints":{"allow":["GET"]}}],"collection":[{"href":"https:\/\/www.humbertoramos.net\/cifras\/wp-json\/wp\/v2\/pages"}],"about":[{"href":"https:\/\/www.humbertoramos.net\/cifras\/wp-json\/wp\/v2\/types\/page"}],"author":[{"embeddable":true,"href":"https:\/\/www.humbertoramos.net\/cifras\/wp-json\/wp\/v2\/users\/1"}],"replies":[{"embeddable":true,"href":"https:\/\/www.humbertoramos.net\/cifras\/wp-json\/wp\/v2\/comments?post=2208"}],"version-history":[{"count":8,"href":"https:\/\/www.humbertoramos.net\/cifras\/wp-json\/wp\/v2\/pages\/2208\/revisions"}],"predecessor-version":[{"id":4233,"href":"https:\/\/www.humbertoramos.net\/cifras\/wp-json\/wp\/v2\/pages\/2208\/revisions\/4233"}],"wp:attachment":[{"href":"https:\/\/www.humbertoramos.net\/cifras\/wp-json\/wp\/v2\/media?parent=2208"}],"curies":[{"name":"wp","href":"https:\/\/api.w.org\/{rel}","templated":true}]}}