{"id":2436,"date":"2016-03-10T13:08:35","date_gmt":"2016-03-10T13:08:35","guid":{"rendered":"http:\/\/www.humbertoramos.net\/cifras\/?page_id=2436"},"modified":"2021-02-24T15:09:08","modified_gmt":"2021-02-24T15:09:08","slug":"nhelas-spencer","status":"publish","type":"page","link":"https:\/\/www.humbertoramos.net\/cifras\/compositores\/nhelas-spencer\/","title":{"rendered":"Nhelas Spencer"},"content":{"rendered":"<p><a href=\"http:\/\/www.humbertoramos.net\/cifras\/?p=2439\">Torr\u00e3o di meu<\/a><\/p>\n<p>Autocr\u00edtica<\/p>\n<p>Fitcha um oi<\/p>\n<p><a href=\"http:\/\/www.humbertoramos.net\/cifras\/?p=2442\">Amdjer c\u00e1 bitche<\/a><\/p>\n<p>Nha terra escalabrod<\/p>\n<p><a href=\"http:\/\/www.humbertoramos.net\/cifras\/poc-li-dent-e-tcheu-spencer\/\">Poc li dent \u00ea tch\u00eau<\/a><\/p>\n<p>Desilus\u00e3o d&#8217;um amdjer<\/p>\n<p>Amdjer na afronta<\/p>\n<p>M\u00e3e de fidche<\/p>\n<p>Cretch\u00eau tem pena de mim<\/p>\n<p>Amor \u00ea t\u00e3o sab<\/p>\n<p>Ti Jom poca<\/p>\n<p>Cabo Verde vis\u00e3o de cooperante<\/p>\n<p>Mal acostumod<\/p>\n<p>Joana \u00a0<\/p>\n\n\n\n\n<h2 class=\"wp-block-heading\">Temas Cifrados<\/h2>\n\n\n\n<ul class=\"lcp_catlist\" id=\"lcp_instance_0\"><li><a href=\"https:\/\/www.humbertoramos.net\/cifras\/amdjer-ca-bitche-nhelas-spencer\/\">Amdjer ca bitche &#8211; Nhelas Spencer<\/a><\/li><li><a href=\"https:\/\/www.humbertoramos.net\/cifras\/poc-li-dent-e-tcheu-spencer\/\">Poc li d\u00eant \u00ea tch\u00eau &#8211; Nhelas Spencer<\/a><\/li><li><a href=\"https:\/\/www.humbertoramos.net\/cifras\/profilaxia-daniel-spencer\/\">Profilaxia &#8211; Daniel Spencer<\/a><\/li><li><a href=\"https:\/\/www.humbertoramos.net\/cifras\/torrao-di-meu-nhelas-spencer\/\">Torr\u00e3o di meu &#8211; Nhelas Spencer<\/a><\/li><\/ul>\n\n\n","protected":false},"excerpt":{"rendered":"<p>Torr\u00e3o di meu Autocr\u00edtica Fitcha um oi Amdjer c\u00e1 bitche Nha terra escalabrod Poc li dent \u00ea tch\u00eau Desilus\u00e3o d&#8217;um amdjer Amdjer na afronta M\u00e3e de fidche Cretch\u00eau tem pena [&hellip;]<\/p>\n","protected":false},"author":1,"featured_media":0,"parent":2150,"menu_order":0,"comment_status":"closed","ping_status":"closed","template":"","meta":{"spay_email":"","footnotes":""},"class_list":["post-2436","page","type-page","status-publish","hentry"],"_links":{"self":[{"href":"https:\/\/www.humbertoramos.net\/cifras\/wp-json\/wp\/v2\/pages\/2436","targetHints":{"allow":["GET"]}}],"collection":[{"href":"https:\/\/www.humbertoramos.net\/cifras\/wp-json\/wp\/v2\/pages"}],"about":[{"href":"https:\/\/www.humbertoramos.net\/cifras\/wp-json\/wp\/v2\/types\/page"}],"author":[{"embeddable":true,"href":"https:\/\/www.humbertoramos.net\/cifras\/wp-json\/wp\/v2\/users\/1"}],"replies":[{"embeddable":true,"href":"https:\/\/www.humbertoramos.net\/cifras\/wp-json\/wp\/v2\/comments?post=2436"}],"version-history":[{"count":5,"href":"https:\/\/www.humbertoramos.net\/cifras\/wp-json\/wp\/v2\/pages\/2436\/revisions"}],"predecessor-version":[{"id":4235,"href":"https:\/\/www.humbertoramos.net\/cifras\/wp-json\/wp\/v2\/pages\/2436\/revisions\/4235"}],"up":[{"embeddable":true,"href":"https:\/\/www.humbertoramos.net\/cifras\/wp-json\/wp\/v2\/pages\/2150"}],"wp:attachment":[{"href":"https:\/\/www.humbertoramos.net\/cifras\/wp-json\/wp\/v2\/media?parent=2436"}],"curies":[{"name":"wp","href":"https:\/\/api.w.org\/{rel}","templated":true}]}}