{"id":2489,"date":"2016-03-26T19:29:41","date_gmt":"2016-03-26T19:29:41","guid":{"rendered":"http:\/\/www.humbertoramos.net\/cifras\/?page_id=2489"},"modified":"2021-02-24T15:02:08","modified_gmt":"2021-02-24T15:02:08","slug":"frank-cavaquim","status":"publish","type":"page","link":"https:\/\/www.humbertoramos.net\/cifras\/compositores\/frank-cavaquim\/","title":{"rendered":"Frank Cavaquim"},"content":{"rendered":"\n<div class=\"wp-block-image\"><figure class=\"aligncenter size-large is-resized\"><img loading=\"lazy\" decoding=\"async\" src=\"http:\/\/www.humbertoramos.net\/cifras\/wp-content\/uploads\/2020\/09\/frankcavaquim.jpeg\" alt=\"\" class=\"wp-image-3986\" width=\"230\" height=\"333\" srcset=\"https:\/\/www.humbertoramos.net\/cifras\/wp-content\/uploads\/2020\/09\/frankcavaquim.jpeg 345w, https:\/\/www.humbertoramos.net\/cifras\/wp-content\/uploads\/2020\/09\/frankcavaquim-207x300.jpeg 207w\" sizes=\"auto, (max-width: 230px) 100vw, 230px\" \/><\/figure><\/div>\n\n\n<p>Francisco Vicente Gomes \u2013 o Frank Cavaquim<\/p>\n<p>Natural de Santo Ant\u00e3o, nasceu a 3 de Julho de 1927.<\/p>\n<p>Veio para S. Vicente a<span class=\"text_exposed_show\">inda muito cedo.<\/span><\/p>\n<div class=\"text_exposed_show\">\n<p>Compositor nato, fez da \u201cColad\u00eara\u201d seu estilo de elei\u00e7\u00e3o.<\/p>\n<p>Embora n\u00e3o tenha tido uma grande produ\u00e7\u00e3o musical, a sua contribui\u00e7\u00e3o para a m\u00fasica cabo-verdiana foi muito valiosa.<\/p>\n<p>Por ser um excelente tocador de Cavaquinho, ficou-lhe para a hist\u00f3ria o nome de Frank Cavaquim.<\/p>\n<p>Emigrante na Holanda desde os anos 60, fez parte, como em Mindelo, de v\u00e1rios conjuntos de \u201ccriolos\u201d&#8230; Tendo sido um dos co-fundadores do VOZ DE CABO VERDE<\/p>\n<p>Foi dado \u00e0 terra a 5 de Maio de 1993\u2026<\/p>\n<p>\u00a0<\/p>\n<\/div>\n\n\n<h2 class=\"wp-block-heading\">Temas cifrados<\/h2>\n\n\n\n<ul class=\"lcp_catlist\" id=\"lcp_instance_0\"><li><a href=\"https:\/\/www.humbertoramos.net\/cifras\/bingala-dpo-franck-cavaquim\/\">Bingala d&#8217;p\u00f3 &#8211; Franck Cavaquim<\/a><\/li><li><a href=\"https:\/\/www.humbertoramos.net\/cifras\/juvita-de-praca-frank-cavaquim\/\">Juvita de pra\u00e7a &#8211; Frank Cavaquim<\/a><\/li><li><a href=\"https:\/\/www.humbertoramos.net\/cifras\/rotcha-nu-frank-cavaquim\/\">Rotcha n\u00fa &#8211; Frank Cavaquim<\/a><\/li><li><a href=\"https:\/\/www.humbertoramos.net\/cifras\/ssurpresa-franck-cavaquim\/\">Surpresa &#8211; Franck Cavaquim<\/a><\/li><\/ul>\n","protected":false},"excerpt":{"rendered":"<p>Francisco Vicente Gomes \u2013 o Frank Cavaquim Natural de Santo Ant\u00e3o, nasceu a 3 de Julho de 1927. Veio para S. Vicente ainda muito cedo. Compositor nato, fez da \u201cColad\u00eara\u201d [&hellip;]<\/p>\n","protected":false},"author":1,"featured_media":0,"parent":2150,"menu_order":0,"comment_status":"closed","ping_status":"closed","template":"","meta":{"spay_email":"","footnotes":""},"class_list":["post-2489","page","type-page","status-publish","hentry"],"_links":{"self":[{"href":"https:\/\/www.humbertoramos.net\/cifras\/wp-json\/wp\/v2\/pages\/2489","targetHints":{"allow":["GET"]}}],"collection":[{"href":"https:\/\/www.humbertoramos.net\/cifras\/wp-json\/wp\/v2\/pages"}],"about":[{"href":"https:\/\/www.humbertoramos.net\/cifras\/wp-json\/wp\/v2\/types\/page"}],"author":[{"embeddable":true,"href":"https:\/\/www.humbertoramos.net\/cifras\/wp-json\/wp\/v2\/users\/1"}],"replies":[{"embeddable":true,"href":"https:\/\/www.humbertoramos.net\/cifras\/wp-json\/wp\/v2\/comments?post=2489"}],"version-history":[{"count":4,"href":"https:\/\/www.humbertoramos.net\/cifras\/wp-json\/wp\/v2\/pages\/2489\/revisions"}],"predecessor-version":[{"id":4232,"href":"https:\/\/www.humbertoramos.net\/cifras\/wp-json\/wp\/v2\/pages\/2489\/revisions\/4232"}],"up":[{"embeddable":true,"href":"https:\/\/www.humbertoramos.net\/cifras\/wp-json\/wp\/v2\/pages\/2150"}],"wp:attachment":[{"href":"https:\/\/www.humbertoramos.net\/cifras\/wp-json\/wp\/v2\/media?parent=2489"}],"curies":[{"name":"wp","href":"https:\/\/api.w.org\/{rel}","templated":true}]}}