{"id":257,"date":"2011-07-12T00:53:49","date_gmt":"2011-07-12T00:53:49","guid":{"rendered":"http:\/\/www.humbertoramos.net\/cifras\/?page_id=257"},"modified":"2019-08-10T10:46:43","modified_gmt":"2019-08-10T10:46:43","slug":"coladera","status":"publish","type":"page","link":"https:\/\/www.humbertoramos.net\/cifras\/listas\/coladera\/","title":{"rendered":"Coladera"},"content":{"rendered":"<ul class=\"lcp_catlist\" id=\"lcp_instance_0\"><li><a href=\"https:\/\/www.humbertoramos.net\/cifras\/a-m-reggae-mario-lucio\/\">A. M. Reggae &#8211; Mario Lucio<\/a><\/li><li><a href=\"https:\/\/www.humbertoramos.net\/cifras\/africa-de-itamaraca-mario-lucio\/\">\u00c1frica de Itamarac\u00e1 &#8211; M\u00e1rio L\u00facio<\/a><\/li><li><a href=\"https:\/\/www.humbertoramos.net\/cifras\/ai-se-rolando-semedo\/\">Ai se&#8230; Rolando Semedo<\/a><\/li><li><a href=\"https:\/\/www.humbertoramos.net\/cifras\/amdjer-ca-bitche-nhelas-spencer\/\">Amdjer ca bitche &#8211; Nhelas Spencer<\/a><\/li><li><a href=\"https:\/\/www.humbertoramos.net\/cifras\/amdjer-e-um-bitche-mau-gilson-gee\/\">Amdjer \u00ea um bitche mau &#8211; Gilson Gee<\/a><\/li><li><a href=\"https:\/\/www.humbertoramos.net\/cifras\/amiga-de-nha-amigo-manel-de-novas\/\">Amiga de nha amigo &#8211; Manel de Novas<\/a><\/li><li><a href=\"https:\/\/www.humbertoramos.net\/cifras\/amor-de-fantasia-ti-goy\/\">Amor de Fantasia &#8211; Florentino<\/a><\/li><li><a href=\"https:\/\/www.humbertoramos.net\/cifras\/amor-e-dor-george-tavares-silva-2\/\">Amor e dor &#8211; George Tavares Silva<\/a><\/li><li><a href=\"https:\/\/www.humbertoramos.net\/cifras\/apocalipse-manel-de-novas\/\">Apocalipse &#8211; Manel de Novas<\/a><\/li><li><a href=\"https:\/\/www.humbertoramos.net\/cifras\/arquivo-historico-mario-lucio\/\">Arquivo historico &#8211; Mario Lucio<\/a><\/li><li><a href=\"https:\/\/www.humbertoramos.net\/cifras\/arriola-edy-moreno\/\">Arriola &#8211; Edy Moreno<\/a><\/li><li><a href=\"https:\/\/www.humbertoramos.net\/cifras\/assim-assim-luis-limavaiss\/\">Assim assim- Luis Lima\/Vaiss<\/a><\/li><li><a href=\"https:\/\/www.humbertoramos.net\/cifras\/ba-pesca-dani-santoz\/\">Ba pesca &#8211; Dani Santoz<\/a><\/li><li><a href=\"https:\/\/www.humbertoramos.net\/cifras\/baiana-nando-da-cruz\/\">Baiana &#8211; Nando da Cruz<\/a><\/li><li><a href=\"https:\/\/www.humbertoramos.net\/cifras\/baino-fulgencio-tavares\/\">Ba\u00edno &#8211; Fulg\u00eancio Tavares<\/a><\/li><li><a href=\"https:\/\/www.humbertoramos.net\/cifras\/basta-gana-fulgencio-tavares\/\">Basta gana &#8211; Fulg\u00eancio Tavares<\/a><\/li><li><a href=\"https:\/\/www.humbertoramos.net\/cifras\/bedjica-fulgencio-tavares\/\">Bedji\u00e7a &#8211; Fulg\u00eancio Tavares<\/a><\/li><li><a href=\"https:\/\/www.humbertoramos.net\/cifras\/music\/beju-furtado-tete-alhinho\/\">Beju Furtado &#8211; Tete Alhinho<\/a><\/li><li><a href=\"https:\/\/www.humbertoramos.net\/cifras\/berco-dmorabeza-jotace\/\">Ber\u00e7o d&#8217;Morabeza &#8211; Jotac\u00ea<\/a><\/li><li><a href=\"https:\/\/www.humbertoramos.net\/cifras\/bidibido-elida-almeida\/\">Bidibido &#8211; \u00c9lida Almeida<\/a><\/li><li><a href=\"https:\/\/www.humbertoramos.net\/cifras\/bitina-manel-de-novas\/\">Bitina &#8211; Manel de Novas<\/a><\/li><li><a href=\"https:\/\/www.humbertoramos.net\/cifras\/bo-ca-tava-pa-sementera-zinha-manel-de-novas\/\">B\u00f4 ca tava pa sementera &#8211; (Zinha)- Manel de Novas<\/a><\/li><li><a href=\"https:\/\/www.humbertoramos.net\/cifras\/bo-e-di-li-nataly-martins\/\">B\u00f3 \u00e9 di li &#8211; Nataly Martins<\/a><\/li><li><a href=\"https:\/\/www.humbertoramos.net\/cifras\/bo-ta-completam-marcelina-monteiro-constantino-cardoso\/\">B\u00f4 ta completam &#8211; Marcelina Monteiro\/ Constantino Cardoso<\/a><\/li><li><a href=\"https:\/\/www.humbertoramos.net\/cifras\/boa-viagem-tito-paris\/\">Boa Viagem &#8211; Tito Paris<\/a><\/li><li><a href=\"https:\/\/www.humbertoramos.net\/cifras\/boas-festas-popular\/\">Boas Festas &#8211; Popular<\/a><\/li><li><a href=\"https:\/\/www.humbertoramos.net\/cifras\/bom-kriol-tiolino\/\">Bom Kriol &#8211; Tiolino<\/a><\/li><li><a href=\"https:\/\/www.humbertoramos.net\/cifras\/cabel-tchumescod-manel-de-novas\/\">Cabel tchumesc\u00f3d &#8211; Manel de Novas<\/a><\/li><li><a href=\"https:\/\/www.humbertoramos.net\/cifras\/cabinda-a-cunene-ramiro-mendes\/\">Cabinda a Cunene &#8211; Ramiro Mendes<\/a><\/li><li><a href=\"https:\/\/www.humbertoramos.net\/cifras\/cabo-verde-encanto-george-tavares-silva\/\">Cabo Verde encanto &#8211; George Tavares Silva<\/a><\/li><li><a href=\"https:\/\/www.humbertoramos.net\/cifras\/cabo-verde-note-era-glanzer-ramos-e-djim-djob\/\">Cabo Verde n&#8217;ote era &#8211; Glanzer Ramos e Djim Djob<\/a><\/li><li><a href=\"https:\/\/www.humbertoramos.net\/cifras\/cabo-verde-visao-de-cooperante-daniel-spencer\/\">Cabo Verde, Vis\u00e3o de cooperante- Daniel Spencer<\/a><\/li><li><a href=\"https:\/\/www.humbertoramos.net\/cifras\/camin-de-maderalzim-manel-de-novas\/\">Camin de Maderalzim &#8211; Manel de Novas<\/a><\/li><li><a href=\"https:\/\/www.humbertoramos.net\/cifras\/camin-di-mar-jorge-tavares-silva\/\">Camin di mar &#8211; Jorge Tavares Silva<\/a><\/li><li><a href=\"https:\/\/www.humbertoramos.net\/cifras\/camin-di-mar-pedro-rodrigues\/\">Camin di mar &#8211; Pedro Rodrigues<\/a><\/li><li><a href=\"https:\/\/www.humbertoramos.net\/cifras\/cartinha-dholanda-manduca-didite-pedro-rodrigues\/\">Cartinha d&#8217;Holanda- Manduca Didite \/Pedro Rodrigues<\/a><\/li><li><a href=\"https:\/\/www.humbertoramos.net\/cifras\/catatau-faria-junior\/\">Catatau &#8211; Faria Junior<\/a><\/li><li><a href=\"https:\/\/www.humbertoramos.net\/cifras\/cavala-na-bolsa-frank-cavaquim\/\">Cavala na bolsa &#8211; Frank Cavaquim<\/a><\/li><li><a href=\"https:\/\/www.humbertoramos.net\/cifras\/cena-de-ciumes-alcides-brito\/\">Cena de ci\u00fames &#8211; Alcides Brito<\/a><\/li><li><a href=\"https:\/\/www.humbertoramos.net\/cifras\/cinturao-tem-mel-ti-goy\/\">Cintur\u00e3o tem mel &#8211; Ti Goy<\/a><\/li><li><a href=\"https:\/\/www.humbertoramos.net\/cifras\/cme-catchorr-manel-de-novas\/\">Cm\u00ea catchorr &#8211; Manel de Novas<\/a><\/li><li><a href=\"https:\/\/www.humbertoramos.net\/cifras\/coladera-nobo-tete-alhinho\/\">Coladera nobo &#8211; Tete Alhinho<\/a><\/li><li><a href=\"https:\/\/www.humbertoramos.net\/cifras\/contratempo-manel-de-novas\/\">Contratempo &#8211; Manel de Novas<\/a><\/li><li><a href=\"https:\/\/www.humbertoramos.net\/cifras\/coraja-irmon-toy-vieira\/\">Coraja irmon &#8211; Toy Vieira<\/a><\/li><li><a href=\"https:\/\/www.humbertoramos.net\/cifras\/corpim-de-dfigurino-manel-de-novas\/\">Corpim de d&#8217;figurino &#8211; Manel de Novas<\/a><\/li><li><a href=\"https:\/\/www.humbertoramos.net\/cifras\/cretcheu-tem-pena-de-mim-nhelas-spencer\/\">Cretcheu tem pena de mim &#8211; Nhelas Spencer-<\/a><\/li><li><a href=\"https:\/\/www.humbertoramos.net\/cifras\/criol-e-bitche-morgadinho\/\">Criol \u00ea bitche &#8211; Morgadinho<\/a><\/li><li><a href=\"https:\/\/www.humbertoramos.net\/cifras\/criola\/\">Criola &#8211; July \u00c9vora-Betu-Julio Fortes<\/a><\/li><li><a href=\"https:\/\/www.humbertoramos.net\/cifras\/criola-toy-vieira\/\">Criola &#8211; Toy Vieira<\/a><\/li><li><a href=\"https:\/\/www.humbertoramos.net\/cifras\/critica-dum-badjo-fulgencio-tavares\/\">Critica dum badjo &#8211; Fulg\u00eancio Tavares<\/a><\/li><li><a href=\"https:\/\/www.humbertoramos.net\/cifras\/cumpad-mantin-batista\/\">Cumpad Mantin &#8211; Batista<\/a><\/li><li><a href=\"https:\/\/www.humbertoramos.net\/cifras\/curral-ca-tem-capode-popular\/\">Curral ca tem capode &#8211; Popular<\/a><\/li><li><a href=\"https:\/\/www.humbertoramos.net\/cifras\/curti-bo-live-tito-paris\/\">Curti b\u00f4 live  &#8211; Tito Paris<\/a><\/li><li><a href=\"https:\/\/www.humbertoramos.net\/cifras\/curti-geada-manel-de-novas\/\">Curti geada &#8211; Manel de Novas<\/a><\/li><li><a href=\"https:\/\/www.humbertoramos.net\/cifras\/dnhirim-de-reforma-nando-da-cruz\/\">D&#8217;nhirim de reforma &#8211; Nando da Cruz<\/a><\/li><li><a href=\"https:\/\/www.humbertoramos.net\/cifras\/danca-ma-mim-criola-toy-vieira\/\">Dan\u00e7a ma mim criola &#8211; Toy Vieira<\/a><\/li><li><a href=\"https:\/\/www.humbertoramos.net\/cifras\/data-magna-vlu\/\">Data magna &#8211; Vlu<\/a><\/li><li><a href=\"https:\/\/www.humbertoramos.net\/cifras\/dedicacao-gil-semedo-coladera\/\">Dedica\u00e7\u00e3o &#8211; Gil Semedo &#8211; Coladera<\/a><\/li><li><a href=\"https:\/\/www.humbertoramos.net\/cifras\/desejo-de-mamae-norberto-sanches\/\">Desejo de mam\u00e3e &#8211; Norberto Sanches<\/a><\/li><li><a href=\"https:\/\/www.humbertoramos.net\/cifras\/dialogo-faria-junior\/\">Di\u00e1logo &#8211; Faria J\u00fanior<\/a><\/li><li><a href=\"https:\/\/www.humbertoramos.net\/cifras\/djarmai-elida-almeida\/\">Djarmai &#8211; \u00c9lida Almeida<\/a><\/li><li><a href=\"https:\/\/www.humbertoramos.net\/cifras\/dondona-elida-almeida\/\">Dondona &#8211; \u00c9lida Almeida<\/a><\/li><li><a href=\"https:\/\/www.humbertoramos.net\/cifras\/dor-di-amor-mario-lucio\/\">Dor di amor &#8211; M\u00e1rio L\u00facio<\/a><\/li><li><a href=\"https:\/\/www.humbertoramos.net\/cifras\/encmenda-de-terra-paley-spencer\/\">Encmenda de Terra &#8211; Paley Spencer<\/a><\/li><li><a href=\"https:\/\/www.humbertoramos.net\/cifras\/entre-spada-e-paredi-zeze-di-nha-reinalda\/\">Entre spada e paredi &#8211; Z\u00e9z\u00e9 di nha Reinalda<\/a><\/li><li><a href=\"https:\/\/www.humbertoramos.net\/cifras\/estrela-da-marinha-b-leza\/\">Estrela da Marinha &#8211; B.Leza<\/a><\/li><li><a href=\"https:\/\/www.humbertoramos.net\/cifras\/estudante-betu\/\">Estudante &#8211; Bet\u00fa<\/a><\/li><li><a href=\"https:\/\/www.humbertoramos.net\/cifras\/falsia-di-tanha-fulgencio-tavares\/\">Falsia di Tanha &#8211; Fulg\u00eancio Tavares<\/a><\/li><li><a href=\"https:\/\/www.humbertoramos.net\/cifras\/falta-de-forca-ti-goi\/\">Falta de for\u00e7a &#8211; Ti Goi<\/a><\/li><li><a href=\"https:\/\/www.humbertoramos.net\/cifras\/fe-dum-fidj-tiolino\/\">F\u00e9 dum fidj &#8211; Tiolino<\/a><\/li><li><a href=\"https:\/\/www.humbertoramos.net\/cifras\/festa-de-tchuva-bius\/\">Festa de Tchuva &#8211; Bi\u00fas<\/a><\/li><li><a href=\"https:\/\/www.humbertoramos.net\/cifras\/fidjo-femea-betu\/\">Fidjo f\u00eamea &#8211; Betu<\/a><\/li><li><a href=\"https:\/\/www.humbertoramos.net\/cifras\/fitche-fatche-calu-monteiro-djim-job\/\">Fitche Fatche &#8211; Calu Monteiro\/Djim Job<\/a><\/li><li><a href=\"https:\/\/www.humbertoramos.net\/cifras\/foi-assim-tabanka-djaz\/\">Foi assim &#8211; Tabanka Djaz<\/a><\/li><li><a href=\"https:\/\/www.humbertoramos.net\/cifras\/forca-juntod-vasco-martins\/\">For\u00e7a junt\u00f3d &#8211; Vasco Martins<\/a><\/li><li><a href=\"https:\/\/www.humbertoramos.net\/cifras\/forti-trabadja-pa-alguem-p-rodrigues\/\">Forti trabadja pa algu\u00e9m- P.Rodrigues<\/a><\/li><li><a href=\"https:\/\/www.humbertoramos.net\/cifras\/fuco-fuco-fulgencio-tavares\/\">Fuco fuco &#8211; Fulg\u00eancio Tavares<\/a><\/li><li><a href=\"https:\/\/www.humbertoramos.net\/cifras\/heranca-de-manduco-neves\/\">Heran\u00e7a de manduco &#8211; Neves<\/a><\/li><li><a href=\"https:\/\/www.humbertoramos.net\/cifras\/hoje-e-natal-manel-de-novas\/\">Hoje \u00e9 Natal &#8211; Manel de Novas<\/a><\/li><li><a href=\"https:\/\/www.humbertoramos.net\/cifras\/ina-djo-diloy\/\">Ina &#8211; Djo D&#8217;Iloy<\/a><\/li><li><a href=\"https:\/\/www.humbertoramos.net\/cifras\/inrocod-na-txom-de-soncente-jotace\/\">Inroc\u00f2d Na Txom de Soncente- Jotac\u00ea<\/a><\/li><li><a href=\"https:\/\/www.humbertoramos.net\/cifras\/jacinta-ramiro-mendes\/\">Jacinta &#8211; Ramiro Mendes<\/a><\/li><li><a href=\"https:\/\/www.humbertoramos.net\/cifras\/jom-dguida-djo-deloy\/\">Jom d&#8217;Guida &#8211; Dj\u00f4 d&#8217;Eloy<\/a><\/li><li><a href=\"https:\/\/www.humbertoramos.net\/cifras\/juvita-de-praca-frank-cavaquim\/\">Juvita de pra\u00e7a &#8211; Frank Cavaquim<\/a><\/li><li><a href=\"https:\/\/www.humbertoramos.net\/cifras\/ka-tem-vent-lucio-vieira\/\">Ka tem vent &#8211; L\u00facio Vieira<\/a><\/li><li><a href=\"https:\/\/www.humbertoramos.net\/cifras\/kaza-tiolino\/\">Kaza &#8211; Tiolino<\/a><\/li><li><a href=\"https:\/\/www.humbertoramos.net\/cifras\/kompanher-tiolino\/\">Kompanher &#8211; Tiolino<\/a><\/li><li><a href=\"https:\/\/www.humbertoramos.net\/cifras\/labanta-braco-alcides-brito\/\">Labanta bra\u00e7o &#8211; Alcides Brito<\/a><\/li><li><a href=\"https:\/\/www.humbertoramos.net\/cifras\/landum-de-amor-mario-lucio\/\">Landum de amor &#8211; M\u00e1rio L\u00facio<\/a><\/li><li><a href=\"https:\/\/www.humbertoramos.net\/cifras\/2519-2\/\">Lebam ku b\u00f4 &#8211; \u00c9lida Almeida<\/a><\/li><li><a href=\"https:\/\/www.humbertoramos.net\/cifras\/lindinha-jorge-humberto\/\">Lindinha &#8211; Jorge Humberto<\/a><\/li><li><a href=\"https:\/\/www.humbertoramos.net\/cifras\/luci-betu\/\">Luci &#8211; Bet\u00fa<\/a><\/li><li><a href=\"https:\/\/www.humbertoramos.net\/cifras\/lutchinha-manel-de-novas\/\">Lutchinha &#8211; Manel de Novas<\/a><\/li><li><a href=\"https:\/\/www.humbertoramos.net\/cifras\/mae-velha-nando-da-cruz\/\">M\u00e3e velha &#8211; Nando da Cruz<\/a><\/li><li><a href=\"https:\/\/www.humbertoramos.net\/cifras\/manche\/\">Manch\u00ea-????<\/a><\/li><li><a href=\"https:\/\/www.humbertoramos.net\/cifras\/mania-di-karate-fulgencio-tavares\/\">Mania di Karate  -Fulg\u00eancio Tavares<\/a><\/li><li><a href=\"https:\/\/www.humbertoramos.net\/cifras\/mari-bibi-jon-luz\/\">Mari Bibi &#8211; Jon Luz<\/a><\/li><li><a href=\"https:\/\/www.humbertoramos.net\/cifras\/marina-toy-vieira\/\">Marina &#8211; Toy Vieira<\/a><\/li><li><a href=\"https:\/\/www.humbertoramos.net\/cifras\/meninas-de-setenta-fulgencio-tavares\/\">Meninas de setenta &#8211; Fulg\u00eancio Tavares<\/a><\/li><li><a href=\"https:\/\/www.humbertoramos.net\/cifras\/mi-e-dod-na-bo-cabo-verde-dany-mariano\/\">Mi \u00ea dod na b\u00f4 Cabo Verde &#8211; Dany Mariano<\/a><\/li><li><a href=\"https:\/\/www.humbertoramos.net\/cifras\/mata-morte-ti-goi\/\">Mim na meio de mar (Mata morte?) &#8211; Ti Goi<\/a><\/li><li><a href=\"https:\/\/www.humbertoramos.net\/cifras\/mini-saia-fulgencio-tavares\/\">Mini saia -. Fulg\u00eancio Tavares<\/a><\/li><li><a href=\"https:\/\/www.humbertoramos.net\/cifras\/molestia-tropical\/\">Mol\u00e9stia tropical &#8211; Il\u00eddio Baleno<\/a><\/li><li><a href=\"https:\/\/www.humbertoramos.net\/cifras\/monte-cara-toy-vieira\/\">Monte cara &#8211; Luis Lima\/Toy Vieira<\/a><\/li><li><a href=\"https:\/\/www.humbertoramos.net\/cifras\/mosca-estronhe-manel-de-novas\/\">Mosca estronhe &#8211; Manel de Novas<\/a><\/li><li><a href=\"https:\/\/www.humbertoramos.net\/cifras\/nhorizonte-kaka-barbosa\/\">N\u2019Horizonte &#8211; Ab\u00edlio Duarte<\/a><\/li><li><a href=\"https:\/\/www.humbertoramos.net\/cifras\/na-ote-metade-constantino-cardoso\/\">Na ote metade &#8211; Constantino Cardoso<\/a><\/li><li><a href=\"https:\/\/www.humbertoramos.net\/cifras\/nada-e-perfeito-jorge-tavares-silva\/\">Nada \u00ea perfeito &#8211; Jorge Tavares Silva<\/a><\/li><li><a href=\"https:\/\/www.humbertoramos.net\/cifras\/nha-betinha-dr\/\">Nha Betinha &#8211; DR<\/a><\/li><li><a href=\"https:\/\/www.humbertoramos.net\/cifras\/nha-joquina-jon-luz\/\">Nha Joquina &#8211; Jon Luz<\/a><\/li><li><a href=\"https:\/\/www.humbertoramos.net\/cifras\/nha-vida-jorge-tavares-silva\/\">Nha vida &#8211; Jorge Tavares Silva<\/a><\/li><li><a href=\"https:\/\/www.humbertoramos.net\/cifras\/nha-vivencia-daniel-lobo\/\">Nha viv\u00eancia &#8211; Daniel Lobo<\/a><\/li><li><a href=\"https:\/\/www.humbertoramos.net\/cifras\/nho-manel-dionisio-maio\/\">Nh\u00f4 Manel &#8211; Dion\u00edsio Maio<\/a><\/li><li><a href=\"https:\/\/www.humbertoramos.net\/cifras\/no-intende-toy-vieira\/\">N\u00f4 intend\u00ea &#8211; Toy Vieira<\/a><\/li><li><a href=\"https:\/\/www.humbertoramos.net\/cifras\/noba-des-badjo-ano-nobo\/\">N\u00f4ba d\u00eas badjo &#8211; Ano Nobo<\/a><\/li><li><a href=\"https:\/\/www.humbertoramos.net\/cifras\/nos-clima-mario-lucio\/\">Nos Clima &#8211; Mario Lucio<\/a><\/li><li><a href=\"https:\/\/www.humbertoramos.net\/cifras\/novo-ano-manel-de-novas\/\">Novo ano &#8211; Manel de Novas<\/a><\/li><li><a href=\"https:\/\/www.humbertoramos.net\/cifras\/odjus-fitchadu\/\">Odjus fitchadu<\/a><\/li><li><a href=\"https:\/\/www.humbertoramos.net\/cifras\/oi-sabine-largam-cacoi\/\">Oi Sabine Largam &#8211; Cacoi?<\/a><\/li><li><a href=\"https:\/\/www.humbertoramos.net\/cifras\/padrim-um-ca-tem-dany-mariano\/\">Padrim um ca tem &#8211; Dany Mariano<\/a><\/li><li><a href=\"https:\/\/www.humbertoramos.net\/cifras\/pepe-lope-fulgencio-tavares\/\">Pepe Lope &#8211; Fulg\u00eancio Tavares<\/a><\/li><li><a href=\"https:\/\/www.humbertoramos.net\/cifras\/petit-pays-nando-da-cruz\/\">Petit Pays &#8211; Nando da Cruz<\/a><\/li><li><a href=\"https:\/\/www.humbertoramos.net\/cifras\/poc-li-dent-e-tcheu-spencer\/\">Poc li d\u00eant \u00ea tch\u00eau &#8211; Nhelas Spencer<\/a><\/li><li><a href=\"https:\/\/www.humbertoramos.net\/cifras\/ponta-de-fi-cesaria-evora-artur-silva-manel-de-novas\/\">Ponta de Fi &#8211; Ces\u00e1ria \u00c9vora-Artur Silva\/Manel de Novas<\/a><\/li><li><a href=\"https:\/\/www.humbertoramos.net\/cifras\/alo-alo-cabo-verde-paulino-vieira\/\">Prece di um fidje (al\u00f4 al\u00f4 cabo verde)- Paulino Vieira<\/a><\/li><li><a href=\"https:\/\/www.humbertoramos.net\/cifras\/riola-de-irmon-faria-junior\/\">Professorinha &#8211; Manel de Novas<\/a><\/li><li><a href=\"https:\/\/www.humbertoramos.net\/cifras\/profilaxia-daniel-spencer\/\">Profilaxia &#8211; Daniel Spencer<\/a><\/li><li><a href=\"https:\/\/www.humbertoramos.net\/cifras\/pull-up-mayra-andrade\/\">Pull up &#8211; Mayra Andrade<\/a><\/li><li><a href=\"https:\/\/www.humbertoramos.net\/cifras\/puntim-mas-puntim-paulino-vieira\/\">Puntim mas puntim &#8211; Paulino Vieira<\/a><\/li><li><a href=\"https:\/\/www.humbertoramos.net\/cifras\/quebrod-nem-djosa-vlu\/\">Quebr\u00f3d nem Djosa &#8211; Vl\u00fa<\/a><\/li><li><a href=\"https:\/\/www.humbertoramos.net\/cifras\/ramboia-na-toi-bintin-manel-de-novas\/\">Ramboia na Toi Bintin &#8211; Manel de Novas<\/a><\/li><li><a href=\"https:\/\/www.humbertoramos.net\/cifras\/recordai-teofilo-chantre\/\">Recordai &#8211; Te\u00f3filo Chantre<\/a><\/li><li><a href=\"https:\/\/www.humbertoramos.net\/cifras\/romance-desejod-glanzer-ramos-djim-job-calu-monteiro\/\">Romance desej\u00f3d- Glanzer Ramos\/Djim Job\/Calu Monteiro<\/a><\/li><li><a href=\"https:\/\/www.humbertoramos.net\/cifras\/rua-de-lisboa-vlu\/\">Rua de Lisboa &#8211; Vlu<\/a><\/li><li><a href=\"https:\/\/www.humbertoramos.net\/cifras\/sabu-tcheka\/\">Sabu &#8211; Tcheka<\/a><\/li><li><a href=\"https:\/\/www.humbertoramos.net\/cifras\/salta-parede-manel-de-novas\/\">Salt\u00e1 parede &#8211; Manel de Novas<\/a><\/li><li><a href=\"https:\/\/www.humbertoramos.net\/cifras\/sangue-de-verona\/\">Sangue de Verona &#8211; popular<\/a><\/li><li><a href=\"https:\/\/www.humbertoramos.net\/cifras\/se-bo-pdim-jotace-grace-evora\/\">Se b\u00f4 pdim &#8211; Jotac\u00ea- Grace \u00c9vora<\/a><\/li><li><a href=\"https:\/\/www.humbertoramos.net\/cifras\/sema-manel-de-novas\/\">S\u00eama &#8211; Manel de Novas<\/a><\/li><li><a href=\"https:\/\/www.humbertoramos.net\/cifras\/si-ramiro-mendes\/\">Si  &#8211; Ramiro Mendes<\/a><\/li><li><a href=\"https:\/\/www.humbertoramos.net\/cifras\/sina-de-mamae-teofilo-chantre\/\">Sina de mam\u00e3e terra &#8211; Te\u00f3filo Chantre<\/a><\/li><li><a href=\"https:\/\/www.humbertoramos.net\/cifras\/so-puera-to-alves\/\">S\u00f4 Puera &#8211; T\u00f3 Alves<\/a><\/li><li><a href=\"https:\/\/www.humbertoramos.net\/cifras\/sobreviencia-tchey\/\">Sobrevi\u00eancia &#8211; Tchey<\/a><\/li><li><a href=\"https:\/\/www.humbertoramos.net\/cifras\/sodade-amandio-cabral-original\/\">Sodade &#8211; Amandio Cabral (original)<\/a><\/li><li><a href=\"https:\/\/www.humbertoramos.net\/cifras\/sodade-ca-bo-frontam-toy-vieira\/\">Sodade ca b\u00f4 frontam &#8211; Toy Vieira<\/a><\/li><li><a href=\"https:\/\/www.humbertoramos.net\/cifras\/sonhe-dum-criol-chitada-de-fome-manel-de-nova\/\">Sonhe dum criol (Chitada de fome) &#8211; Manel de Nova<\/a><\/li><li><a href=\"https:\/\/www.humbertoramos.net\/cifras\/sorte\/\">Sorte &#8211; Nica Sicil\/Teofilo Chantre<\/a><\/li><li><a href=\"https:\/\/www.humbertoramos.net\/cifras\/stapora-do-diabo\/\">Stapora do diabo &#8211; ?????<\/a><\/li><li><a href=\"https:\/\/www.humbertoramos.net\/cifras\/ssurpresa-franck-cavaquim\/\">Surpresa &#8211; Franck Cavaquim<\/a><\/li><li><a href=\"https:\/\/www.humbertoramos.net\/cifras\/ta-pinga-tchapo-tchapo-fulgencio-tavares\/\">Ta pinga tchapo tchapo &#8211; Fulg\u00eancio Tavares<\/a><\/li><li><a href=\"https:\/\/www.humbertoramos.net\/cifras\/ta-pinga-tchapo-tchapo\/\">Ta pinga Tchapo- tchapo<\/a><\/li><li><a href=\"https:\/\/www.humbertoramos.net\/cifras\/talianinha-manel-de-novas-2\/\">Talianinha &#8211; Manel de Novas<\/a><\/li><li><a href=\"https:\/\/www.humbertoramos.net\/cifras\/tcham-txega-rolando-semedo\/\">Tcham txega &#8211; Rolando Semedo<\/a><\/li><li><a href=\"https:\/\/www.humbertoramos.net\/cifras\/tchiga-pa-mi-tete-alhinho-scapa\/\">Tchiga pa mi &#8211; Scapa\/Tete Alhinho<\/a><\/li><li><a href=\"https:\/\/www.humbertoramos.net\/cifras\/tchom-frio-manel-de-novas\/\">Tchom Frio &#8211; Manel de Novas<\/a><\/li><li><a href=\"https:\/\/www.humbertoramos.net\/cifras\/tchuba-amiga-nataly-martins\/\">Tchuba amiga &#8211; Nataly Martins<\/a><\/li><li><a href=\"https:\/\/www.humbertoramos.net\/cifras\/temp-djorge-cornitim-jotace\/\">Temp d&#8217;J\u00f4rge Cornitim &#8211; Jotac\u00ea<\/a><\/li><li><a href=\"https:\/\/www.humbertoramos.net\/cifras\/tera-rolando-semedo\/\">T\u00e9ra &#8211; Rolando Semedo<\/a><\/li><li><a href=\"https:\/\/www.humbertoramos.net\/cifras\/trabessado-popular\/\">Trabessado &#8211; popular<\/a><\/li><li><a href=\"https:\/\/www.humbertoramos.net\/cifras\/traca-nha-rume-toy-vieira\/\">Tra\u00e7a nha rume &#8211; Toy Vieira<\/a><\/li><li><a href=\"https:\/\/www.humbertoramos.net\/cifras\/travessa-di-peixeira-manel-de-novas\/\">Travessa di peixeira &#8211; Manel de Novas<\/a><\/li><li><a href=\"https:\/\/www.humbertoramos.net\/cifras\/triste-e-sabe-dani-santoz\/\">Triste \u00ea sab\u00ea &#8211; Dani Santoz<\/a><\/li><li><a href=\"https:\/\/www.humbertoramos.net\/cifras\/tud-ta-para-hilario-silva\/\">Tud ta par\u00e1 &#8211; Hil\u00e1rio Silva<\/a><\/li><li><a href=\"https:\/\/www.humbertoramos.net\/cifras\/tuna\/\">Tuna &#8211; Lindo nha Sinhorinha<\/a><\/li><li><a href=\"https:\/\/www.humbertoramos.net\/cifras\/tunga-tunguinha-popular\/\">Tunga Tunguinha &#8211; Popular<\/a><\/li><li><a href=\"https:\/\/www.humbertoramos.net\/cifras\/vazio-vasco-martins\/\">Vazio &#8211; Vasco Martins<\/a><\/li><li><a href=\"https:\/\/www.humbertoramos.net\/cifras\/velocidade\/\">Velocidade &#8211;<\/a><\/li><li><a href=\"https:\/\/www.humbertoramos.net\/cifras\/viagem-de-costa-ildo-jesus\/\">Viagem de costa &#8211; Ildo Jesus<\/a><\/li><li><a href=\"https:\/\/www.humbertoramos.net\/cifras\/vida-e-rudonde-moda-um-anel-vasco-martins\/\">Vida \u00ea rudonde moda um anel &#8211; Vasco Martins<\/a><\/li><li><a href=\"https:\/\/www.humbertoramos.net\/cifras\/vra-tchiff-manel-de-novas\/\">Vra tchiff &#8211; Manel de Novas<\/a><\/li><\/ul>\n","protected":false},"excerpt":{"rendered":"A. M. Reggae &#8211; Mario Lucio\u00c1frica de Itamarac\u00e1 &#8211; M\u00e1rio L\u00facioAi se&#8230; Rolando SemedoAmdjer ca bitche &#8211; Nhelas SpencerAmdjer \u00ea um bitche mau &#8211; Gilson GeeAmiga de nha amigo &#8211; [...]","protected":false},"author":1,"featured_media":0,"parent":47,"menu_order":0,"comment_status":"closed","ping_status":"closed","template":"","meta":{"spay_email":"","footnotes":""},"class_list":["post-257","page","type-page","status-publish","hentry"],"_links":{"self":[{"href":"https:\/\/www.humbertoramos.net\/cifras\/wp-json\/wp\/v2\/pages\/257","targetHints":{"allow":["GET"]}}],"collection":[{"href":"https:\/\/www.humbertoramos.net\/cifras\/wp-json\/wp\/v2\/pages"}],"about":[{"href":"https:\/\/www.humbertoramos.net\/cifras\/wp-json\/wp\/v2\/types\/page"}],"author":[{"embeddable":true,"href":"https:\/\/www.humbertoramos.net\/cifras\/wp-json\/wp\/v2\/users\/1"}],"replies":[{"embeddable":true,"href":"https:\/\/www.humbertoramos.net\/cifras\/wp-json\/wp\/v2\/comments?post=257"}],"version-history":[{"count":4,"href":"https:\/\/www.humbertoramos.net\/cifras\/wp-json\/wp\/v2\/pages\/257\/revisions"}],"predecessor-version":[{"id":3348,"href":"https:\/\/www.humbertoramos.net\/cifras\/wp-json\/wp\/v2\/pages\/257\/revisions\/3348"}],"up":[{"embeddable":true,"href":"https:\/\/www.humbertoramos.net\/cifras\/wp-json\/wp\/v2\/pages\/47"}],"wp:attachment":[{"href":"https:\/\/www.humbertoramos.net\/cifras\/wp-json\/wp\/v2\/media?parent=257"}],"curies":[{"name":"wp","href":"https:\/\/api.w.org\/{rel}","templated":true}]}}