{"id":262,"date":"2011-07-12T00:56:16","date_gmt":"2011-07-12T00:56:16","guid":{"rendered":"http:\/\/www.humbertoramos.net\/cifras\/?page_id=262"},"modified":"2013-03-01T12:24:06","modified_gmt":"2013-03-01T12:24:06","slug":"funana","status":"publish","type":"page","link":"https:\/\/www.humbertoramos.net\/cifras\/listas\/funana\/","title":{"rendered":"Funana"},"content":{"rendered":"<ul class=\"lcp_catlist\" id=\"lcp_instance_0\"><li><a href=\"https:\/\/www.humbertoramos.net\/cifras\/ambitu-mas-seletu-zeze-di-nha-reinalda\/\">Ambientu mas seletu &#8211; Z\u00e9z\u00e9 di nha Reinalda<\/a><\/li><li><a href=\"https:\/\/www.humbertoramos.net\/cifras\/bu-juiz-bu-oredja-mario-lucio\/\">Bu juiz bu oredja &#8211; M\u00e1rio L\u00facio<\/a><\/li><li><a href=\"https:\/\/www.humbertoramos.net\/cifras\/caoberdiano-barela-princezito\/\">Caoberdiano Barela &#8211; Princezito<\/a><\/li><li><a href=\"https:\/\/www.humbertoramos.net\/cifras\/caxon-ca-tem-cofre-quim-alves\/\">Caxon ca tem cofre &#8211; Quim Alves<\/a><\/li><li><a href=\"https:\/\/www.humbertoramos.net\/cifras\/confisson-mario-lucio\/\">Confisson &#8211; Mario Lucio<\/a><\/li><li><a href=\"https:\/\/www.humbertoramos.net\/cifras\/dimokransa-kaka-barbosa\/\">Dimokransa &#8211; Kak\u00e1 Barbosa<\/a><\/li><li><a href=\"https:\/\/www.humbertoramos.net\/cifras\/fe-esperanca-david-rocha\/\">F\u00e9 Esperan\u00e7a\u00a0&#8211; David Rocha<\/a><\/li><li><a href=\"https:\/\/www.humbertoramos.net\/cifras\/fomi-di-47-code-di-dona\/\">Fomi di 47 &#8211; Cod\u00ea di Dona<\/a><\/li><li><a href=\"https:\/\/www.humbertoramos.net\/cifras\/funanight-mario-lucio\/\">Funanight &#8211; Mario L\u00facio<\/a><\/li><li><a href=\"https:\/\/www.humbertoramos.net\/cifras\/grogu-caba-elida-almeida\/\">Grogu caba &#8211; \u00c9lida Almeida<\/a><\/li><li><a href=\"https:\/\/www.humbertoramos.net\/cifras\/guentis-das-aguas-zeze-de-nha-reinalda\/\">Gu\u00eantis das \u00e1guas- Z\u00e9z\u00e9 de nha Reinalda<\/a><\/li><li><a href=\"https:\/\/www.humbertoramos.net\/cifras\/homo-sabis-mario-lucio\/\">Homo Sabis &#8211; Mario Lucio<\/a><\/li><li><a href=\"https:\/\/www.humbertoramos.net\/cifras\/kel-dia-ki-conchi-de-meu-nataly-martins\/\">Kel dia ki conchi de meu &#8211; Nataly Martins<\/a><\/li><li><a href=\"https:\/\/www.humbertoramos.net\/cifras\/kem-e-ki-bem-ki-ta-bai-quim-di-santiago\/\">Kem e ki bem ki ta bai &#8211; Quim di Santiago<\/a><\/li><li><a href=\"https:\/\/www.humbertoramos.net\/cifras\/largam-largam\/\">Largam largam (???)<\/a><\/li><li><a href=\"https:\/\/www.humbertoramos.net\/cifras\/maylen-mario-lucio\/\">Maylen &#8211; M\u00e1rio L\u00facio<\/a><\/li><li><a href=\"https:\/\/www.humbertoramos.net\/cifras\/nca-cre-mas-nataly-martins\/\">Nca cre mas &#8211; Nataly Martins<\/a><\/li><li><a href=\"https:\/\/www.humbertoramos.net\/cifras\/nua-ntoni-rolando-semedo\/\">Nhu N&#8217;toni &#8211; Mendes Lateral\/Rolando Semedo<\/a><\/li><li><a href=\"https:\/\/www.humbertoramos.net\/cifras\/nka-pur-si-kaka-barbosa\/\">Nka pur si &#8211; Kak\u00e1 Barbosa<\/a><\/li><li><a href=\"https:\/\/www.humbertoramos.net\/cifras\/preta-vadu\/\">Preta &#8211; Vadu<\/a><\/li><li><a href=\"https:\/\/www.humbertoramos.net\/cifras\/tema-de-minis-mario-lucio\/\">Tema de Minis &#8211; M\u00e1rio L\u00facio<\/a><\/li><li><a href=\"https:\/\/www.humbertoramos.net\/cifras\/vapor-dimigracon\/\">Vapor d&#8217;imigra\u00e7on &#8211; Mayra Andrade<\/a><\/li><\/ul>\n","protected":false},"excerpt":{"rendered":"Ambientu mas seletu &#8211; Z\u00e9z\u00e9 di nha ReinaldaBu juiz bu oredja &#8211; M\u00e1rio L\u00facioCaoberdiano Barela &#8211; PrincezitoCaxon ca tem cofre &#8211; Quim AlvesConfisson &#8211; Mario LucioDimokransa &#8211; Kak\u00e1 BarbosaF\u00e9 Esperan\u00e7a\u00a0&#8211; [...]","protected":false},"author":1,"featured_media":0,"parent":47,"menu_order":0,"comment_status":"closed","ping_status":"closed","template":"","meta":{"spay_email":"","footnotes":""},"class_list":["post-262","page","type-page","status-publish","hentry"],"_links":{"self":[{"href":"https:\/\/www.humbertoramos.net\/cifras\/wp-json\/wp\/v2\/pages\/262","targetHints":{"allow":["GET"]}}],"collection":[{"href":"https:\/\/www.humbertoramos.net\/cifras\/wp-json\/wp\/v2\/pages"}],"about":[{"href":"https:\/\/www.humbertoramos.net\/cifras\/wp-json\/wp\/v2\/types\/page"}],"author":[{"embeddable":true,"href":"https:\/\/www.humbertoramos.net\/cifras\/wp-json\/wp\/v2\/users\/1"}],"replies":[{"embeddable":true,"href":"https:\/\/www.humbertoramos.net\/cifras\/wp-json\/wp\/v2\/comments?post=262"}],"version-history":[{"count":2,"href":"https:\/\/www.humbertoramos.net\/cifras\/wp-json\/wp\/v2\/pages\/262\/revisions"}],"predecessor-version":[{"id":733,"href":"https:\/\/www.humbertoramos.net\/cifras\/wp-json\/wp\/v2\/pages\/262\/revisions\/733"}],"up":[{"embeddable":true,"href":"https:\/\/www.humbertoramos.net\/cifras\/wp-json\/wp\/v2\/pages\/47"}],"wp:attachment":[{"href":"https:\/\/www.humbertoramos.net\/cifras\/wp-json\/wp\/v2\/media?parent=262"}],"curies":[{"name":"wp","href":"https:\/\/api.w.org\/{rel}","templated":true}]}}