{"id":3004,"date":"2018-06-08T11:22:07","date_gmt":"2018-06-08T11:22:07","guid":{"rendered":"http:\/\/www.humbertoramos.net\/cifras\/?page_id=3004"},"modified":"2021-02-22T14:05:33","modified_gmt":"2021-02-22T14:05:33","slug":"ildo-lobo","status":"publish","type":"page","link":"https:\/\/www.humbertoramos.net\/cifras\/compositores\/ildo-lobo\/","title":{"rendered":"Ildo Lobo"},"content":{"rendered":"<p>\u00a0<\/p>\n<p><b>Ildo Lobo<\/b> (Pedra de Lume, Ilha do Sal, 25 de Novembro de 1953 &#8211; 20 de Outubro de 2004) foi um famoso cantor e compositor cabo-verdiano.<\/p>\n<p>**Nota: Informa\u00e7\u00e3o cedida pelo irm\u00e3o Djila**<\/p>\n<p>\u00a0<\/p>\n<p>1- Panhal na t\u00f4c????<\/p>\n<p>2 &#8211;<a href=\"http:\/\/www.humbertoramos.net\/cifras\/zebra-ildo-lobo\/\"> Zebra<\/a><\/p>\n<p>3 &#8211; <a href=\"http:\/\/www.humbertoramos.net\/cifras\/pensamento-ildo-lobo\/\">Pensamento<\/a> \u00a0<\/p>\n<p>4 &#8211; Separacao<\/p>\n<p>5 &#8211; <a href=\"http:\/\/www.humbertoramos.net\/cifras\/mi-ma-mi-ildo-lobo\/\">Mi ma mi<\/a><\/p>\n<p>6 &#8211; Nha testamento<\/p>\n<p>7 &#8211; Fidjo matcho???<\/p>\n<p>8 &#8211; ???????<\/p>\n\n\n\n\n<h2 class=\"wp-block-heading\">Temas Cifrados<\/h2>\n\n\n\n<ul class=\"lcp_catlist\" id=\"lcp_instance_0\"><li><a href=\"https:\/\/www.humbertoramos.net\/cifras\/mi-ma-mi-ildo-lobo\/\">Mi ma mi &#8211; Ildo Lobo<\/a><\/li><li><a href=\"https:\/\/www.humbertoramos.net\/cifras\/pensamento-ildo-lobo\/\">Pensamento &#8211; Ildo Lobo<\/a><\/li><li><a href=\"https:\/\/www.humbertoramos.net\/cifras\/zebra-ildo-lobo\/\">Zebra &#8211; Ildo Lobo<\/a><\/li><\/ul>\n","protected":false},"excerpt":{"rendered":"<p>\u00a0 Ildo Lobo (Pedra de Lume, Ilha do Sal, 25 de Novembro de 1953 &#8211; 20 de Outubro de 2004) foi um famoso cantor e compositor cabo-verdiano. **Nota: Informa\u00e7\u00e3o cedida [&hellip;]<\/p>\n","protected":false},"author":1,"featured_media":0,"parent":2150,"menu_order":0,"comment_status":"closed","ping_status":"closed","template":"","meta":{"spay_email":"","footnotes":""},"class_list":["post-3004","page","type-page","status-publish","hentry"],"_links":{"self":[{"href":"https:\/\/www.humbertoramos.net\/cifras\/wp-json\/wp\/v2\/pages\/3004","targetHints":{"allow":["GET"]}}],"collection":[{"href":"https:\/\/www.humbertoramos.net\/cifras\/wp-json\/wp\/v2\/pages"}],"about":[{"href":"https:\/\/www.humbertoramos.net\/cifras\/wp-json\/wp\/v2\/types\/page"}],"author":[{"embeddable":true,"href":"https:\/\/www.humbertoramos.net\/cifras\/wp-json\/wp\/v2\/users\/1"}],"replies":[{"embeddable":true,"href":"https:\/\/www.humbertoramos.net\/cifras\/wp-json\/wp\/v2\/comments?post=3004"}],"version-history":[{"count":11,"href":"https:\/\/www.humbertoramos.net\/cifras\/wp-json\/wp\/v2\/pages\/3004\/revisions"}],"predecessor-version":[{"id":4220,"href":"https:\/\/www.humbertoramos.net\/cifras\/wp-json\/wp\/v2\/pages\/3004\/revisions\/4220"}],"up":[{"embeddable":true,"href":"https:\/\/www.humbertoramos.net\/cifras\/wp-json\/wp\/v2\/pages\/2150"}],"wp:attachment":[{"href":"https:\/\/www.humbertoramos.net\/cifras\/wp-json\/wp\/v2\/media?parent=3004"}],"curies":[{"name":"wp","href":"https:\/\/api.w.org\/{rel}","templated":true}]}}