{"id":3118,"date":"2018-06-29T12:56:47","date_gmt":"2018-06-29T12:56:47","guid":{"rendered":"http:\/\/www.humbertoramos.net\/cifras\/?page_id=3118"},"modified":"2021-02-22T14:08:35","modified_gmt":"2021-02-22T14:08:35","slug":"jorge-humberto","status":"publish","type":"page","link":"https:\/\/www.humbertoramos.net\/cifras\/compositores\/jorge-humberto\/","title":{"rendered":"Jorge Humberto"},"content":{"rendered":"\n<p>Jorge Humberto, cantor e compositor.<\/p>\n<p>Come\u00e7ou a compor em 1975, ano da Independ\u00eancia. Nasceu em S\u00e3o Vicente, na cidade de Mindelo.\u00a0<\/p>\n\n\n\n<p>\u00a0<\/p>\n<p>\u00a0<\/p>\n\n\n\n<h2 class=\"wp-block-heading\">Temas Cifrados<\/h2>\n\n\n\n<ul class=\"lcp_catlist\" id=\"lcp_instance_0\"><li><a href=\"https:\/\/www.humbertoramos.net\/cifras\/lindinha-jorge-humberto\/\">Lindinha &#8211; Jorge Humberto<\/a><\/li><li><a href=\"https:\/\/www.humbertoramos.net\/cifras\/masjumpintor-jorjumberte\/\">Masjumpintor &#8211; Jorjumberte<\/a><\/li><li><a href=\"https:\/\/www.humbertoramos.net\/cifras\/tma-bone-jorge-humberto\/\">Tma bon\u00ea &#8211; Jorge Humberto<\/a><\/li><\/ul>\n\n\n<p><strong><em><u>CD -GUENT\u00c1<\/u><\/em><\/strong><\/p>\n<p><em>GU\u00caNT\u00c1<\/em><\/p>\n<p><em>ENTR\u00c1DA N&#8217; \u00d4TE VIDA <\/em><\/p>\n<p><em>VOLTA D&#8217;NHA GRACA <\/em><\/p>\n<p><em>MOI\u00c1BO UM CONS\u00d4L\u00c1<\/em><\/p>\n<p><em>NA BUT\u00d5 D&#8217; ROSIRINHA \u00a0\u00a0\u00a0\u00a0\u00a0\u00a0 ( Jorge humberto &amp; Romalho ) <\/em><\/p>\n<p><em>SER MA&#8217;S QUER\u00caTCH\u00caU<\/em><\/p>\n<p><em>VEZ TR\u00caS<\/em><\/p>\n<p><em>TUDO NHA RA\u00c7A <\/em><\/p>\n<p><em>FIGURA CRI\u00d3LA<\/em><\/p>\n<p>\u00a0<\/p>\n<p><strong><em><u>CD &#8211; M\u00d4I\u00c1BO UM CONS\u00d4L\u00c1<\/u><\/em><\/strong><\/p>\n<p><em>M\u00d4I\u00c1BO UM CONS\u00d4L\u00c1<\/em><\/p>\n<p><em>NA BUT\u00d5 D&#8217; ROSIRINHA \u00a0\u00a0\u00a0\u00a0\u00a0\u00a0\u00a0 ( Jorge Humberto &amp; Romalho ) <\/em><\/p>\n<p><em>DA&#8217;ME TEMPO<\/em><\/p>\n<p><em>V\u00caRDADE ZULINHA<\/em><\/p>\n<p><em>ECO L\u00d3GICO \u00a0\u00a0\u00a0\u00a0\u00a0\u00a0\u00a0\u00a0\u00a0\u00a0\u00a0\u00a0\u00a0\u00a0\u00a0\u00a0\u00a0\u00a0\u00a0\u00a0\u00a0\u00a0 ( Jorge Humberto &amp; Teresa Perez ) <\/em><\/p>\n<p><em>PR\u00c1 L\u00c1 NA MORNA<\/em><\/p>\n<p>\u00a0<\/p>\n<p><strong><em><u>CD &#8211; PORTEXPERMENTAL<\/u><\/em><\/strong><\/p>\n<p><em>QUEM DERA <\/em><\/p>\n<p><em>SERAB\u00d4 <\/em><\/p>\n<p><em>NALTURA <\/em><\/p>\n<p><em>LINUNC\u00d3NTE <\/em><\/p>\n<p><em>FALTAB\u00d4S\u00d4 <\/em><\/p>\n<p><em>MORNADOURO <\/em><\/p>\n<p><em>MAJUMPINTOR<\/em><\/p>\n<p><em>NA EST\u00d3RIA DE VIDA<\/em><\/p>\n<p>\u00a0<\/p>\n<p><strong><em><u>CD &#8211; IDENTIDADE<\/u><\/em><\/strong><\/p>\n<p><em>N\u00d4V&#8217; OLHAR <\/em><\/p>\n<p><em>ONDAS D&#8217; CANAL <\/em><\/p>\n<p><em>PIDRINHA DE S\u00d3NC\u00caNTE <\/em><\/p>\n<p><em>ILHA NHA C\u00caU C\u00caBAF\u00c1ME<\/em><\/p>\n<p><em>NA MIL\u00c9NE D&#8217; \u00d4JE <\/em><\/p>\n<p><em>FLOR D&#8217; ROTCHA NU <\/em><\/p>\n<p><em>TEM\u00c1 BON\u00ca<\/em><\/p>\n<p><em>T<\/em><em>AL BLUES <\/em><\/p>\n<p><em>LINDINHA<\/em><\/p>\n<p><em>JUSTO E RACIONAL <\/em><\/p>\n<p><em>FOR\u00c7A D&#8217; NATUR\u00c9ZA<\/em><\/p>\n<p><em> MAJUMPINTOR <\/em><\/p>\n<p><em>RESULT\u00d3D<\/em><\/p>\n<p>\u00a0<\/p>\n<p><strong><em><u>CD &#8211; AR DE NHA TERRA<\/u><\/em><\/strong><\/p>\n<p><em>ANTIGUID\u00c1D <\/em><\/p>\n<p><em>MIND\u00caL B\u00caRCE <\/em><\/p>\n<p><em>LUZ DUM VI\u00daL\u00c3O<\/em><\/p>\n<p><em>NA MAGIA D&#8217; MARGINAL <\/em><\/p>\n<p><em>CRIS\u00d3LA<\/em><\/p>\n<p><em>BO AUS\u00c9N\u00c7A<\/em><\/p>\n<p><em>A<\/em><em>T\u00ca UM VOLT\u00c1 UM \u00a0ESTR\u00c9LA <\/em><\/p>\n<p><em>NEM TUDO \u00ca ROSA<\/em><\/p>\n<p><em>FOR\u00c7A D &#8216; TAMBOR <\/em><\/p>\n<p><em>ESTR\u00c9LA CADENTE <\/em><\/p>\n<p><em>NU N\u00d4STALGIA <\/em><\/p>\n<p><em>DUMBANDAS\u00d4<\/em><\/p>\n<p>\u00a0<\/p>\n<p><strong><em><u>CD -ARPUR<\/u><\/em><\/strong><\/p>\n<p><em>RUDE\u00d3DE D &#8216;AGA<\/em><\/p>\n<p><em>UM A C\u00d4R D COLAD\u00caRA <\/em><\/p>\n<p><em>ONDA D&#8217; SANJ\u00d5<\/em><\/p>\n<p><em>PRESSINTIDE \u00a0( \u00a0Jorge Humberto &amp; <strong>Glanser \u00a0<\/strong>) <\/em><\/p>\n<p><em>NHA REFUGE<\/em><\/p>\n<p><em>NHA FLANA <\/em><\/p>\n<p><em>ARPUR<\/em><\/p>\n<p><em>MAN<\/em><\/p>\n<p><em>PODER D&#8217; ILUS\u00c3O <\/em><\/p>\n<p><em>INSPIR\u00d3D NA LUZ <\/em><\/p>\n<p><em>B\u00d4 TA FAZ\u00ca CONTA <\/em><\/p>\n<p><em>MORNA D &#8216;A\u00d4JE<\/em><\/p>\n<p>\u00a0<\/p>\n<p><strong><em><u>CD &#8211; N\u00d4V &#8216;ASTRAL<\/u><\/em><\/strong><\/p>\n<p><em>NA NHA TEMUSF\u00c9RA <\/em><\/p>\n<p><em>RUMO N\u00d4SH LIB\u00caR\u00c1D <\/em><\/p>\n<p><em>NA ILHA \u00d4 MUND INT\u00caR <\/em><\/p>\n<p><em>CRI\u00d3LA D&#8217; NHILEIC\u00c3O <\/em><\/p>\n<p><em>C\u00caND\u00ca LUZ<\/em><\/p>\n<p><em>ASTRAL TX\u00d4RADINHA <\/em><\/p>\n<p><em>NA TEMP D&#8217; AGORA <\/em><\/p>\n<p><em>LIB\u00caRD\u00c1D 2<\/em><\/p>\n<p><em>LI NA NHA C\u00caU <\/em><\/p>\n<p><em>GANH\u00c1ME TAMB\u00ca <\/em><\/p>\n<p><em>MER\u00caC\u00caME <\/em><\/p>\n<p><em>MORNA 59<\/em><\/p>\n<p><em>VERS\u00c3O B\u00d4 XETR\u00c9LA<\/em><\/p>\n<p>\u00a0<\/p>\n<p>\u00a0<\/p>\n<p><strong><em>Can\u00e7\u00f5es interpretadas em discos por outros artistas e que n\u00e3o constam da lista anterior :<\/em><\/strong><\/p>\n<p><strong><em>1 <\/em><\/strong><em>Nha vis\u00e3o \u00a0\u00a0\u00a0\u00a0\u00a0\u00a0\u00a0\u00a0\u00a0\u00a0\u00a0\u00a0\u00a0\u00a0\u00a0\u00a0\u00a0\u00a0\u00a0\u00a0\u00a0\u00a0\u00a0\u00a0\u00a0\u00a0\u00a0\u00a0\u00a0 ( interpretada por <strong>Ney Machado <\/strong>)<\/em><\/p>\n<p><em>2 Dz\u00eame \u00a0\u00a0\u00a0\u00a0\u00a0\u00a0\u00a0\u00a0\u00a0\u00a0\u00a0\u00a0\u00a0\u00a0\u00a0\u00a0\u00a0\u00a0\u00a0\u00a0\u00a0\u00a0\u00a0\u00a0\u00a0\u00a0\u00a0\u00a0\u00a0\u00a0\u00a0\u00a0\u00a0\u00a0 ( interpretada por <strong>Dudu Ara\u00fajo \u00a0<\/strong>)<\/em><\/p>\n<p><em>3 Nha palavra \u00a0\u00a0\u00a0\u00a0\u00a0\u00a0\u00a0\u00a0\u00a0\u00a0\u00a0\u00a0\u00a0\u00a0\u00a0\u00a0\u00a0\u00a0\u00a0\u00a0\u00a0\u00a0\u00a0\u00a0\u00a0\u00a0\u00a0 ( interpretada por <strong>Dudu Ara\u00fajo <\/strong>e por \u00a0<strong>Charles Marselesi )<\/strong><\/em><\/p>\n<p><em>3 Suss\u00eague nha riqu\u00e9za \u00a0\u00a0\u00a0\u00a0\u00a0\u00a0\u00a0\u00a0\u00a0\u00a0\u00a0\u00a0\u00a0 ( interpretada por por <strong>Fantcha <\/strong>)<\/em><\/p>\n<p><em>4 Bal\u00f3nce dum c\u00f4lad\u00eara \u00a0\u00a0\u00a0\u00a0\u00a0\u00a0\u00a0\u00a0\u00a0\u00a0\u00a0\u00a0\u00a0 ( interpretada por <strong>Mariana Ramos <\/strong>)<\/em><\/p>\n<p><em>5 Fidje d&#8217; terra na gl\u00f3ria \u00a0\u00a0\u00a0\u00a0\u00a0\u00a0\u00a0\u00a0\u00a0\u00a0\u00a0\u00a0\u00a0\u00a0 ( interpretada por <strong>Mariana Ramos <\/strong>)<\/em><\/p>\n<p><em>6 Discunfi\u00e1do \u00a0\u00a0\u00a0\u00a0\u00a0\u00a0\u00a0\u00a0\u00a0\u00a0\u00a0\u00a0\u00a0\u00a0\u00a0\u00a0\u00a0\u00a0\u00a0\u00a0\u00a0\u00a0\u00a0\u00a0\u00a0\u00a0\u00a0\u00a0 ( interpretada por <strong>Maria Ramos <\/strong>)<\/em><\/p>\n<p><em>7 Cabo Verde das crian\u00e7as \u00a0\u00a0\u00a0\u00a0\u00a0\u00a0\u00a0\u00a0\u00a0 ( interpretada por <strong>Ondina Santos <\/strong>)<\/em><\/p>\n<p><em>8 Pont d&#8217; incontre \u00a0\u00a0\u00a0\u00a0\u00a0\u00a0\u00a0\u00a0\u00a0\u00a0\u00a0\u00a0\u00a0\u00a0\u00a0\u00a0\u00a0\u00a0\u00a0\u00a0\u00a0\u00a0 ( interpretada por <strong>Rosa Mestre <\/strong>)<\/em><\/p>\n<p>\u00a0<\/p>\n<p>Por ordem alfab\u00e9tica:<\/p>\n<p>\u00a0<\/p>\n<ol>\n<li>ANTIGUID\u00c1D<\/li>\n<li>ARPUR<\/li>\n<li>ASTRAL TX\u00d4RADINHA<\/li>\n<li>AT\u00ca UM VOLT\u00c1 UM ESTR\u00c9LA<\/li>\n<li>Bal\u00f3nce dum c\u00f4lad\u00eara ( interpretada por Mariana Ramos )<\/li>\n<li>BO AUS\u00c9N\u00c7A<\/li>\n<li>B\u00d4 TA FAZ\u00ca CONTA<\/li>\n<li>Cabo Verde das crian\u00e7as ( interpretada por Ondina Santos )<\/li>\n<li>C\u00caBAF\u00c1ME<\/li>\n<li>C\u00caND\u00ca LUZ<\/li>\n<li>CRI\u00d3LA D&#8217; NHILEIC\u00c3O<\/li>\n<li>CRIS\u00d3LA<\/li>\n<li>DA&#8217;ME TEMPO<\/li>\n<li>Discunfi\u00e1do ( interpretada por Maria Ramos )<\/li>\n<li>DUMBANDAS\u00d4<\/li>\n<li>Dz\u00eame ( interpretada por Dudu Ara\u00fajo\u00a0 )<\/li>\n<li>ECO L\u00d3GICO ( Jorge Humberto &amp; Teresa Perez )<\/li>\n<li>ENTR\u00c1DA N&#8217; \u00d4TE VIDA<\/li>\n<li>ESTR\u00c9LA CADENTE<\/li>\n<li>FALTAB\u00d4S\u00d4<\/li>\n<li>Fidje d&#8217; terra na gl\u00f3ria ( interpretada por Mariana Ramos )<\/li>\n<li>FIGURA CRI\u00d3LA<\/li>\n<li>FLOR D&#8217; ROTCHA NU<\/li>\n<li>FOR\u00c7A D &#8216; TAMBOR<\/li>\n<li>FOR\u00c7A D&#8217; NATUR\u00c9ZA<\/li>\n<li>GANH\u00c1ME TAMB\u00ca<\/li>\n<li>GU\u00caNT\u00c1<\/li>\n<li>ILHA NHA C\u00caU<\/li>\n<li>INSPIR\u00d3D NA LUZ<\/li>\n<li>JUSTO E RACIONAL<\/li>\n<li>LI NA NHA C\u00caU<\/li>\n<li>LIB\u00caRD\u00c1D 2<\/li>\n<li>LINUNC\u00d3NTE<\/li>\n<li>LUZ DUM VI\u00daL\u00c3O<\/li>\n<li>MAJUMPINTOR<\/li>\n<li>MAN<\/li>\n<li>MER\u00caC\u00caME<\/li>\n<li>MIND\u00caL B\u00caRCE<\/li>\n<li>MOI\u00c1BO UM CONS\u00d4L\u00c1<\/li>\n<li>MORNA 59<\/li>\n<li>MORNA D &#8216;A\u00d4JE<\/li>\n<li>MORNADOURO<\/li>\n<li>NA BUT\u00d5 D&#8217; ROSIRINHA ( Jorge Humberto &amp; Romalho )<\/li>\n<li>NA BUT\u00d5 D&#8217; ROSIRINHA ( Jorge humberto &amp; Romalho )<\/li>\n<li>NA EST\u00d3RIA DE VIDA<\/li>\n<li>NA ILHA \u00d4 MUND INT\u00caR<\/li>\n<li>NA MAGIA D&#8217; MARGINAL<\/li>\n<li>NA MIL\u00c9NE D&#8217; \u00d4JE<\/li>\n<li>NA NHA TEMUSF\u00c9RA<\/li>\n<li>NA TEMP D&#8217; AGORA<\/li>\n<li>NALTURA<\/li>\n<li>NEM TUDO \u00ca ROSA<\/li>\n<li>NHA FLANA<\/li>\n<li>Nha palavra ( interpretada por Dudu Ara\u00fajo e por\u00a0 Charles Marselesi )<\/li>\n<li>NHA REFUGE<\/li>\n<li>Nha vis\u00e3o ( interpretada por Ney Machado )<\/li>\n<li>N\u00d4V&#8217; OLHAR<\/li>\n<li>NU N\u00d4STALGIA<\/li>\n<li>ONDA D&#8217; SANJ\u00d5<\/li>\n<li>ONDAS D&#8217; CANAL<\/li>\n<li>PIDRINHA DE S\u00d3NC\u00caNTE<\/li>\n<li>PODER D&#8217; ILUS\u00c3O<\/li>\n<li>Pont d&#8217; incontre ( interpretada por Rosa Mestre )<\/li>\n<li>PR\u00c1 L\u00c1 NA MORNA<\/li>\n<li>PRESSINTIDE ( Jorge Humberto &amp; Glanser\u00a0 )<\/li>\n<li>QUEM DERA<\/li>\n<li>RESULT\u00d3D<\/li>\n<li>RUDE\u00d3DE D &#8216;AGA<\/li>\n<li>RUMO N\u00d4SH LIB\u00caR\u00c1D<\/li>\n<li>SER MA&#8217;S QUER\u00caTCH\u00caU<\/li>\n<li>SERAB\u00d4<\/li>\n<li>Suss\u00eague nha riqu\u00e9za ( interpretada por por Fantcha )<\/li>\n<li>TAL BLUES LINDINHA<\/li>\n<li>TEM\u00c1 BON\u00ca<\/li>\n<li>TUDO NHA RA\u00c7A<\/li>\n<li>UM A C\u00d4R D COLAD\u00caRA<\/li>\n<li>V\u00caRDADE ZULINHA<\/li>\n<li>VERS\u00c3O B\u00d4 XETR\u00c9LA<\/li>\n<li>VEZ TR\u00caS<\/li>\n<li>VOLTA D&#8217;NHA GRACA<\/li>\n<\/ol>","protected":false},"excerpt":{"rendered":"<p>Jorge Humberto, cantor e compositor. Come\u00e7ou a compor em 1975, ano da Independ\u00eancia. Nasceu em S\u00e3o Vicente, na cidade de Mindelo.\u00a0 \u00a0 \u00a0 Temas Cifrados CD -GUENT\u00c1 GU\u00caNT\u00c1 ENTR\u00c1DA N&#8217; [&hellip;]<\/p>\n","protected":false},"author":1,"featured_media":0,"parent":2150,"menu_order":0,"comment_status":"closed","ping_status":"closed","template":"","meta":{"spay_email":"","footnotes":""},"class_list":["post-3118","page","type-page","status-publish","hentry"],"_links":{"self":[{"href":"https:\/\/www.humbertoramos.net\/cifras\/wp-json\/wp\/v2\/pages\/3118","targetHints":{"allow":["GET"]}}],"collection":[{"href":"https:\/\/www.humbertoramos.net\/cifras\/wp-json\/wp\/v2\/pages"}],"about":[{"href":"https:\/\/www.humbertoramos.net\/cifras\/wp-json\/wp\/v2\/types\/page"}],"author":[{"embeddable":true,"href":"https:\/\/www.humbertoramos.net\/cifras\/wp-json\/wp\/v2\/users\/1"}],"replies":[{"embeddable":true,"href":"https:\/\/www.humbertoramos.net\/cifras\/wp-json\/wp\/v2\/comments?post=3118"}],"version-history":[{"count":6,"href":"https:\/\/www.humbertoramos.net\/cifras\/wp-json\/wp\/v2\/pages\/3118\/revisions"}],"predecessor-version":[{"id":4223,"href":"https:\/\/www.humbertoramos.net\/cifras\/wp-json\/wp\/v2\/pages\/3118\/revisions\/4223"}],"up":[{"embeddable":true,"href":"https:\/\/www.humbertoramos.net\/cifras\/wp-json\/wp\/v2\/pages\/2150"}],"wp:attachment":[{"href":"https:\/\/www.humbertoramos.net\/cifras\/wp-json\/wp\/v2\/media?parent=3118"}],"curies":[{"name":"wp","href":"https:\/\/api.w.org\/{rel}","templated":true}]}}