{"id":3164,"date":"2018-07-09T15:34:46","date_gmt":"2018-07-09T15:34:46","guid":{"rendered":"http:\/\/www.humbertoramos.net\/cifras\/?page_id=3164"},"modified":"2018-07-09T16:00:13","modified_gmt":"2018-07-09T16:00:13","slug":"crioulo-elearning","status":"publish","type":"page","link":"https:\/\/www.humbertoramos.net\/cifras\/partituras-2\/learning\/crioulo-elearning\/","title":{"rendered":"Crioulo &#8211; elearning"},"content":{"rendered":"<p>Queres aprender a falar \u00a0Crioulo?<\/p>\n<p>**B\u00f4 cr\u00ea prend\u00ea fal\u00e1 criol?<\/p>\n<p>Em Cabo Verde podemos dividir o crioulo :Barlavento e Sotavento.<\/p>\n<p>**Na Cabo Verde n\u00f4 pod\u00ea dividi criol : Barlavent e Sotavent<\/p>\n<p>Eu falo crioulo de Barlavento e escrevo com as regras do Portugu\u00eas:<\/p>\n<p>**Um ta fal\u00e1 criol de Barlavent e um t\u00e1 escrev\u00ea q&#8217;regras de Portugu\u00eas.<\/p>\n<p>**Brevemente terei aqui as grava\u00e7\u00f5es.<\/p>\n<p>**Diquianada um ta tem li es grava\u00e7\u00e3o.<\/p>\n<p>Falar crioulo \u00e9 muito f\u00e1cil<\/p>\n<p>**Fal\u00e1 criol \u00ea mut f\u00e1cil<\/p>\n<p>eu &#8211; um (mim)<\/p>\n<p>tu &#8211; b\u00f4<\/p>\n<p>ele ou ela : \u00eal<\/p>\n<p>n\u00f3s &#8211; n\u00f4s, n\u00f4<\/p>\n<p>v\u00f3s &#8211; bs\u00f4t<\/p>\n<p>eles ou elas &#8211; \u00eas<\/p>\n<p>sim &#8211; sim<\/p>\n<p>n\u00e3o &#8211; n\u00e3o<\/p>\n<p>talvez &#8211; talv\u00eaz<\/p>\n<p>Exemplo de um verbo (t\u00e3o f\u00e1cil como em ingl\u00eas -f\u00e1cil m\u00f3da ingl\u00eas)<\/p>\n<p>verbo querer:<\/p>\n<p>eu quero &#8211; tu queres &#8211; ele quer<\/p>\n<p>**um cr\u00ea &#8211; b\u00f4 cr\u00ea &#8211; el cr\u00ea<\/p>\n<p>n\u00f3s queremos &#8211; v\u00f3s quereis &#8211; eles querem<\/p>\n<p>**n\u00f4 cr\u00ea &#8211; bs\u00f4t cr\u00ea &#8211; \u00eas cr\u00ea<\/p>\n<p>Namorada &#8211; **Tchutcha ou p&#8217;quena<\/p>\n<p>Eu tenho uma namorada que se chama Bia da Maria Alexandra<\/p>\n<p>**Um tem um tchutcha s\u00ea nome \u00ea Bia de Mari Xanda<\/p>\n<p>Ent\u00e3o rapaz n\u00e3o conseguiste nada melhor?<\/p>\n<p>**Man\u00ea boy (broda) b\u00f4 ca consegui nada medjor?<\/p>\n<p>Apanhaste muito transito?<\/p>\n<p>**B\u00f4 panh\u00e1 tcheu tranzt?<\/p>\n<p>N\u00e3o, estava tranquilo.<\/p>\n<p>***N\u00e3o, c\u00f4sa tava ta desliz\u00e1<\/p>\n<p>ou<\/p>\n<p>O trans\u00edto estava infernal.<\/p>\n<p>**Tava um tranzt da gaita<\/p>\n","protected":false},"excerpt":{"rendered":"<p>Queres aprender a falar \u00a0Crioulo? **B\u00f4 cr\u00ea prend\u00ea fal\u00e1 criol? Em Cabo Verde podemos dividir o crioulo :Barlavento e Sotavento. **Na Cabo Verde n\u00f4 pod\u00ea dividi criol : Barlavent e [&hellip;]<\/p>\n","protected":false},"author":1,"featured_media":0,"parent":2557,"menu_order":0,"comment_status":"closed","ping_status":"closed","template":"","meta":{"spay_email":"","footnotes":""},"class_list":["post-3164","page","type-page","status-publish","hentry"],"_links":{"self":[{"href":"https:\/\/www.humbertoramos.net\/cifras\/wp-json\/wp\/v2\/pages\/3164","targetHints":{"allow":["GET"]}}],"collection":[{"href":"https:\/\/www.humbertoramos.net\/cifras\/wp-json\/wp\/v2\/pages"}],"about":[{"href":"https:\/\/www.humbertoramos.net\/cifras\/wp-json\/wp\/v2\/types\/page"}],"author":[{"embeddable":true,"href":"https:\/\/www.humbertoramos.net\/cifras\/wp-json\/wp\/v2\/users\/1"}],"replies":[{"embeddable":true,"href":"https:\/\/www.humbertoramos.net\/cifras\/wp-json\/wp\/v2\/comments?post=3164"}],"version-history":[{"count":6,"href":"https:\/\/www.humbertoramos.net\/cifras\/wp-json\/wp\/v2\/pages\/3164\/revisions"}],"predecessor-version":[{"id":3171,"href":"https:\/\/www.humbertoramos.net\/cifras\/wp-json\/wp\/v2\/pages\/3164\/revisions\/3171"}],"up":[{"embeddable":true,"href":"https:\/\/www.humbertoramos.net\/cifras\/wp-json\/wp\/v2\/pages\/2557"}],"wp:attachment":[{"href":"https:\/\/www.humbertoramos.net\/cifras\/wp-json\/wp\/v2\/media?parent=3164"}],"curies":[{"name":"wp","href":"https:\/\/api.w.org\/{rel}","templated":true}]}}