{"id":4922,"date":"2023-02-22T16:12:46","date_gmt":"2023-02-22T16:12:46","guid":{"rendered":"https:\/\/www.humbertoramos.net\/cifras\/?page_id=4922"},"modified":"2023-02-22T16:12:46","modified_gmt":"2023-02-22T16:12:46","slug":"carnaval","status":"publish","type":"page","link":"https:\/\/www.humbertoramos.net\/cifras\/listas\/carnaval\/","title":{"rendered":"carnaval"},"content":{"rendered":"<ul class=\"lcp_catlist\" id=\"lcp_instance_0\"><li><a href=\"https:\/\/www.humbertoramos.net\/cifras\/capital-de-lusofonia-constantino-cardoso\/\">Capital de lusofonia &#8211; Constantino Cardoso<\/a><\/li><li><a href=\"https:\/\/www.humbertoramos.net\/cifras\/djondjon-ca-ta-verga-constantino-cardoso\/\">Dj\u00f4ndj\u00f4n ca ta verg\u00e1 &#8211; Constantino Cardoso<\/a><\/li><li><a href=\"https:\/\/www.humbertoramos.net\/cifras\/dos-cara-ske-e-kre\/\">D\u00d4S CARA &#8211; Sk\u00e9 e Kr\u00e9<\/a><\/li><li><a href=\"https:\/\/www.humbertoramos.net\/cifras\/tres-cosa-sab-na-vida-fernando-morais-edson-oliveira-ivan-medina\/\">Tr\u00eas cosa sab na vida &#8211; Fernando Morais, Edson Oliveira, Ivan Medina<\/a><\/li><\/ul>\n","protected":false},"excerpt":{"rendered":"Capital de lusofonia &#8211; Constantino CardosoDj\u00f4ndj\u00f4n ca ta verg\u00e1 &#8211; Constantino CardosoD\u00d4S CARA &#8211; Sk\u00e9 e Kr\u00e9Tr\u00eas cosa sab na vida &#8211; Fernando Morais, Edson Oliveira, Ivan Medina","protected":false},"author":1,"featured_media":0,"parent":47,"menu_order":0,"comment_status":"closed","ping_status":"closed","template":"","meta":{"spay_email":"","footnotes":""},"class_list":["post-4922","page","type-page","status-publish","hentry"],"_links":{"self":[{"href":"https:\/\/www.humbertoramos.net\/cifras\/wp-json\/wp\/v2\/pages\/4922","targetHints":{"allow":["GET"]}}],"collection":[{"href":"https:\/\/www.humbertoramos.net\/cifras\/wp-json\/wp\/v2\/pages"}],"about":[{"href":"https:\/\/www.humbertoramos.net\/cifras\/wp-json\/wp\/v2\/types\/page"}],"author":[{"embeddable":true,"href":"https:\/\/www.humbertoramos.net\/cifras\/wp-json\/wp\/v2\/users\/1"}],"replies":[{"embeddable":true,"href":"https:\/\/www.humbertoramos.net\/cifras\/wp-json\/wp\/v2\/comments?post=4922"}],"version-history":[{"count":1,"href":"https:\/\/www.humbertoramos.net\/cifras\/wp-json\/wp\/v2\/pages\/4922\/revisions"}],"predecessor-version":[{"id":4923,"href":"https:\/\/www.humbertoramos.net\/cifras\/wp-json\/wp\/v2\/pages\/4922\/revisions\/4923"}],"up":[{"embeddable":true,"href":"https:\/\/www.humbertoramos.net\/cifras\/wp-json\/wp\/v2\/pages\/47"}],"wp:attachment":[{"href":"https:\/\/www.humbertoramos.net\/cifras\/wp-json\/wp\/v2\/media?parent=4922"}],"curies":[{"name":"wp","href":"https:\/\/api.w.org\/{rel}","templated":true}]}}