{"id":4985,"date":"2023-03-21T10:14:39","date_gmt":"2023-03-21T10:14:39","guid":{"rendered":"https:\/\/www.humbertoramos.net\/cifras\/?page_id=4985"},"modified":"2023-03-22T13:30:05","modified_gmt":"2023-03-22T13:30:05","slug":"alcides-brito","status":"publish","type":"page","link":"https:\/\/www.humbertoramos.net\/cifras\/alcides-brito\/","title":{"rendered":"Alcides Brito"},"content":{"rendered":"<table width=\"1725\">\n<tbody>\n<tr>\n<td width=\"1725\">Cena d&#8217;ci\u00fames<\/td>\n<\/tr>\n<tr>\n<td>Festa Sta Cruz<\/td>\n<\/tr>\n<tr>\n<td>Fonte Inspiradora<\/td>\n<\/tr>\n<tr>\n<td>Ka Barbosa<\/td>\n<\/tr>\n<tr>\n<td>Labanta Bra\u00e7o<\/td>\n<\/tr>\n<tr>\n<td>Madamme Star<\/td>\n<\/tr>\n<tr>\n<td>Par\u00f3dia Familiar<\/td>\n<\/tr>\n<tr>\n<td>Scomungode<\/td>\n<\/tr>\n<tr>\n<td>Sentimento d&#8217;culpa<\/td>\n<\/tr>\n<tr>\n<td>Sodade d Nha Terra<\/td>\n<\/tr>\n<tr>\n<td>Dja d&#8217;sal<\/td>\n<\/tr>\n<\/tbody>\n<\/table>\n<p>&nbsp;<\/p>\n<p>&nbsp;<\/p>\n<p><strong>TEMAS CIFRADOS<\/strong><\/p>\n<ul class=\"lcp_catlist\" id=\"lcp_instance_0\"><li><a href=\"https:\/\/www.humbertoramos.net\/cifras\/cena-de-ciumes-alcides-brito\/\">Cena de ci\u00fames &#8211; Alcides Brito<\/a><\/li><li><a href=\"https:\/\/www.humbertoramos.net\/cifras\/labanta-braco-alcides-brito\/\">Labanta bra\u00e7o &#8211; Alcides Brito<\/a><\/li><li><a href=\"https:\/\/www.humbertoramos.net\/cifras\/mar-fonte-inspiradora-alcides-brito\/\">Mar. fonte inspiradora &#8211; Alcides Brito<\/a><\/li><\/ul>\n","protected":false},"excerpt":{"rendered":"<p>Cena d&#8217;ci\u00fames Festa Sta Cruz Fonte Inspiradora Ka Barbosa Labanta Bra\u00e7o Madamme Star Par\u00f3dia Familiar Scomungode Sentimento d&#8217;culpa Sodade d Nha Terra Dja d&#8217;sal &nbsp; &nbsp; TEMAS CIFRADOS<\/p>\n","protected":false},"author":1,"featured_media":0,"parent":0,"menu_order":0,"comment_status":"closed","ping_status":"closed","template":"","meta":{"spay_email":"","footnotes":""},"class_list":["post-4985","page","type-page","status-publish","hentry"],"_links":{"self":[{"href":"https:\/\/www.humbertoramos.net\/cifras\/wp-json\/wp\/v2\/pages\/4985","targetHints":{"allow":["GET"]}}],"collection":[{"href":"https:\/\/www.humbertoramos.net\/cifras\/wp-json\/wp\/v2\/pages"}],"about":[{"href":"https:\/\/www.humbertoramos.net\/cifras\/wp-json\/wp\/v2\/types\/page"}],"author":[{"embeddable":true,"href":"https:\/\/www.humbertoramos.net\/cifras\/wp-json\/wp\/v2\/users\/1"}],"replies":[{"embeddable":true,"href":"https:\/\/www.humbertoramos.net\/cifras\/wp-json\/wp\/v2\/comments?post=4985"}],"version-history":[{"count":4,"href":"https:\/\/www.humbertoramos.net\/cifras\/wp-json\/wp\/v2\/pages\/4985\/revisions"}],"predecessor-version":[{"id":5005,"href":"https:\/\/www.humbertoramos.net\/cifras\/wp-json\/wp\/v2\/pages\/4985\/revisions\/5005"}],"wp:attachment":[{"href":"https:\/\/www.humbertoramos.net\/cifras\/wp-json\/wp\/v2\/media?parent=4985"}],"curies":[{"name":"wp","href":"https:\/\/api.w.org\/{rel}","templated":true}]}}