{"id":5145,"date":"2023-12-18T19:47:42","date_gmt":"2023-12-18T19:47:42","guid":{"rendered":"https:\/\/www.humbertoramos.net\/cifras\/?page_id=5145"},"modified":"2024-02-15T14:16:39","modified_gmt":"2024-02-15T14:16:39","slug":"dany-lobo","status":"publish","type":"page","link":"https:\/\/www.humbertoramos.net\/cifras\/dany-lobo\/","title":{"rendered":"Dany Lobo"},"content":{"rendered":"<p class=\"p1\"><b><img loading=\"lazy\" decoding=\"async\" class=\"alignnone size-medium wp-image-5148\" src=\"http:\/\/www.humbertoramos.net\/cifras\/wp-content\/uploads\/2023\/12\/daniel-lobo-292x300.jpeg\" alt=\"\" width=\"292\" height=\"300\" srcset=\"https:\/\/www.humbertoramos.net\/cifras\/wp-content\/uploads\/2023\/12\/daniel-lobo-292x300.jpeg 292w, https:\/\/www.humbertoramos.net\/cifras\/wp-content\/uploads\/2023\/12\/daniel-lobo-997x1024.jpeg 997w, https:\/\/www.humbertoramos.net\/cifras\/wp-content\/uploads\/2023\/12\/daniel-lobo-768x789.jpeg 768w, https:\/\/www.humbertoramos.net\/cifras\/wp-content\/uploads\/2023\/12\/daniel-lobo-1496x1536.jpeg 1496w, https:\/\/www.humbertoramos.net\/cifras\/wp-content\/uploads\/2023\/12\/daniel-lobo-1320x1355.jpeg 1320w, https:\/\/www.humbertoramos.net\/cifras\/wp-content\/uploads\/2023\/12\/daniel-lobo-600x616.jpeg 600w, https:\/\/www.humbertoramos.net\/cifras\/wp-content\/uploads\/2023\/12\/daniel-lobo.jpeg 1717w\" sizes=\"auto, (max-width: 292px) 100vw, 292px\" \/><\/b><\/p>\n<p>Daniel Lobo<\/p>\n<p>Daniel dos Santos Lobo, \u201cNin\u00e9\u201d para os amigos, nasceu em 1961 na cidade de S\u00e3o Filipe, ilha do Fogo, e fez estudos liceais na cidade da Praia, onde reside desde 1980.<\/p>\n<p>A m\u00fasica revelou-se desde cedo a sua principal paix\u00e3o, come\u00e7ando j\u00e1 na inf\u00e2ncia quando, na pacata localidade de Santa Filomena, nos arredores de S\u00e3o Filipe, alegrava os colegas com can\u00e7\u00f5es pr\u00f3prias e instrumentos musicais de fabrico caseiro. Autor de cerca de meia centena de composi\u00e7\u00f5es, tem-se revelado um dos compositores mais prof\u00edlicos da sua gera\u00e7\u00e3o, com algumas m\u00fasicas gravadas em trabalhos discogr\u00e1ficos, como \u00e9 o caso da morna \u201cDjabraba\u201d, gravada por alguns m\u00fasicos na di\u00e1spora e do CD do Grupo Musical Bokarrom, que apresenta cinco faixas sa\u00eddas da sua pena.<\/p>\n<p>M\u00fasico autodidacta e possuidor de uma voz rom\u00e2ntica e melodiosa, tem concentrado a sua aten\u00e7\u00e3o na m\u00fasica tradicional cabo-verdiana, tendo a ilha do Fogo como a sua principal fonte de inspira\u00e7\u00e3o.<\/p>\n<p>Ap\u00f3s muitos anos marcados por uma presen\u00e7a espor\u00e1dica em locais de anima\u00e7\u00e3o musical na cidade da Praia, em Mindelo e no Sal, onde espontaneamente empresta o seu talento a grupos informais, o artista atrav\u00e9s da grava\u00e7\u00e3o de dois trabalhos discogr\u00e1ficos, um em 2009 e outro em 2018, formalizou o seu contributo para afirma\u00e7\u00e3o da m\u00fasica tradicional caboverdiana. Tanto o primeiro CD (Nha Viv\u00eancia \u2013 11 faixas), como o segundo (Kel\u00e9m \u2013 12 faixas), comportam composi\u00e7\u00f5es integralmente de sua autoria e interpreta\u00e7\u00e3o.<\/p>\n<p>&nbsp;<\/p>\n<p class=\"p1\"><b>COMPOSI\u00c7\u00d5ES:<\/b><\/p>\n<ol class=\"ol1\">\n<li style=\"list-style-type: none;\">\n<ol class=\"ol1\">\n<li class=\"li3\">Tempu di minino<\/li>\n<li class=\"li3\">Dam nha muleta<\/li>\n<li class=\"li3\">Malatriza<\/li>\n<li class=\"li3\">Ca bu spiam ku raiba<\/li>\n<li class=\"li3\">Praia capital<\/li>\n<li class=\"li3\">Luz di nha vida<\/li>\n<li class=\"li3\">Lelety<\/li>\n<li class=\"li3\">Compreenson<\/li>\n<li class=\"li3\">Na ressaca di um dor<\/li>\n<li class=\"li3\"><a href=\"https:\/\/www.youtube.com\/watch?v=ASQrW2JiK34&amp;ab_channel=AssolGarcia-Topic\">Nha lamento<\/a><\/li>\n<li class=\"li3\">Di n\u00f3s<\/li>\n<li class=\"li3\">Bom sinal<\/li>\n<li class=\"li3\">M\u00e3e coruja<\/li>\n<li class=\"li3\">Sina d\u2019imigranti<\/li>\n<li class=\"li3\">Disgra\u00e7a<\/li>\n<li class=\"li3\">Bespa quel casamento<\/li>\n<li class=\"li3\">Campon\u00eas<\/li>\n<li class=\"li3\">Onda azul<\/li>\n<li class=\"li3\">Nichinha<\/li>\n<li class=\"li3\">Santa Filomena<\/li>\n<li class=\"li3\">Pisquim<\/li>\n<li class=\"li3\">N\u2019guniadu<\/li>\n<li class=\"li3\">S\u00edmbolo d\u2019uni\u00e3o<\/li>\n<li class=\"li3\">Nostalgia<\/li>\n<li class=\"li3\">Mariazinha<\/li>\n<li class=\"li3\"><a href=\"https:\/\/www.youtube.com\/watch?v=w-agP7ch4NI&amp;ab_channel=ErnestoAlves\">Djabraba<\/a><\/li>\n<li class=\"li3\">Ingratid\u00e3o<\/li>\n<li class=\"li3\">Tributo a Ildo Lobo<\/li>\n<li class=\"li3\">Nha viv\u00eancia<\/li>\n<li class=\"li3\">Lebam nha cruz<\/li>\n<li class=\"li3\">Borta Djarfogo<\/li>\n<li class=\"li3\">Mondon di ba\u00eda<\/li>\n<li class=\"li3\">Sencia na bo<\/li>\n<li class=\"li3\">Cretcheumania<\/li>\n<li class=\"li3\">Vida sem cor<\/li>\n<li class=\"li3\">Kel\u00e9m<\/li>\n<li class=\"li3\">Mata sodadi<\/li>\n<li class=\"li3\">Mundo farsu<\/li>\n<li class=\"li3\">Spia pa dianti<\/li>\n<li class=\"li3\">Salditerra<\/li>\n<li class=\"li3\">Fidju di um deus menor<\/li>\n<li class=\"li3\">Sopro di nha vida<\/li>\n<li class=\"li3\">Ferro curado<\/li>\n<li class=\"li3\">Nha mundo ca\u00ed<\/li>\n<li class=\"li3\">Colexa e pilon<\/li>\n<li class=\"li3\">N\u2019ka falili<\/li>\n<li class=\"li3\">Carmin<\/li>\n<li class=\"li3\">Vid\u00e3o<\/li>\n<li class=\"li3\">Na rufa di tambor<\/li>\n<\/ol>\n<\/li>\n<\/ol>\n","protected":false},"excerpt":{"rendered":"<p>Daniel Lobo Daniel dos Santos Lobo, \u201cNin\u00e9\u201d para os amigos, nasceu em 1961 na cidade de S\u00e3o Filipe, ilha do Fogo, e fez estudos liceais na cidade da Praia, onde [&hellip;]<\/p>\n","protected":false},"author":1,"featured_media":0,"parent":0,"menu_order":0,"comment_status":"closed","ping_status":"closed","template":"","meta":{"spay_email":"","footnotes":""},"class_list":["post-5145","page","type-page","status-publish","hentry"],"_links":{"self":[{"href":"https:\/\/www.humbertoramos.net\/cifras\/wp-json\/wp\/v2\/pages\/5145","targetHints":{"allow":["GET"]}}],"collection":[{"href":"https:\/\/www.humbertoramos.net\/cifras\/wp-json\/wp\/v2\/pages"}],"about":[{"href":"https:\/\/www.humbertoramos.net\/cifras\/wp-json\/wp\/v2\/types\/page"}],"author":[{"embeddable":true,"href":"https:\/\/www.humbertoramos.net\/cifras\/wp-json\/wp\/v2\/users\/1"}],"replies":[{"embeddable":true,"href":"https:\/\/www.humbertoramos.net\/cifras\/wp-json\/wp\/v2\/comments?post=5145"}],"version-history":[{"count":6,"href":"https:\/\/www.humbertoramos.net\/cifras\/wp-json\/wp\/v2\/pages\/5145\/revisions"}],"predecessor-version":[{"id":5205,"href":"https:\/\/www.humbertoramos.net\/cifras\/wp-json\/wp\/v2\/pages\/5145\/revisions\/5205"}],"wp:attachment":[{"href":"https:\/\/www.humbertoramos.net\/cifras\/wp-json\/wp\/v2\/media?parent=5145"}],"curies":[{"name":"wp","href":"https:\/\/api.w.org\/{rel}","templated":true}]}}