{"id":5454,"date":"2024-10-21T09:01:19","date_gmt":"2024-10-21T09:01:19","guid":{"rendered":"https:\/\/www.humbertoramos.net\/cifras\/?page_id=5454"},"modified":"2024-10-21T09:10:26","modified_gmt":"2024-10-21T09:10:26","slug":"teofilo-chantre","status":"publish","type":"page","link":"https:\/\/www.humbertoramos.net\/cifras\/teofilo-chantre\/","title":{"rendered":"Te\u00f3filo Chantre\u00a0"},"content":{"rendered":"<p style=\"background: white; margin: 6.0pt 0cm 12.0pt 0cm;\"><b><span style=\"font-family: 'Arial',sans-serif; color: #202122;\"><img loading=\"lazy\" decoding=\"async\" class=\"alignnone size-full wp-image-5458\" src=\"http:\/\/www.humbertoramos.net\/cifras\/wp-content\/uploads\/2024\/10\/teofilo-chantre1.png\" alt=\"\" width=\"225\" height=\"225\" srcset=\"https:\/\/www.humbertoramos.net\/cifras\/wp-content\/uploads\/2024\/10\/teofilo-chantre1.png 225w, https:\/\/www.humbertoramos.net\/cifras\/wp-content\/uploads\/2024\/10\/teofilo-chantre1-150x150.png 150w, https:\/\/www.humbertoramos.net\/cifras\/wp-content\/uploads\/2024\/10\/teofilo-chantre1-100x100.png 100w, https:\/\/www.humbertoramos.net\/cifras\/wp-content\/uploads\/2024\/10\/teofilo-chantre1-75x75.png 75w\" sizes=\"auto, (max-width: 225px) 100vw, 225px\" \/><\/span><\/b><\/p>\n<p style=\"background: white; margin: 6.0pt 0cm 12.0pt 0cm;\"><b><span style=\"font-family: 'Arial',sans-serif; color: #202122;\">Te\u00f3filo Chantre<\/span><\/b><span style=\"font-family: 'Arial',sans-serif; color: #202122;\">\u00a0(Ilha de S\u00e3o Nicolau, 1964) \u00e9 um\u00a0m\u00fasico\u00a0e\u00a0compositor\u00a0caboverdiano. <\/span><\/p>\n<p style=\"background: white; font-variant-ligatures: normal; font-variant-caps: normal; orphans: 2; text-align: start; widows: 2; -webkit-text-stroke-width: 0px; text-decoration-thickness: initial; text-decoration-style: initial; text-decoration-color: initial; word-spacing: 0px; margin: 6.0pt 0cm 12.0pt 0cm;\"><span style=\"font-family: 'Arial',sans-serif; color: #202122;\">Quando Te\u00f3filo Chantre tinha treze anos, a sua fam\u00edlia partiu de Cabo Verde para\u00a0Paris. Esta dist\u00e2ncia da sua terra nativa serviu de inspira\u00e7\u00e3o e despertou a sua criatividade, tendo come\u00e7ado a compor, durante a sua adolesc\u00eancia, can\u00e7\u00f5es inspiradas nas\u00a0mornas\u00a0e\u00a0coladeiras\u00a0da sua terra.<\/span><\/p>\n<p style=\"background: white; font-variant-ligatures: normal; font-variant-caps: normal; orphans: 2; text-align: start; widows: 2; -webkit-text-stroke-width: 0px; text-decoration-thickness: initial; text-decoration-style: initial; text-decoration-color: initial; word-spacing: 0px; margin: 6.0pt 0cm 12.0pt 0cm;\"><span style=\"font-family: 'Arial',sans-serif; color: #202122;\">Ao longo da sua vida foi tamb\u00e9m muito influenciado pela restante m\u00fasica lus\u00f3fonoa, a brasileira em particular. A sua reputa\u00e7\u00e3o como cantor e compositor foi aumentando at\u00e9 ao ponto de\u00a0Ces\u00e1ria \u00c9vora\u00a0ter gravado tr\u00eas can\u00e7\u00f5es suas no seu disco\u00a0<i>Miss Perfumado<\/i>, que fez dela uma estrela internacional.<\/span><\/p>\n<p style=\"background: white; font-variant-ligatures: normal; font-variant-caps: normal; orphans: 2; text-align: start; widows: 2; -webkit-text-stroke-width: 0px; text-decoration-thickness: initial; text-decoration-style: initial; text-decoration-color: initial; word-spacing: 0px; margin: 6.0pt 0cm 12.0pt 0cm;\"><span style=\"font-family: 'Arial',sans-serif; color: #202122;\">Tendo continuado a compor para outros int\u00e9rpretes, Chantre consolidou entretanto a sua posi\u00e7\u00e3o enquanto int\u00e9rprete e gravou diversos discos, entre os quais\u00a0<i>Di Alma<\/i>\u00a0e\u00a0<i>Viaja<\/i>.<\/span><\/p>\n<p style=\"background: white; font-variant-ligatures: normal; font-variant-caps: normal; orphans: 2; text-align: start; widows: 2; -webkit-text-stroke-width: 0px; text-decoration-thickness: initial; text-decoration-style: initial; text-decoration-color: initial; word-spacing: 0px; margin: 6.0pt 0cm 12.0pt 0cm;\"><span style=\"font-family: 'Arial',sans-serif; color: #202122;\">Em concerto interpreta as suas can\u00e7\u00f5es sobretudo acusticamente, com\u00a0acorde\u00e3o, baixo, guitarra,\u00a0cavaquinho\u00a0e bateria.<\/span><\/p>\n<p>&nbsp;<\/p>\n<p><strong>Composi\u00e7\u00f5es:<\/strong><\/p>\n<ol>\n<li>Ad\u00ea Mucim<\/li>\n<li>\u00c1frica Nossa (M\u00fasica : Nando Da Cruz, Letra : Nando Da Cruz, Te\u00f3filo Chantre, Isma\u00ebl L\u00f4)<\/li>\n<li>Al\u00e9m Disso<\/li>\n<li>Alento<\/li>\n<li>Alma Morna<\/li>\n<li>Alma Sorriso<\/li>\n<li>Amdjer De N\u00f4s Terra ( Letra : Vitorino Chantre)<\/li>\n<li>Amor Di Mundo<\/li>\n<li>Amor Dum S\u00f4<\/li>\n<li>Amor, Mar e M\u00fasica (Letra\u00a0: Fantcha)<\/li>\n<li>Antipartida<\/li>\n<li>Anula\u00e7\u00e3o<\/li>\n<li>Apel Pa Tude Na\u00e7on (Letra : Vitorino Chantre)<\/li>\n<li>Au Restau De L\u2019Exil (Letra : Marc Est\u00e8ve)<\/li>\n<li>Ausencia (M\u00fasica : Goran Bregovic, Letra : Te\u00f3filo Chantre)<\/li>\n<li>Ba\u00eda De Mindelo<\/li>\n<li>Beijamor<\/li>\n<li>Beijo Di Longe (Letra e M\u00fasica : Boy G\u00e9 Mendes e Te\u00f3filo Chantre)<\/li>\n<li>Beijo Di Sociedade<\/li>\n<li>Beijo Primordial<\/li>\n<li>B\u00f4 Viaja (Letra : Vitorino Chantre)<\/li>\n<li>B\u00f4 Voz (Letra : Te\u00f3filo Chantre, adapta\u00e7\u00e3o de um tema da \u00f3pera \u201cP\u00eacheurs de Perles\u201d de Georges Bizet)<\/li>\n<li>Bola Azul<\/li>\n<li>Bondade E Maldade<\/li>\n<li>Buona Vita, vers\u00e3o italiana de Roda Vida (Alberto Zeppieri) 2007<\/li>\n<li>Cab\u2019 Verde Na Cora\u00e7on<\/li>\n<li>Cabo Verde Reserv\u00f3de (Letra\u00a0: Dulce Matias)<\/li>\n<li>Caboverdeano Emigrante (Letra\u00a0: Luiz Silva)<\/li>\n<li>Camim Di B\u00f4 Sorriso<\/li>\n<li>Canta Cabo Verde (Letra : Vitorino Chantre)<\/li>\n<li>Cant\u00e1 Na Esperan\u00e7a<\/li>\n<li>Canta Um Tango (M\u00fasica\u00a0: Giacomo Pedicini)<\/li>\n<li>Cantiga D\u2019Otrora<\/li>\n<li>Catarata Silenciosa<\/li>\n<li>Chelicha (Letra : Vitorino Chantre)<\/li>\n<li>Comme On Aime (Letra: Marc Est\u00e8ve)<\/li>\n<li>Condi\u00e7\u00e3o De Sofredor<\/li>\n<li>Condi\u00e7\u00e3o Humana<\/li>\n<li>Crepuscolare Solitudine<\/li>\n<li>Crepuscular Solid\u00e3o<\/li>\n<li>Cruz De Jom D\u2019Ebra (Letra : Vitorino Chantre)<\/li>\n<li>D\u00e9robade (Vers\u00e3o francesa de \u201cChelicha\u201d letra : Te\u00f3filo Chantre)<\/li>\n<li>Des Bleuets Dans Les Bl\u00e9s (Letra : Marc Est\u00e8ve)<\/li>\n<li>Di Dor Em Or<\/li>\n<li>Doce Sodade<\/li>\n<li>Dona Morna<\/li>\n<li>\u00c9 S\u00f4 D\u00f3<\/li>\n<li>Elle Chante (Adapta\u00e7\u00e3o)<\/li>\n<li>Emocionalmente<\/li>\n<li>Encant\u00e1 Nha Vida<\/li>\n<li>Encanto Di Cretcheu<\/li>\n<li>Entre Temps (Letra : Marc Est\u00e8ve)<\/li>\n<li>Esperan\u00e7a Di Mar Azul<\/li>\n<li>Esperan\u00e7a Irisada (M\u00fasica : G\u00e9rard Dahan, Koza Belleli, Letra : Te\u00f3filo<\/li>\n<li>Ess Bejo Doce e Salg\u00f3de<\/li>\n<li>Fal\u00e1 Ma Mi<\/li>\n<li>Fal\u00e1 Pa Fal\u00e1<\/li>\n<li>Fatalidade (Letra : Vitorino Chantre)<\/li>\n<li>Firmamento De N\u00f4s Sodade<\/li>\n<li>Flor Na Pa\u00fal<\/li>\n<li>Fonte Di Nha Sodade<\/li>\n<li>Futuro D\u2019Evolu\u00e7\u00e3o<\/li>\n<li>Gaivota Pa Vo\u00e1 (M\u00fasica : Luis Pastor, Letra : Adapta\u00e7\u00e3o de Te\u00f3filo Chantre<\/li>\n<li>Galans De Noche (Letra : Marc Est\u00e8ve)<\/li>\n<li>Gongon<\/li>\n<li>Hoje<\/li>\n<li>Homem Na Meio Di Homem (M\u00fasica : G\u00e9rard Dahan, Letra : Te\u00f3filo Chantre)<\/li>\n<li>Ilus\u00e3o Di Fuga<\/li>\n<li>Isis Criola<\/li>\n<li>Jardim Prometido (Letra : Te\u00f3filo Chantre, adapta\u00e7\u00e3o de um tema dos \u201cBrothers Four\u201d \u201cGreenfields\u201d<\/li>\n<li>Les Lendemains de Carnaval (Letra : Marc Est\u00e8ve<\/li>\n<li>Ligereza<\/li>\n<li>Linda Mimosa (German Pedro Iba\u00f1ez, Letra : Te\u00f3filo Chantre (adapta\u00e7\u00e3o em Crioulo)<\/li>\n<li>Lisa Na Luar<\/li>\n<li>Livrona De Nha Pai (Letra : Vitorino Chantre)<\/li>\n<li>Lua Desencantada<\/li>\n<li>Lumenara<\/li>\n<li>Luz Dum Estrela<\/li>\n<li>Ma Petite Musique (Letra: Marc Est\u00e8ve)<\/li>\n<li>M\u00e3e Carinhosa<\/li>\n<li>M\u00e3e Pa Fidje<\/li>\n<li>Mam\u2019Bia \u00c9 S\u00f4 Mi (Letra : Vitorino Chantre)<\/li>\n<li>Manh\u00e3 Florida<\/li>\n<li>Miragem d\u2019Amor<\/li>\n<li>Na Mundo e na B\u00f4<\/li>\n<li>Nada mas nada menos (Letra : Vitorino Chantre)<\/li>\n<li>Nada-Tudo (Letra: Vitorino Chantre)<\/li>\n<li>Necess\u00e1riamente<\/li>\n<li>Nha F\u00ea<\/li>\n<li>Nha Gl\u00f3ria<\/li>\n<li>Nha Raquel (M\u00fasica : Bau, Letra : Te\u00f3filo Chantre)<\/li>\n<li>Nha Vida \u00c9 Ma B\u00f4<\/li>\n<li>Ninancia (letra : Vitorino Chantre)<\/li>\n<li>N\u00f4 Am\u00e1<\/li>\n<li>N\u00f4s Caminhada (Letra\u00a0: Fantcha)<\/li>\n<li>Novura<\/li>\n<li>Oh M\u2019Dalena (Letra : Antonino Santos De Oliveira)<\/li>\n<li>Oli\u2019m Ma B\u00f4 (Letra : Vitorino Chantre\/Bernard Lavilliers)<\/li>\n<li>Pai Pa Fidje (Letra : Vitorino Chantre)<\/li>\n<li>Pa\u00eds Di Mel<\/li>\n<li>Parceria E Irmandade (Letra : Vitorino Chantre)<\/li>\n<li>Pont\u00e1 Linda<\/li>\n<li>Povo Her\u00f3i<\/li>\n<li>Promessa<\/li>\n<li>Quand On A Le Coeur \u00c0 L\u2019Ouest<\/li>\n<li>Quel Casinha (Adapta\u00e7\u00e3o)<\/li>\n<li>Quem Pod\u00ea 2002<\/li>\n<li>Raz\u00e3o D\u2019Existi ( Letra\u00a0: Dulce Matias)<\/li>\n<li>Recordai<\/li>\n<li>Relativamente<\/li>\n<li>Remembering Cabo Verde (Am\u00e2ndio Cabral)<\/li>\n<li>Roda Vida<\/li>\n<li>Rogamar<\/li>\n<li>Roma Criola<\/li>\n<li>Romance Na Rebera<\/li>\n<li>Ros\u00e1rio<\/li>\n<li>S\u00e3o Tom\u00e9 Na Equador ( M\u00fasica : Ray Lema)<\/li>\n<li>Segredo E Morabeza<\/li>\n<li>Segredo Na Luar<\/li>\n<li>Segunda Gera\u00e7\u00e3o<\/li>\n<li>Serenata Pa Nha M\u00e3e (Letra : Vitorino Chantre)<\/li>\n<li>Sina De D\u00f4s Alma (Letra : Vitorino Chantre)<\/li>\n<li>Sina De Mam\u00e3e-Terra (Letra : Vitorino Chantre)<\/li>\n<li>S\u00f4 Ma B\u00f4<\/li>\n<li>Soltero E Solto<\/li>\n<li>Sorte (Letra : Jos\u00e9 Da Silva)<\/li>\n<li>Tchoro Di Guin\u00e9<\/li>\n<li>Tchoro Quem\u00f3de (Letra : Vitorino Chantre)<\/li>\n<li>Tchoron<\/li>\n<li>Toc\u00e1 Pilon<\/li>\n<li>Tonte Vontade<\/li>\n<li>Tortura<\/li>\n<li>Tout En Ce Monde (Letra: Val\u00e9rie V\u00e9ga)<\/li>\n<li>Tu Verrais (letra : Marc Est\u00e8ve)<\/li>\n<li>Um Can\u00e7\u00e3o<\/li>\n<li>Um Morna De Certeza<\/li>\n<li>Um Novo Amor (Letra : Vitorino Chantre)<\/li>\n<li>Um Pincelada (Letra : Vitorino Chantre)<\/li>\n<li>Un Monde Honorable (Letra : Marc Est\u00e8ve)<\/li>\n<li>Vadiamundo (Letra : Vitorino Chantre)<\/li>\n<li>Vaga Lenta<\/li>\n<li>Vazio<\/li>\n<li>Verde Cabo Di Nhas Odjos (M\u00fasica : Luis Pastor, Letra : Adapta\u00e7\u00e3o de Te\u00f3filo Chantre)<\/li>\n<li>Vida Vazia<\/li>\n<li>Vis\u00e3o Di Cretcheu<\/li>\n<li>Voz D\u2019Amor<\/li>\n<li>Yamor\u00e9 (M\u00fasica : Salif Keita, Letra : adapta\u00e7\u00e3o de Te\u00f3filo Chantre)<\/li>\n<\/ol>\n<p>&nbsp;<\/p>\n","protected":false},"excerpt":{"rendered":"<p>Te\u00f3filo Chantre\u00a0(Ilha de S\u00e3o Nicolau, 1964) \u00e9 um\u00a0m\u00fasico\u00a0e\u00a0compositor\u00a0caboverdiano. Quando Te\u00f3filo Chantre tinha treze anos, a sua fam\u00edlia partiu de Cabo Verde para\u00a0Paris. Esta dist\u00e2ncia da sua terra nativa serviu de [&hellip;]<\/p>\n","protected":false},"author":1,"featured_media":0,"parent":0,"menu_order":0,"comment_status":"closed","ping_status":"closed","template":"","meta":{"spay_email":"","footnotes":""},"class_list":["post-5454","page","type-page","status-publish","hentry"],"_links":{"self":[{"href":"https:\/\/www.humbertoramos.net\/cifras\/wp-json\/wp\/v2\/pages\/5454","targetHints":{"allow":["GET"]}}],"collection":[{"href":"https:\/\/www.humbertoramos.net\/cifras\/wp-json\/wp\/v2\/pages"}],"about":[{"href":"https:\/\/www.humbertoramos.net\/cifras\/wp-json\/wp\/v2\/types\/page"}],"author":[{"embeddable":true,"href":"https:\/\/www.humbertoramos.net\/cifras\/wp-json\/wp\/v2\/users\/1"}],"replies":[{"embeddable":true,"href":"https:\/\/www.humbertoramos.net\/cifras\/wp-json\/wp\/v2\/comments?post=5454"}],"version-history":[{"count":6,"href":"https:\/\/www.humbertoramos.net\/cifras\/wp-json\/wp\/v2\/pages\/5454\/revisions"}],"predecessor-version":[{"id":5462,"href":"https:\/\/www.humbertoramos.net\/cifras\/wp-json\/wp\/v2\/pages\/5454\/revisions\/5462"}],"wp:attachment":[{"href":"https:\/\/www.humbertoramos.net\/cifras\/wp-json\/wp\/v2\/media?parent=5454"}],"curies":[{"name":"wp","href":"https:\/\/api.w.org\/{rel}","templated":true}]}}