{"id":5522,"date":"2025-01-28T10:13:30","date_gmt":"2025-01-28T10:13:30","guid":{"rendered":"https:\/\/www.humbertoramos.net\/cifras\/?page_id=5522"},"modified":"2025-01-28T11:25:26","modified_gmt":"2025-01-28T11:25:26","slug":"manu-ramos","status":"publish","type":"page","link":"https:\/\/www.humbertoramos.net\/cifras\/manu-ramos\/","title":{"rendered":"Manu Ramos"},"content":{"rendered":"<p><img loading=\"lazy\" decoding=\"async\" class=\"alignnone size-medium wp-image-5523 hoverZoomLink\" src=\"http:\/\/www.humbertoramos.net\/cifras\/wp-content\/uploads\/2025\/01\/foto-manu-ramos-2-243x300.jpeg\" alt=\"\" width=\"243\" height=\"300\" srcset=\"https:\/\/www.humbertoramos.net\/cifras\/wp-content\/uploads\/2025\/01\/foto-manu-ramos-2-243x300.jpeg 243w, https:\/\/www.humbertoramos.net\/cifras\/wp-content\/uploads\/2025\/01\/foto-manu-ramos-2-829x1024.jpeg 829w, https:\/\/www.humbertoramos.net\/cifras\/wp-content\/uploads\/2025\/01\/foto-manu-ramos-2-768x949.jpeg 768w, https:\/\/www.humbertoramos.net\/cifras\/wp-content\/uploads\/2025\/01\/foto-manu-ramos-2-600x741.jpeg 600w, https:\/\/www.humbertoramos.net\/cifras\/wp-content\/uploads\/2025\/01\/foto-manu-ramos-2.jpeg 1036w\" sizes=\"auto, (max-width: 243px) 100vw, 243px\" \/><\/p>\n<p><strong>Manuel Concei\u00e7\u00e3o Ramos<\/strong><\/p>\n<p><strong>Man\u00fa Ramos<\/strong><\/p>\n<p><em><strong>Obras de Man\u00fa Ramos<\/strong><\/em><\/p>\n<ol>\n<li>Afinal, Noj \u00ca o N\u00e3o Ser Racional? (samba \u2013 para o grupo Monte sossego, canaval 2019)<\/li>\n<li>Arrependiment Ta Bem Sempr Tard (morna)<\/li>\n<li>Boa as\u00e3o ne kamim de xk\u00f3la \u2013 (coladeira &#8211; infantil)<\/li>\n<li>Br\u00f3k 18 \u2013 (coladeira)<\/li>\n<li>Destine Biforc\u00f3d &#8211; (mazurca &#8211; poesia de Emanuel Ribeiro)<\/li>\n<li>Determinas\u00e3o<\/li>\n<li>Dilema de Farar\u00e1 \u2013 (sanj\u00f5 &#8211; para a s\u00e9rie Sonsent Tal Qual Se Sente)<\/li>\n<li>Dominig (coladeira \u2013 infantil)<\/li>\n<li>Donz\u00e9la Ultraj\u00f3d<\/li>\n<li>Dzabaf<\/li>\n<li>Dzej Dum Fuli\u00e3o (M\u00fasica para o Grupo \u201cFlor Azul\u201d &#8211; 2\u00ba lugar Ex\u00e9quio 1994)<\/li>\n<li>\u00c9rr D`avalia\u00e7\u00e3o \u2013 (regae &#8211; para a s\u00e9rie Sonsent Tal Qual Se Sente)<\/li>\n<li>Fany (sanj\u00f5)<\/li>\n<li>Guidellage (M\u00fasica para o Grupo Maravilhas do Oceano &#8211; Mens\u00e3o Honrosa 1999)<\/li>\n<li>Judas<\/li>\n<li>Kaza d` Aranha \u2013 (coladeira)<\/li>\n<li>K\u00f3d Trans\u00f3d \u2013 (coladeira)<\/li>\n<li>Koras\u00e3o Kadili\u00f3d (coladeira)<\/li>\n<li>L\u00e1 e C\u00e1 No Mar (poesia de Jorge L\u00e9 &#8211; Portugu\u00eas)<\/li>\n<li>M\u00e3e Felina \u2013 (morna)<\/li>\n<li>Majejtad<\/li>\n<li>Mensajem Solid\u00e1ria<\/li>\n<li>Miraja Distant \u2013 (morna &#8211; poesia de Emanuel Ribeiro)<\/li>\n<li>Miupia D`Alma (coladeira)<\/li>\n<li>Mnininha d`Sonsent (coladeira- poesia de On\u00e9simo Silveira)<\/li>\n<li>Mud\u00e1 Semblant (M\u00fasica para o Grupo \u201cBaianas de Monte Sossego\u201d &#8211; 1\u00ba Pr\u00e9mio 2002)<\/li>\n<li>Mundringa<\/li>\n<li>N ka Ta Intend\u00ea Es Kontradis\u00e3o \u2013 (Coladeira &#8211; infantil)<\/li>\n<li>Nha Cruz (morna)<\/li>\n<li>Nh\u00ea Faty<\/li>\n<li>Nhe Faty (coladeira)<\/li>\n<li>Pork\u00ea Tem d` Ser Sim (coladeira)<\/li>\n<li>Porqu\u00ea Senhor? (samba \u2013 mens\u00e3o honrosa do carnaval 2017)<\/li>\n<li>Pur Obz\u00e9kie<\/li>\n<li>Purk\u00ea Tem De Ser Esim?<\/li>\n<li>Rainha &#8211; (r\u00edtimo mandinga &#8211; poesia de On\u00e9simo Silveira)<\/li>\n<li>Reconcili\u00e1 k Boas Festas (coladeira)<\/li>\n<li>Regress d`Bonansa (morna)<\/li>\n<li>S\u00e3 Konviv\u00e9nsia<\/li>\n<li>Sem Orv\u00f3i \u2013 (sanj\u00f5 \u2013 Paula Cristina Monteiro \u2013 casinha dos licores)<\/li>\n<li>Sem Pudor (coladeira)<\/li>\n<li>Ser xpesial \u2013 (samba)<\/li>\n<li>Sodad d` Otrora (M\u00fasica para \u201cAssocia\u00e7\u00e3o de Carnaval de SV\u201d \u20131\u00ba Pr\u00e9mio 1998)<\/li>\n<li>Sodad De Nha M\u00e3e (com Adenda)<\/li>\n<li>Trijt Akontsiment<\/li>\n<li>Txupiriks<\/li>\n<li>\u00daltimu Dzej Dum Peskador<\/li>\n<li>Vel\u00ear &#8211; (morna &#8211; poesia de On\u00e9simo Silveira)<\/li>\n<li>Viaj\u00e1 na Temp \u2013 (coladeira)<\/li>\n<li>Vip\/V\u00f3p \u2013 ( coladeira &#8211; para a s\u00e9rie Sonsent Tal Qual Se Sente)<\/li>\n<\/ol>\n<p>&nbsp;<\/p>\n","protected":false},"excerpt":{"rendered":"<p>Manuel Concei\u00e7\u00e3o Ramos Man\u00fa Ramos Obras de Man\u00fa Ramos Afinal, Noj \u00ca o N\u00e3o Ser Racional? (samba \u2013 para o grupo Monte sossego, canaval 2019) Arrependiment Ta Bem Sempr Tard [&hellip;]<\/p>\n","protected":false},"author":1,"featured_media":0,"parent":0,"menu_order":0,"comment_status":"closed","ping_status":"closed","template":"","meta":{"spay_email":"","footnotes":""},"class_list":["post-5522","page","type-page","status-publish","hentry"],"_links":{"self":[{"href":"https:\/\/www.humbertoramos.net\/cifras\/wp-json\/wp\/v2\/pages\/5522","targetHints":{"allow":["GET"]}}],"collection":[{"href":"https:\/\/www.humbertoramos.net\/cifras\/wp-json\/wp\/v2\/pages"}],"about":[{"href":"https:\/\/www.humbertoramos.net\/cifras\/wp-json\/wp\/v2\/types\/page"}],"author":[{"embeddable":true,"href":"https:\/\/www.humbertoramos.net\/cifras\/wp-json\/wp\/v2\/users\/1"}],"replies":[{"embeddable":true,"href":"https:\/\/www.humbertoramos.net\/cifras\/wp-json\/wp\/v2\/comments?post=5522"}],"version-history":[{"count":2,"href":"https:\/\/www.humbertoramos.net\/cifras\/wp-json\/wp\/v2\/pages\/5522\/revisions"}],"predecessor-version":[{"id":5527,"href":"https:\/\/www.humbertoramos.net\/cifras\/wp-json\/wp\/v2\/pages\/5522\/revisions\/5527"}],"wp:attachment":[{"href":"https:\/\/www.humbertoramos.net\/cifras\/wp-json\/wp\/v2\/media?parent=5522"}],"curies":[{"name":"wp","href":"https:\/\/api.w.org\/{rel}","templated":true}]}}