{"id":5594,"date":"2025-04-23T09:28:30","date_gmt":"2025-04-23T09:28:30","guid":{"rendered":"https:\/\/www.humbertoramos.net\/cifras\/?page_id=5594"},"modified":"2025-04-27T12:48:51","modified_gmt":"2025-04-27T12:48:51","slug":"gastronomia-portugal","status":"publish","type":"page","link":"https:\/\/www.humbertoramos.net\/cifras\/letras-e-cifras\/gastronomia-portugal\/","title":{"rendered":"Gastronomia &#8211; Portugal"},"content":{"rendered":"<p>&nbsp;<\/p>\n<style>\n        body {<br \/>            font-family: Arial, sans-serif;<br \/>            line-height: 1.6;<br \/>            background-color: #f9f9f9;<br \/>            margin: 20px;<br \/>        }<br \/>        h1, h2 {<br \/>            color: #2c3e50;<br \/>        }<br \/>        .category {<br \/>            background-color: #ecf0f1;<br \/>            padding: 10px;<br \/>            margin-top: 20px;<br \/>            border-left: 5px solid #2980b9;<br \/>        }<br \/>        .restaurant {<br \/>            margin-left: 20px;<br \/>        }<br \/>        a {<br \/>            color: #2980b9;<br \/>        }<br \/>    <\/style>\n<p>&nbsp;<\/p>\n<h5>\ud83c\udf0d Restaurantes Africanos e de Comidas do Mundo em Lisboa e Arredores<\/h5>\n<div class=\"category\">\n<h2>\ud83c\udde6\ud83c\uddf4 Angola<\/h2>\n<div class=\"restaurant\"><a href=\"https:\/\/www.google.com\/maps\/search\/Casa+de+Angola+Travessa+da+F%C3%A1brica+das+Sedas+Lisboa\" target=\"_blank\" rel=\"noopener\">Casa de Angola \u2013 Travessa da F\u00e1brica das Sedas, Lisboa<\/a><\/div>\n<div class=\"restaurant\"><a href=\"https:\/\/www.google.com\/maps\/search\/Kamba+Restaurant+Pra%C3%A7a+5+de+Outubro+9+Seixal\" target=\"_blank\" rel=\"noopener\">Kamba Restaurant \u2013 Pra\u00e7a 5 de Outubro, 9, Seixal<\/a><\/div>\n<div class=\"restaurant\"><a href=\"https:\/\/www.google.com\/maps\/search\/Mambo+Rua+da+Silva+8+Lisboa\" target=\"_blank\" rel=\"noopener\">Mambo \u2013 Rua da Silva, 8, Lisboa<\/a><\/div>\n<div class=\"restaurant\"><a href=\"https:\/\/www.google.com\/maps\/search\/Av+Vale+de+Milha\u00e7os+125+2855+387+Corroios\" target=\"_blank\" rel=\"noopener\">Marialama &#8211; Av. Vale de Milha\u00e7os n.\u00ba 125, 2855-387 Corroios<\/a><\/div>\n<div class=\"restaurant\"><a href=\"https:\/\/www.google.com\/maps\/search\/Mulemba+X%E2%80%99Angola+Largo+Jos%C3%A9+Afonso+Olival+Basto\" target=\"_blank\" rel=\"noopener\">Mulemba X\u2019Angola \u2013 Largo Jos\u00e9 Afonso, Olival Basto<\/a><\/div>\n<\/div>\n<div class=\"category\">\n<h2>\ud83c\udde8\ud83c\uddfb Cabo Verde<\/h2>\n<div class=\"restaurant\"><a href=\"https:\/\/www.google.com\/maps\/search\/Associa%C3%A7%C3%A3o+Caboverdiana+Rua+Duque+de+Palmela+2+Lisboa\" target=\"_blank\" rel=\"noopener\">Associa\u00e7\u00e3o Caboverdiana \u2013 Rua Duque de Palmela 2, Lisboa<\/a><\/div>\n<div class=\"restaurant\"><a href=\"https:\/\/www.google.com\/maps\/search\/Bistr%C3%B4+Crioulo+Rua+de+S%C3%A3o+Bento+640+Lisboa\" target=\"_blank\" rel=\"noopener\">Bistr\u00f4 Crioulo CCCV \u2013 Rua de S\u00e3o Bento 640, Lisboa<\/a><\/div>\n<div class=\"restaurant\"><a href=\"https:\/\/www.google.com\/maps\/search\/Caf\u00e9+Cabo+Verde+Praceta+Quinta+do+Patrim\u00f3nio+9+Amora\" target=\"_blank\" rel=\"noopener\">Caf\u00e9 Cabo Verde -Praceta Quinta do Patrim\u00f3nio 9, 2845-015 Amora<\/a><\/div>\n<div class=\"restaurant\"><a href=\"https:\/\/www.google.com\/maps\/search\/Rua+Gen+Humberto+Delgado+18B+Amora\" target=\"_blank\" rel=\"noopener\">Caf\u00e9 Kriola &#8211; R. Gen. Humberto Delgado 18B, Amora <\/a><\/div>\n<div class=\"restaurant\"><a href=\"https:\/\/www.google.com\/maps\/search\/Praceta+Bento+Moura+Almada\" target=\"_blank\" rel=\"noopener\">Caf\u00e9 Mad\u00e1 &#8211; Praceta Bento Moura, Almada <\/a><\/div>\n<div class=\"restaurant\"><a href=\"https:\/\/www.google.com\/maps\/search\/Praceta+Ant\u00f3nio+Ribeiro+Sanches+7+Laranjeiro\" target=\"_blank\" rel=\"noopener\">Caf\u00e9 N\u00f4s Sabor &#8211; Praceta Ant\u00f3nio Ribeiro Sanches 7, 2810-217 Laranjeiro<\/a><\/div>\n<div class=\"restaurant\"><a href=\"https:\/\/www.google.com\/maps\/search\/Cachupabr+Rua+Almirante+Reis+22B+Barreiro\" target=\"_blank\" rel=\"noopener\">Cachupa Br \u2013 R. Alm. Reis 22 B, 2830-326 Barreiro<\/a><\/div>\n<div class=\"restaurant\"><a href=\"https:\/\/www.google.com\/maps\/search\/Cachupa+da+Tia+Alice+Estrada+da+Luz+98+Lisboa\" target=\"_blank\" rel=\"noopener\">Cachupa da Tia Alice \u2013 Estrada da Luz, 98, Lisboa<\/a><\/div>\n<div class=\"restaurant\"><a href=\"https:\/\/www.google.com\/maps\/search\/Cachupa+na+casa+Praceta+Prof.+Francisco+Gentil+5A+Povoa+de+Santo+Adriao\" target=\"_blank\" rel=\"noopener\">Cachupa na casa \u2013 Praceta Prof. Francisco Gentil 5 A, 2620-096 P\u00f3voa de Santo Adri\u00e3o<\/a><\/div>\n<div class=\"restaurant\"><a href=\"https:\/\/www.google.com\/maps\/search\/Avenida+Prof.Rui+Lu\u00eds+Gomes+ 3+Almada\" target=\"_blank\" rel=\"noopener\">Cantinho da Lutchinha\u2013 Av. Prof. Rui Lu\u00eds Gomes 3,Almada<\/a><\/div>\n<div class=\"restaurant\"><a href=\"https:\/\/www.google.com\/maps\/search\/Cantinho+da+Nono+Rua+Mouzinho+de+Albuquerque+14A+Damaia\" target=\"_blank\" rel=\"noopener\">Cantinho da Nono \u2013 Rua Mouzinho de Albuquerque, 14 A, Damaia<\/a><\/div>\n<div class=\"restaurant\"><a href=\"https:\/\/www.google.com\/maps\/search\/Celso+Social+Club+Casal+da+Boba+Amadora\" target=\"_blank\" rel=\"noopener\">Celso Social Club \u2013 Casal da Boba, Amadora<\/a><\/div>\n<div class=\"restaurant\"><a href=\"https:\/\/www.google.com\/maps\/search\/Clase+Rua+do+Mercado+Algueir%C3%A3o-Mem-Martins\" target=\"_blank\" rel=\"noopener\">Clase \u2013 Rua do Mercado, Algueir\u00e3o-Mem-Martins<\/a><\/div>\n<div class=\"restaurant\"><a href=\"https:\/\/www.google.com\/maps\/search\/Djairsound+Rua+das+Janelas+Verdes+22+Lisboa\" target=\"_blank\" rel=\"noopener\">Djairsound \u2013 Rua das Janelas Verdes 22, Lisboa<\/a><\/div>\n<div class=\"restaurant\"><a href=\"https:\/\/www.google.com\/maps\/search\/Fontainhas+Praceta+Dr+Ant%C3%B3nio+Luis+Borges+Amadora\" target=\"_blank\" rel=\"noopener\">Fontainhas \u2013 Praceta Dr Ant\u00f3nio Luis Borges, Amadora<\/a><\/div>\n<div class=\"restaurant\"><a href=\"https:\/\/www.google.com\/maps\/search\/Fox+Coffee+Rua+Ant%C3%B3nio+Pedro+177+Lisboa\" target=\"_blank\" rel=\"noopener\">Fox Coffee \u2013 Rua Ant\u00f3nio Pedro 177, Lisboa<\/a><\/div>\n<div class=\"restaurant\"><a href=\"https:\/\/www.google.com\/maps\/search\/Rua+Ant\u00f3nio+S\u00e9rgio+3E+Amora\" target=\"_blank\" rel=\"noopener\">Love Coffe -R. Ant\u00f3nio S\u00e9rgio 3E, 2845-582 Amora<\/a><\/div>\n<div class=\"restaurant\"><a href=\"https:\/\/www.google.com\/maps\/search\/Malandro+do+Masques+Rua+Camilo+Castelo+Branco+23B+Lisboa\" target=\"_blank\" rel=\"noopener\">Malandro do Marqu\u00eas -R. Camilo Castelo Branco 23B, 1150-279 Lisboa<br \/>\n<\/a><\/div>\n<div class=\"restaurant\"><a href=\"https:\/\/www.google.com\/maps\/search\/Mesa+Kreol+Arco+Portas+do+Mar+9+Lisboa\" target=\"_blank\" rel=\"noopener\">Mesa Kreol \u2013 Arco Portas do Mar, 9, Lisboa<\/a><\/div>\n<div class=\"restaurant\"><a href=\"https:\/\/www.google.com\/maps\/search\/Nabi+Caf%C3%A9+Av+25+de+Abril+60+Massam%C3%A1\" target=\"_blank\" rel=\"noopener\">Nabi Caf\u00e9 \u2013 Av. 25 de Abril, 60, Massam\u00e1<\/a><\/div>\n<div class=\"restaurant\"><a href=\"https:\/\/www.google.com\/maps\/search\/R+Miguel+Torga+2A+2855+123+Corroios\" target=\"_blank\" rel=\"noopener\">O Melro &#8211; Rua Miguel Torga 2A Miratejo<\/a><\/div>\n<div class=\"restaurant\"><a href=\"https:\/\/www.google.com\/maps\/search\/Praceta+Eug\u00e9nio+de+Castro+3E+Carnaxide\" target=\"_blank\" rel=\"noopener\">Restaurante Krioula \u2013 Praceta Eug\u00e9nio de Castro 3E, 2790-072 Carnaxide<\/a><\/div>\n<div class=\"restaurant\"><a href=\"https:\/\/www.google.com\/maps\/search\/Sabores+da+Vida+Praceta+Gomes+Leal+4E+Amadora\" target=\"_blank\" rel=\"noopener\">Sabores da Vida \u2013 Praceta Gomes Leal 4E, 2650-243 Amadora<\/a><\/div>\n<div class=\"restaurant\"><a href=\"https:\/\/www.google.com\/maps\/search\/Av+dos+Mission\u00e1rios+16A+Agualva+Cac\u00e9m\" target=\"_blank\" rel=\"noopener\">Snack Bar Realax &#8211; Av. dos Mission\u00e1rios 16A Agualva-Cac\u00e9m<\/a><\/div>\n<div class=\"restaurant\"><a href=\"https:\/\/www.google.com\/maps\/search\/Tambarina+Rua+do+Po%C3%A7o+dos+Negros+94+Lisboa\" target=\"_blank\" rel=\"noopener\">Tambarina \u2013 Rua do Po\u00e7o dos Negros, 94, Lisboa<\/a><\/div>\n<div class=\"restaurant\"><a href=\"https:\/\/maps.app.goo.gl\/qkQXgB7QKxea4Ra39\" target=\"_blank\" rel=\"noopener\">Tia B\u00e9 \u2013 R. Manuel Jos\u00e9 Gomes 137, 2805-094 Almada<\/a><\/div>\n<\/div>\n<div class=\"category\">\n<h2>\ud83c\uddec\ud83c\uddfc Guin\u00e9-Bissau<\/h2>\n<div class=\"restaurant\"><a href=\"https:\/\/www.google.com\/maps\/search\/Leve+Leve+Tv+da+Boa+Hora+39+Lisboa\" target=\"_blank\" rel=\"noopener\">Leve Leve \u2013 Tv. da Boa Hora, 39, Lisboa<\/a><\/div>\n<div class=\"restaurant\"><a href=\"https:\/\/www.google.com\/maps\/search\/Meia+Lua+Rua+de+Ponta+Delgada+35+Lisboa\" target=\"_blank\" rel=\"noopener\">Meia Lua \u2013 Rua de Ponta Delgada, 35, Lisboa<\/a><\/div>\n<\/div>\n<div class=\"category\">\n<h2>\ud83c\uddf2\ud83c\uddff Mo\u00e7ambique<\/h2>\n<div class=\"restaurant\"><a href=\"https:\/\/www.google.com\/maps\/search\/Kumbulane+Moz+Praceta+Lagoa+de+%C3%93bidos+39+Parede\" target=\"_blank\" rel=\"noopener\">Kumbulane Moz \u2013 Praceta Lagoa de \u00d3bidos, 39, Parede<\/a><\/div>\n<div class=\"restaurant\"><a href=\"https:\/\/www.google.com\/maps\/search\/Oliveira%E2%80%99s+Rua+Dr+Ant%C3%B3nio+C%C3%A2ndido+15+Lisboa\" target=\"_blank\" rel=\"noopener\">Oliveira\u2019s \u2013 Rua Dr. Ant\u00f3nio C\u00e2ndido, 15, Lisboa<\/a><\/div>\n<div class=\"restaurant\"><a href=\"https:\/\/www.google.com\/maps\/search\/Roda+Viva+Beco+do+Mexias+11+Lisboa\" target=\"_blank\" rel=\"noopener\">Roda Viva \u2013 Beco do Mexias, 11 R\/c, Lisboa<\/a><\/div>\n<\/div>\n<div class=\"category\">\n<h2>\ud83c\uddf2\ud83c\udde6 Marrocos<\/h2>\n<div class=\"restaurant\"><a href=\"https:\/\/www.google.com\/maps\/search\/Flor+da+Laranja+Rua+da+Rosa+206+Lisboa\" target=\"_blank\" rel=\"noopener\">Flor da Laranja \u2013 Rua da Rosa, 206, Lisboa<\/a><\/div>\n<\/div>\n<div class=\"category\">\n<h2>\ud83c\uddff\ud83c\udde6 \u00c1frica do Sul<\/h2>\n<div class=\"restaurant\"><a href=\"https:\/\/www.google.com\/maps\/search\/South+African+Restaurant+Rua+Jo%C3%A3o+Lu%C3%ADs+de+Moura+160+Cascais\" target=\"_blank\" rel=\"noopener\">South African Restaurant \u2013 Rua Jo\u00e3o Lu\u00eds de Moura, 160, Cascais<\/a><\/div>\n<\/div>\n<div class=\"category\">\n<h2>\ud83c\udde7\ud83c\uddf7 Brasil<\/h2>\n<div class=\"restaurant\"><a href=\"https:\/\/www.google.com\/maps\/search\/Acaraj%C3%A9+da+Caro+Rua+da+Rosa+63+Lisboa\" target=\"_blank\" rel=\"noopener\">Acaraj\u00e9 da Caro \u2013 Rua da Rosa 63, Lisboa<\/a><\/div>\n<\/div>\n<div class=\"category\">\n<h2>\ud83c\udf7d\ufe0f Comidas do Mundo<\/h2>\n<div class=\"restaurant\"><a href=\"https:\/\/www.google.com\/maps\/search\/Praia+da+Parede+Av+Marginal+2775+364+Parede\" target=\"_blank\" rel=\"noopener\">Adamastor &#8211; Praia da Parede, Av. Marginal, 2775-364 Parede<\/a><\/div>\n<div class=\"restaurant\"><a href=\"https:\/\/www.google.com\/maps\/search\/Afrik+Campo+Grande+4A+Lisboa\" target=\"_blank\" rel=\"noopener\">Afrik- Campo Grande 4A e B, 1700-092 Lisboa<\/a><\/div>\n<div class=\"restaurant\"><a href=\"https:\/\/www.google.com\/maps\/search\/A+Gruta+Restaurante+da+Nono+Largo+Crist%C3%B3v%C3%A3o+da+Gama+13D+Damaia\" target=\"_blank\" rel=\"noopener\">A Gruta Restaurante da Nono \u2013 Largo Crist\u00f3v\u00e3o da Gama 13D, Damaia<\/a><\/div>\n<div class=\"restaurant\"><a href=\"https:\/\/www.google.com\/maps\/search\/Area+Vip+Rua+Garcia+de+Orta+28+Amadora\" target=\"_blank\" rel=\"noopener\">Area Vip \u2013 Rua Garcia de Orta 28, Amadora<\/a><\/div>\n<div class=\"restaurant\"><a href=\"https:\/\/www.google.com\/maps\/search\/Bar+da+Nozinha+Rua+Her%C3%B3is+dos+Dembos+181+Camarate\" target=\"_blank\" rel=\"noopener\">Bar da Nozinha \u2013 Rua Her\u00f3is dos Dembos, 181, Camarate<\/a><\/div>\n<p><!-- Continua\u00e7\u00e3o das liga\u00e7\u00f5es pode ser feita se quiseres --><\/p>\n<\/div>\n<p>&nbsp;<\/p>\n","protected":false},"excerpt":{"rendered":"<p>&nbsp; &nbsp; \ud83c\udf0d Restaurantes Africanos e de Comidas do Mundo em Lisboa e Arredores \ud83c\udde6\ud83c\uddf4 Angola Casa de Angola \u2013 Travessa da F\u00e1brica das Sedas, Lisboa Kamba Restaurant \u2013 Pra\u00e7a [&hellip;]<\/p>\n","protected":false},"author":1,"featured_media":0,"parent":4,"menu_order":0,"comment_status":"closed","ping_status":"closed","template":"","meta":{"spay_email":"","footnotes":""},"class_list":["post-5594","page","type-page","status-publish","hentry"],"_links":{"self":[{"href":"https:\/\/www.humbertoramos.net\/cifras\/wp-json\/wp\/v2\/pages\/5594","targetHints":{"allow":["GET"]}}],"collection":[{"href":"https:\/\/www.humbertoramos.net\/cifras\/wp-json\/wp\/v2\/pages"}],"about":[{"href":"https:\/\/www.humbertoramos.net\/cifras\/wp-json\/wp\/v2\/types\/page"}],"author":[{"embeddable":true,"href":"https:\/\/www.humbertoramos.net\/cifras\/wp-json\/wp\/v2\/users\/1"}],"replies":[{"embeddable":true,"href":"https:\/\/www.humbertoramos.net\/cifras\/wp-json\/wp\/v2\/comments?post=5594"}],"version-history":[{"count":33,"href":"https:\/\/www.humbertoramos.net\/cifras\/wp-json\/wp\/v2\/pages\/5594\/revisions"}],"predecessor-version":[{"id":5717,"href":"https:\/\/www.humbertoramos.net\/cifras\/wp-json\/wp\/v2\/pages\/5594\/revisions\/5717"}],"up":[{"embeddable":true,"href":"https:\/\/www.humbertoramos.net\/cifras\/wp-json\/wp\/v2\/pages\/4"}],"wp:attachment":[{"href":"https:\/\/www.humbertoramos.net\/cifras\/wp-json\/wp\/v2\/media?parent=5594"}],"curies":[{"name":"wp","href":"https:\/\/api.w.org\/{rel}","templated":true}]}}