{"id":5667,"date":"2025-04-26T10:40:24","date_gmt":"2025-04-26T10:40:24","guid":{"rendered":"https:\/\/www.humbertoramos.net\/cifras\/?page_id=5667"},"modified":"2025-04-26T10:41:26","modified_gmt":"2025-04-26T10:41:26","slug":"aafropalm-holanda","status":"publish","type":"page","link":"https:\/\/www.humbertoramos.net\/cifras\/letras-e-cifras\/aafropalm-holanda\/","title":{"rendered":"AafroPalm &#8211; Holanda"},"content":{"rendered":"<p>&nbsp;<\/p>\n<h5>Restaurantes, Caf\u00e9s e Associa\u00e7\u00f5es Cabo-Verdianas na Holanda<\/h5>\n<h5>\ud83c\udf7d\ufe0f Restaurantes e Caf\u00e9s<\/h5>\n<ul>\n<li><a href=\"https:\/\/www.google.com\/maps\/search\/?api=1&amp;query=Cabo+Caff\u00e9+Amsterdam+Netherlands\" target=\"_blank\" rel=\"noopener\"><br \/>\nCabo Caff\u00e9 \u2013 Amsterdam<br \/>\n<\/a><br \/>\nCabo Caff\u00e9<\/li>\n<\/ul>\n<h5>\ud83e\udd1d Associa\u00e7\u00f5es Cabo-Verdianas<\/h5>\n<ul>\n<li><a href=\"https:\/\/www.google.com\/maps\/search\/?api=1&amp;query=Amigos+de+Paul+Middenhoefstraat+5B+Rotterdam+Netherlands\" target=\"_blank\" rel=\"noopener\"><br \/>\nAmigos de Pa\u00fal \u2013 Rotterdam<br \/>\n<\/a><\/li>\n<li><a href=\"https:\/\/www.google.com\/maps\/search\/?api=1&amp;query=Associa\u00e7\u00e3o+Boa+Esperan\u00e7a+Else+V+der+Bansstraat+163+Spijkenisse+Netherlands\" target=\"_blank\" rel=\"noopener\"><br \/>\nAssocia\u00e7\u00e3o Boa Esperan\u00e7a \u2013 Spijkenisse<br \/>\n<\/a><\/li>\n<li><a href=\"https:\/\/www.google.com\/maps\/search\/?api=1&amp;query=Casa+Tiberias+Hugo+Molenaarstraat+49+Rotterdam+Netherlands\" target=\"_blank\" rel=\"noopener\"><br \/>\nCasa Tiberias \u2013 Rotterdam<br \/>\n<\/a><\/li>\n<li><a href=\"https:\/\/www.google.com\/maps\/search\/?api=1&amp;query=Stichting+Az\u00e1gua+Toverfluitstraat+47+Rotterdam+Netherlands\" target=\"_blank\" rel=\"noopener\"><br \/>\nStichting Az\u00e1gua \u2013 Rotterdam<br \/>\n<\/a><\/li>\n<li><a href=\"https:\/\/www.google.com\/maps\/search\/?api=1&amp;query=Fedic+Willem+van+Zuylenstraat+68+Rotterdam+Netherlands\" target=\"_blank\" rel=\"noopener\"><br \/>\nFedic \u2013 Rotterdam<br \/>\n<\/a><\/li>\n<li><a href=\"https:\/\/www.google.com\/maps\/search\/?api=1&amp;query=Funda\u00e7\u00e3o+Rabassa+Korfmakerstraat+131+Rotterdam+Netherlands\" target=\"_blank\" rel=\"noopener\"><br \/>\nFunda\u00e7\u00e3o Rabassa \u2013 Rotterdam<br \/>\n<\/a><\/li>\n<li><a href=\"https:\/\/www.google.com\/maps\/search\/?api=1&amp;query=Lantuna+Rotterdam+Netherlands\" target=\"_blank\" rel=\"noopener\"><br \/>\nLantuna \u2013 Holanda<br \/>\n<\/a><\/li>\n<li><a href=\"https:\/\/www.cruzvermelha.org.cv\/index.php\/comunicacao\/noticias\/281-associacao-ami-e-cabo-verde-na-holanda-de-maos-dadas-com-a-cruz-vermelha-de-cabo-verde-em-auxilio-aos-mais-desprotegidos\" target=\"_blank\" rel=\"noopener\"><br \/>\nAmi \u00e9 Cabo Verde \u2013 Holanda<br \/>\n<\/a><\/li>\n<\/ul>\n<p>&nbsp;<\/p>\n","protected":false},"excerpt":{"rendered":"<p>&nbsp; Restaurantes, Caf\u00e9s e Associa\u00e7\u00f5es Cabo-Verdianas na Holanda \ud83c\udf7d\ufe0f Restaurantes e Caf\u00e9s Cabo Caff\u00e9 \u2013 Amsterdam Cabo Caff\u00e9 \ud83e\udd1d Associa\u00e7\u00f5es Cabo-Verdianas Amigos de Pa\u00fal \u2013 Rotterdam Associa\u00e7\u00e3o Boa Esperan\u00e7a \u2013 [&hellip;]<\/p>\n","protected":false},"author":1,"featured_media":0,"parent":4,"menu_order":0,"comment_status":"closed","ping_status":"closed","template":"","meta":{"spay_email":"","footnotes":""},"class_list":["post-5667","page","type-page","status-publish","hentry"],"_links":{"self":[{"href":"https:\/\/www.humbertoramos.net\/cifras\/wp-json\/wp\/v2\/pages\/5667","targetHints":{"allow":["GET"]}}],"collection":[{"href":"https:\/\/www.humbertoramos.net\/cifras\/wp-json\/wp\/v2\/pages"}],"about":[{"href":"https:\/\/www.humbertoramos.net\/cifras\/wp-json\/wp\/v2\/types\/page"}],"author":[{"embeddable":true,"href":"https:\/\/www.humbertoramos.net\/cifras\/wp-json\/wp\/v2\/users\/1"}],"replies":[{"embeddable":true,"href":"https:\/\/www.humbertoramos.net\/cifras\/wp-json\/wp\/v2\/comments?post=5667"}],"version-history":[{"count":2,"href":"https:\/\/www.humbertoramos.net\/cifras\/wp-json\/wp\/v2\/pages\/5667\/revisions"}],"predecessor-version":[{"id":5669,"href":"https:\/\/www.humbertoramos.net\/cifras\/wp-json\/wp\/v2\/pages\/5667\/revisions\/5669"}],"up":[{"embeddable":true,"href":"https:\/\/www.humbertoramos.net\/cifras\/wp-json\/wp\/v2\/pages\/4"}],"wp:attachment":[{"href":"https:\/\/www.humbertoramos.net\/cifras\/wp-json\/wp\/v2\/media?parent=5667"}],"curies":[{"name":"wp","href":"https:\/\/api.w.org\/{rel}","templated":true}]}}