{"id":5671,"date":"2025-04-26T10:45:56","date_gmt":"2025-04-26T10:45:56","guid":{"rendered":"https:\/\/www.humbertoramos.net\/cifras\/?page_id=5671"},"modified":"2025-04-26T10:45:56","modified_gmt":"2025-04-26T10:45:56","slug":"afropalm-italia","status":"publish","type":"page","link":"https:\/\/www.humbertoramos.net\/cifras\/letras-e-cifras\/afropalm-italia\/","title":{"rendered":"AfroPalm -It\u00e1lia"},"content":{"rendered":"<p>&nbsp;<\/p>\n<h5>Associa\u00e7\u00f5es Cabo-Verdianas em It\u00e1lia<\/h5>\n<h5>\ud83e\udd1d Associa\u00e7\u00f5es<\/h5>\n<ul>\n<li><a href=\"https:\/\/www.vaticannews.va\/pt\/africa\/news\/2018-04\/associacao-de-mulheres-de-cabo-verde-em-italia-comemora-30-anos-.html\" target=\"_blank\" rel=\"noopener\"><br \/>\nAssocia\u00e7\u00e3o das Mulheres Cabo-Verdianas em It\u00e1lia (OMCVI)<br \/>\n<\/a><br \/>\n<a href=\"https:\/\/www.google.com\/maps\/search\/?api=1&amp;query=Roma+It\u00e1lia\" target=\"_blank\" rel=\"noopener\">Localiza\u00e7\u00e3o: Roma<\/a><\/li>\n<li><a href=\"https:\/\/www.vaticannews.va\/pt\/africa\/news\/2022-05\/comunidade-caboverdiana-em-roma-celebra-jubileu-de-ouro.html\" target=\"_blank\" rel=\"noopener\"><br \/>\nCentro Cabo-Verdiano Nossa Senhora do Ros\u00e1rio (Tra-Noi) \u2013 Roma<br \/>\n<\/a><br \/>\n<a href=\"https:\/\/www.google.com\/maps\/search\/?api=1&amp;query=Centro+Cabo-Verdiano+Nossa+Senhora+do+Ros\u00e1rio+Roma\" target=\"_blank\" rel=\"noopener\">Localiza\u00e7\u00e3o: Roma<\/a><\/li>\n<li><a href=\"https:\/\/expressodasilhas.cv\/pais\/2016\/01\/23\/kriol-ita-quer-envolver-maior-numero-de-instituicoes-dos-dois-paises\/47349\" target=\"_blank\" rel=\"noopener\"><br \/>\nKriol-It\u00e0 \u2013 Roma<br \/>\n<\/a><br \/>\n<a href=\"https:\/\/www.google.com\/maps\/search\/?api=1&amp;query=Kriol-It\u00e0+Roma\" target=\"_blank\" rel=\"noopener\">Localiza\u00e7\u00e3o: Roma<\/a><\/li>\n<li><a href=\"https:\/\/www.governo.cv\/governo-galardoou-a-associacao-missionaria-de-solidariedade-e-desenvolvimento-de-italia\/\" target=\"_blank\" rel=\"noopener\"><br \/>\nAssocia\u00e7\u00e3o Mission\u00e1ria de Solidariedade e Desenvolvimento<br \/>\n<\/a><br \/>\n<a href=\"https:\/\/www.google.com\/maps\/search\/?api=1&amp;query=It\u00e1lia\" target=\"_blank\" rel=\"noopener\">Localiza\u00e7\u00e3o: It\u00e1lia<\/a><\/li>\n<li><a href=\"https:\/\/www.anacao.cv\/noticia\/2023\/10\/21\/empreendedores-cabo-verdianos-na-diaspora-realizam-primeira-edicao-de-venda-exposicao-em-italia\/\" target=\"_blank\" rel=\"noopener\"><br \/>\nGrupo de Empreendedores Cabo-Verdianos na Di\u00e1spora<br \/>\n<\/a><br \/>\n<a href=\"https:\/\/www.google.com\/maps\/search\/?api=1&amp;query=It\u00e1lia\" target=\"_blank\" rel=\"noopener\">Localiza\u00e7\u00e3o: It\u00e1lia<\/a><\/li>\n<\/ul>\n<p>&nbsp;<\/p>\n","protected":false},"excerpt":{"rendered":"<p>&nbsp; Associa\u00e7\u00f5es Cabo-Verdianas em It\u00e1lia \ud83e\udd1d Associa\u00e7\u00f5es Associa\u00e7\u00e3o das Mulheres Cabo-Verdianas em It\u00e1lia (OMCVI) Localiza\u00e7\u00e3o: Roma Centro Cabo-Verdiano Nossa Senhora do Ros\u00e1rio (Tra-Noi) \u2013 Roma Localiza\u00e7\u00e3o: Roma Kriol-It\u00e0 \u2013 Roma [&hellip;]<\/p>\n","protected":false},"author":1,"featured_media":0,"parent":4,"menu_order":0,"comment_status":"closed","ping_status":"closed","template":"","meta":{"spay_email":"","footnotes":""},"class_list":["post-5671","page","type-page","status-publish","hentry"],"_links":{"self":[{"href":"https:\/\/www.humbertoramos.net\/cifras\/wp-json\/wp\/v2\/pages\/5671","targetHints":{"allow":["GET"]}}],"collection":[{"href":"https:\/\/www.humbertoramos.net\/cifras\/wp-json\/wp\/v2\/pages"}],"about":[{"href":"https:\/\/www.humbertoramos.net\/cifras\/wp-json\/wp\/v2\/types\/page"}],"author":[{"embeddable":true,"href":"https:\/\/www.humbertoramos.net\/cifras\/wp-json\/wp\/v2\/users\/1"}],"replies":[{"embeddable":true,"href":"https:\/\/www.humbertoramos.net\/cifras\/wp-json\/wp\/v2\/comments?post=5671"}],"version-history":[{"count":1,"href":"https:\/\/www.humbertoramos.net\/cifras\/wp-json\/wp\/v2\/pages\/5671\/revisions"}],"predecessor-version":[{"id":5672,"href":"https:\/\/www.humbertoramos.net\/cifras\/wp-json\/wp\/v2\/pages\/5671\/revisions\/5672"}],"up":[{"embeddable":true,"href":"https:\/\/www.humbertoramos.net\/cifras\/wp-json\/wp\/v2\/pages\/4"}],"wp:attachment":[{"href":"https:\/\/www.humbertoramos.net\/cifras\/wp-json\/wp\/v2\/media?parent=5671"}],"curies":[{"name":"wp","href":"https:\/\/api.w.org\/{rel}","templated":true}]}}